{"id":136003,"date":"2020-03-17T07:54:51","date_gmt":"2020-03-17T06:54:51","guid":{"rendered":"https:\/\/lediamant.ch\/produit\/schmuck-de\/anhanger-de\/sternzeichen-anhaenger-de\/750-gold-krebs-anhanger-2\/"},"modified":"2026-03-07T12:25:37","modified_gmt":"2026-03-07T11:25:37","slug":"pendentif-cancer-or-750-2","status":"publish","type":"product","link":"https:\/\/lediamant.ch\/de\/schmuck\/136003-anhaenger-weissgold-750\/18-kt-sternzeichen-krebs-1254060420700\/","title":{"rendered":"Anh\u00e4nger aus Wei\u00dfgold 750\/18 ct. Sternzeichen Krebs"},"content":{"rendered":"<p>Dieser zarte Anh\u00e4nger ist eine raffinierte Darstellung des Tierkreiszeichens Krebs. Hergestellt aus 750\/18 ct Wei\u00dfgold ist dieses Schmuckst\u00fcck elegant und bedeutungsvoll zugleich. Das Design des Sternzeichens ist fein in den Anh\u00e4nger eingraviert und verleiht Ihrem Stil eine pers\u00f6nliche Note. Perfekt als Geburtstagsgeschenk oder um Ihr Sternzeichen zu feiern, ist dieser Anh\u00e4nger eine wertvolle Erg\u00e4nzung f\u00fcr jede Schmucksammlung.   <\/p>\n","protected":false},"excerpt":{"rendered":"<p>Dieser zarte Anh\u00e4nger ist eine raffinierte Darstellung des Tierkreiszeichens Krebs. Hergestellt aus 750\/18 ct Wei\u00dfgold ist dieses Schmuckst\u00fcck elegant und bedeutungsvoll zugleich. Das Design des Sternzeichens ist fein in den Anh\u00e4nger eingraviert und verleiht Ihrem Stil eine pers\u00f6nliche Note. Perfekt als Geburtstagsgeschenk oder um Ihr Sternzeichen zu feiern, ist dieser Anh\u00e4nger eine wertvolle Erg\u00e4nzung f\u00fcr &#8230; <a title=\"Anh\u00e4nger aus Wei\u00dfgold 750\/18 ct. Sternzeichen Krebs\" class=\"read-more\" href=\"https:\/\/lediamant.ch\/de\/schmuck\/136003-anhaenger-weissgold-750\/18-kt-sternzeichen-krebs-1254060420700\/\" aria-label=\"Mehr Informationen \u00fcber Anh\u00e4nger aus Wei\u00dfgold 750\/18 ct. Sternzeichen Krebs\">Weiterlesen &#8230;<\/a><\/p>\n","protected":false},"featured_media":136001,"template":"","meta":{"_acf_changed":false,"_seopress_robots_primary_cat":"27258","_seopress_titles_title":"%%post_title%%","_seopress_titles_desc":"Entdecken Sie unseren eleganten Krebsanh\u00e4nger aus 750\/18 ct Wei\u00dfgold, der Ihren astrologischen Stil perfekt zum Ausdruck bringt. Ideal als Geschenk! ","_seopress_robots_index":""},"brand":[27089],"product_brand":[],"product_cat":[27155,27121,27169,27259,27145,27135],"product_tag":[],"class_list":{"0":"post-136003","1":"product","2":"type-product","3":"status-publish","4":"has-post-thumbnail","6":"brand-gold-jewellery-de","7":"product_cat-anhanger","8":"product_cat-schmuck","9":"product_cat-sternzeichen","10":"product_cat-sternzeichen-anhanger","11":"product_cat-text-hinten","12":"product_cat-zum-gravieren","13":"pa_dimensions-13-x-13-mm","14":"pa_garantie-12monate","15":"pa_genre-frau","16":"pa_genre-kind","17":"pa_genre-mann","18":"pa_matiere-75018ktweissgold","19":"pa_motif-sternzeichen","20":"sales-flash-overlay","21":"woocommerce-text-align-center","22":"woocommerce-image-align-center","23":"do-quantity-buttons","25":"first","26":"instock","27":"taxable","28":"shipping-taxable","29":"purchasable","30":"product-type-simple"},"acf":[],"_links":{"self":[{"href":"https:\/\/lediamant.ch\/de\/wp-json\/wp\/v2\/product\/136003","targetHints":{"allow":["GET"]}}],"collection":[{"href":"https:\/\/lediamant.ch\/de\/wp-json\/wp\/v2\/product"}],"about":[{"href":"https:\/\/lediamant.ch\/de\/wp-json\/wp\/v2\/types\/product"}],"wp:featuredmedia":[{"embeddable":true,"href":"https:\/\/lediamant.ch\/de\/wp-json\/wp\/v2\/media\/136001"}],"wp:attachment":[{"href":"https:\/\/lediamant.ch\/de\/wp-json\/wp\/v2\/media?parent=136003"}],"wp:term":[{"taxonomy":"brand","embeddable":true,"href":"https:\/\/lediamant.ch\/de\/wp-json\/wp\/v2\/brand?post=136003"},{"taxonomy":"product_brand","embeddable":true,"href":"https:\/\/lediamant.ch\/de\/wp-json\/wp\/v2\/product_brand?post=136003"},{"taxonomy":"product_cat","embeddable":true,"href":"https:\/\/lediamant.ch\/de\/wp-json\/wp\/v2\/product_cat?post=136003"},{"taxonomy":"product_tag","embeddable":true,"href":"https:\/\/lediamant.ch\/de\/wp-json\/wp\/v2\/product_tag?post=136003"}],"curies":[{"name":"wp","href":"https:\/\/api.w.org\/{rel}","templated":true}]}}