{"id":136019,"date":"2020-03-17T07:55:04","date_gmt":"2020-03-17T06:55:04","guid":{"rendered":"https:\/\/lediamant.ch\/produit\/schmuck-de\/anhanger-de\/sternzeichen-anhaenger-de\/750-gold-scorpion-anhanger-2\/"},"modified":"2026-03-07T12:09:46","modified_gmt":"2026-03-07T11:09:46","slug":"pendentif-scorpion-or-750-2","status":"publish","type":"product","link":"https:\/\/lediamant.ch\/de\/schmuck\/136019-anhaenger-weissgold-750-18-kt-sternzeichen-skorpion-125406042\/1100\/","title":{"rendered":"Anh\u00e4nger aus Wei\u00dfgold 750\/18 ct. Sternzeichen Skorpion"},"content":{"rendered":"<p>Entdecken Sie unseren Sternzeichenanh\u00e4nger Skorpion, der sorgf\u00e4ltig aus 750\/18 Karat Wei\u00dfgold gefertigt wurde. Mit seinen pr\u00e4zisen und zarten Details ist dieses Schmuckst\u00fcck eine k\u00fcnstlerische Darstellung Ihres Sternzeichens, was es pers\u00f6nlich und bedeutungsvoll macht. Dank seines klaren und raffinierten Designs l\u00e4sst es sich problemlos im Alltag tragen, entweder allein oder in Kombination mit anderen Halsketten. Eine perfekte Wahl f\u00fcr ein Geburtstagsgeschenk oder eine besondere Aufmerksamkeit f\u00fcr Personen, die im Zeichen des Skorpions geboren wurden.   <\/p>\n","protected":false},"excerpt":{"rendered":"<p>Entdecken Sie unseren Sternzeichenanh\u00e4nger Skorpion, der sorgf\u00e4ltig aus 750\/18 Karat Wei\u00dfgold gefertigt wurde. Mit seinen pr\u00e4zisen und zarten Details ist dieses Schmuckst\u00fcck eine k\u00fcnstlerische Darstellung Ihres Sternzeichens, was es pers\u00f6nlich und bedeutungsvoll macht. Dank seines klaren und raffinierten Designs l\u00e4sst es sich problemlos im Alltag tragen, entweder allein oder in Kombination mit anderen Halsketten. Eine &#8230; <a title=\"Anh\u00e4nger aus Wei\u00dfgold 750\/18 ct. Sternzeichen Skorpion\" class=\"read-more\" href=\"https:\/\/lediamant.ch\/de\/schmuck\/136019-anhaenger-weissgold-750-18-kt-sternzeichen-skorpion-125406042\/1100\/\" aria-label=\"Mehr Informationen \u00fcber Anh\u00e4nger aus Wei\u00dfgold 750\/18 ct. Sternzeichen Skorpion\">Weiterlesen &#8230;<\/a><\/p>\n","protected":false},"featured_media":136017,"template":"","meta":{"_acf_changed":false,"_seopress_robots_primary_cat":"27258","_seopress_titles_title":"%%post_title%%","_seopress_titles_desc":"Entdecken Sie den Skorpion-Anh\u00e4nger aus 18 Karat Wei\u00dfgold, ein zartes und raffiniertes Schmuckst\u00fcck, das perfekt f\u00fcr Skorpione geeignet ist. Ideal f\u00fcr ein einzigartiges Geschenk. ","_seopress_robots_index":""},"brand":[27089],"product_brand":[],"product_cat":[27155,27121,27169,27259,27145,27135],"product_tag":[],"class_list":{"0":"post-136019","1":"product","2":"type-product","3":"status-publish","4":"has-post-thumbnail","6":"brand-gold-jewellery-de","7":"product_cat-anhanger","8":"product_cat-schmuck","9":"product_cat-sternzeichen","10":"product_cat-sternzeichen-anhanger","11":"product_cat-text-hinten","12":"product_cat-zum-gravieren","13":"pa_dimensions-13-x-13-mm","14":"pa_garantie-12monate","15":"pa_genre-frau","16":"pa_genre-kind","17":"pa_genre-mann","18":"pa_matiere-75018ktweissgold","19":"pa_motif-sternzeichen","20":"sales-flash-overlay","21":"woocommerce-text-align-center","22":"woocommerce-image-align-center","23":"do-quantity-buttons","25":"first","26":"instock","27":"taxable","28":"shipping-taxable","29":"purchasable","30":"product-type-simple"},"acf":[],"_links":{"self":[{"href":"https:\/\/lediamant.ch\/de\/wp-json\/wp\/v2\/product\/136019","targetHints":{"allow":["GET"]}}],"collection":[{"href":"https:\/\/lediamant.ch\/de\/wp-json\/wp\/v2\/product"}],"about":[{"href":"https:\/\/lediamant.ch\/de\/wp-json\/wp\/v2\/types\/product"}],"wp:featuredmedia":[{"embeddable":true,"href":"https:\/\/lediamant.ch\/de\/wp-json\/wp\/v2\/media\/136017"}],"wp:attachment":[{"href":"https:\/\/lediamant.ch\/de\/wp-json\/wp\/v2\/media?parent=136019"}],"wp:term":[{"taxonomy":"brand","embeddable":true,"href":"https:\/\/lediamant.ch\/de\/wp-json\/wp\/v2\/brand?post=136019"},{"taxonomy":"product_brand","embeddable":true,"href":"https:\/\/lediamant.ch\/de\/wp-json\/wp\/v2\/product_brand?post=136019"},{"taxonomy":"product_cat","embeddable":true,"href":"https:\/\/lediamant.ch\/de\/wp-json\/wp\/v2\/product_cat?post=136019"},{"taxonomy":"product_tag","embeddable":true,"href":"https:\/\/lediamant.ch\/de\/wp-json\/wp\/v2\/product_tag?post=136019"}],"curies":[{"name":"wp","href":"https:\/\/api.w.org\/{rel}","templated":true}]}}