{"id":136041,"date":"2020-03-17T07:55:17","date_gmt":"2020-03-17T06:55:17","guid":{"rendered":"https:\/\/lediamant.ch\/produit\/schmuck-de\/anhanger-de\/sternzeichen-anhaenger-de\/750-gold-fisch-anhanger-3\/"},"modified":"2026-03-07T12:07:01","modified_gmt":"2026-03-07T11:07:01","slug":"anhaenger-fisch-gold-750-2","status":"publish","type":"product","link":"https:\/\/lediamant.ch\/de\/schmuck\/136041-anhaenger-gelbgold-750-18-kt-sternzeichen-fisch-115405005\/0300\/","title":{"rendered":"Anh\u00e4nger aus Gelbgold 750\/18 ct, Sternzeichen Fisch"},"content":{"rendered":"<p>Entdecken Sie unseren eleganten Anh\u00e4nger aus 750\/18 ct. Gelbgold, der das Sternzeichen Fisch darstellt. Dieses zarte Schmuckst\u00fcck ist die perfekte Wahl f\u00fcr alle, die zwischen dem 19. Februar und dem 20. M\u00e4rz geboren wurden, oder f\u00fcr jeden, der sich f\u00fcr Astrologie interessiert. Sein klares Design und das funkelnde Gold machen es zu einem vielseitigen Accessoire, das perfekt zu jedem Outfit passt. Tragen Sie Ihr Sternzeichen mit Stil und Eleganz mit diesem einzigartigen Anh\u00e4nger.<\/p>\n","protected":false},"excerpt":{"rendered":"<p>Entdecken Sie unseren eleganten Anh\u00e4nger aus 750\/18 ct. Gelbgold, der das Sternzeichen Fisch darstellt. Dieses zarte Schmuckst\u00fcck ist die perfekte Wahl f\u00fcr alle, die zwischen dem 19. Februar und dem 20. M\u00e4rz geboren wurden, oder f\u00fcr jeden, der sich f\u00fcr Astrologie interessiert. Sein klares Design und das funkelnde Gold machen es zu einem vielseitigen Accessoire, &#8230; <a title=\"Anh\u00e4nger aus Gelbgold 750\/18 ct, Sternzeichen Fisch\" class=\"read-more\" href=\"https:\/\/lediamant.ch\/de\/schmuck\/136041-anhaenger-gelbgold-750-18-kt-sternzeichen-fisch-115405005\/0300\/\" aria-label=\"Mehr Informationen \u00fcber Anh\u00e4nger aus Gelbgold 750\/18 ct, Sternzeichen Fisch\">Weiterlesen &#8230;<\/a><\/p>\n","protected":false},"featured_media":136037,"template":"","meta":{"_acf_changed":false,"_seopress_robots_primary_cat":"27258","_seopress_titles_title":"%%post_title%%","_seopress_titles_desc":"Veredeln Sie Ihren Stil mit unserem Fisch-Anh\u00e4nger aus Gelbgold, der ideal f\u00fcr Astrologie-Fans ist, die zwischen Februar und M\u00e4rz geboren wurden.","_seopress_robots_index":""},"brand":[27089],"product_brand":[],"product_cat":[27155,27371,27121,27169,27259],"product_tag":[],"class_list":{"0":"post-136041","1":"product","2":"type-product","3":"status-publish","4":"has-post-thumbnail","6":"brand-gold-jewellery-de","7":"product_cat-anhanger","8":"product_cat-engel-anhanger","9":"product_cat-schmuck","10":"product_cat-sternzeichen","11":"product_cat-sternzeichen-anhanger","12":"pa_dimensions-12-mm","13":"pa_garantie-12monate","14":"pa_genre-frau","15":"pa_matiere-75018ktgelbgold","16":"pa_motif-sternzeichen","17":"sales-flash-overlay","18":"woocommerce-text-align-center","19":"woocommerce-image-align-center","20":"do-quantity-buttons","22":"first","23":"instock","24":"taxable","25":"shipping-taxable","26":"purchasable","27":"product-type-simple"},"acf":[],"_links":{"self":[{"href":"https:\/\/lediamant.ch\/de\/wp-json\/wp\/v2\/product\/136041","targetHints":{"allow":["GET"]}}],"collection":[{"href":"https:\/\/lediamant.ch\/de\/wp-json\/wp\/v2\/product"}],"about":[{"href":"https:\/\/lediamant.ch\/de\/wp-json\/wp\/v2\/types\/product"}],"wp:featuredmedia":[{"embeddable":true,"href":"https:\/\/lediamant.ch\/de\/wp-json\/wp\/v2\/media\/136037"}],"wp:attachment":[{"href":"https:\/\/lediamant.ch\/de\/wp-json\/wp\/v2\/media?parent=136041"}],"wp:term":[{"taxonomy":"brand","embeddable":true,"href":"https:\/\/lediamant.ch\/de\/wp-json\/wp\/v2\/brand?post=136041"},{"taxonomy":"product_brand","embeddable":true,"href":"https:\/\/lediamant.ch\/de\/wp-json\/wp\/v2\/product_brand?post=136041"},{"taxonomy":"product_cat","embeddable":true,"href":"https:\/\/lediamant.ch\/de\/wp-json\/wp\/v2\/product_cat?post=136041"},{"taxonomy":"product_tag","embeddable":true,"href":"https:\/\/lediamant.ch\/de\/wp-json\/wp\/v2\/product_tag?post=136041"}],"curies":[{"name":"wp","href":"https:\/\/api.w.org\/{rel}","templated":true}]}}