{"id":136071,"date":"2020-03-17T07:55:28","date_gmt":"2020-03-17T06:55:28","guid":{"rendered":"https:\/\/lediamant.ch\/produit\/schmuck-de\/anhanger-de\/sternzeichen-anhaenger-de\/750-gold-lion-anhanger-6\/"},"modified":"2026-03-07T12:05:58","modified_gmt":"2026-03-07T11:05:58","slug":"pendentif-lion-or-750-6","status":"publish","type":"product","link":"https:\/\/lediamant.ch\/de\/schmuck\/136071-anhaenger-gelbgold-750-18-kt-sternzeichen-loewe-1154050050800\/","title":{"rendered":"Anh\u00e4nger aus Gelbgold 750\/18 ct. Sternzeichen L\u00f6we"},"content":{"rendered":"<p>Dieser elegante Anh\u00e4nger aus 750\/18 ct Gelbgold ist eine Hommage an das Tierkreiszeichen des L\u00f6wen. Der Anh\u00e4nger wurde mit viel Liebe zum Detail gefertigt und zeigt das L\u00f6wensymbol mit einer pr\u00e4zisen Gravur. Das feine und raffinierte Design macht ihn zur perfekten Wahl f\u00fcr alle, die ihr Sternzeichen mit Stil tragen m\u00f6chten. Er ist auch ein ideales Geschenk f\u00fcr Menschen, die im Sternzeichen des L\u00f6wen geboren wurden und f\u00fcr ihren Mut, ihre Kreativit\u00e4t und ihre F\u00fchrungsqualit\u00e4ten bekannt sind.   <\/p>\n","protected":false},"excerpt":{"rendered":"<p>Dieser elegante Anh\u00e4nger aus 750\/18 ct Gelbgold ist eine Hommage an das Tierkreiszeichen des L\u00f6wen. Der Anh\u00e4nger wurde mit viel Liebe zum Detail gefertigt und zeigt das L\u00f6wensymbol mit einer pr\u00e4zisen Gravur. Das feine und raffinierte Design macht ihn zur perfekten Wahl f\u00fcr alle, die ihr Sternzeichen mit Stil tragen m\u00f6chten. Er ist auch ein &#8230; <a title=\"Anh\u00e4nger aus Gelbgold 750\/18 ct. Sternzeichen L\u00f6we\" class=\"read-more\" href=\"https:\/\/lediamant.ch\/de\/schmuck\/136071-anhaenger-gelbgold-750-18-kt-sternzeichen-loewe-1154050050800\/\" aria-label=\"Mehr Informationen \u00fcber Anh\u00e4nger aus Gelbgold 750\/18 ct. Sternzeichen L\u00f6we\">Weiterlesen &#8230;<\/a><\/p>\n","protected":false},"featured_media":136067,"template":"","meta":{"_acf_changed":false,"_seopress_robots_primary_cat":"27258","_seopress_titles_title":"%%post_title%%","_seopress_titles_desc":"Entdecken Sie unseren L\u00f6wenanh\u00e4nger aus 18 Karat Gelbgold, ein elegantes Schmuckst\u00fcck, das die Essenz Ihres Sternzeichens einf\u00e4ngt. Ideal f\u00fcr ein einzigartiges Geschenk! ","_seopress_robots_index":""},"brand":[27089],"product_brand":[],"product_cat":[27121,27155,27259,27371,27169],"product_tag":[],"class_list":{"0":"post-136071","1":"product","2":"type-product","3":"status-publish","4":"has-post-thumbnail","6":"brand-gold-jewellery-de","7":"product_cat-schmuck","8":"product_cat-anhanger","9":"product_cat-sternzeichen-anhanger","10":"product_cat-engel-anhanger","11":"product_cat-sternzeichen","12":"pa_dimensions-12-mm","13":"pa_garantie-12monate","14":"pa_genre-frau","15":"pa_matiere-75018ktgelbgold","16":"pa_motif-sternzeichen","17":"sales-flash-overlay","18":"woocommerce-text-align-center","19":"woocommerce-image-align-center","20":"do-quantity-buttons","22":"first","23":"instock","24":"taxable","25":"shipping-taxable","26":"purchasable","27":"product-type-simple"},"acf":[],"_links":{"self":[{"href":"https:\/\/lediamant.ch\/de\/wp-json\/wp\/v2\/product\/136071","targetHints":{"allow":["GET"]}}],"collection":[{"href":"https:\/\/lediamant.ch\/de\/wp-json\/wp\/v2\/product"}],"about":[{"href":"https:\/\/lediamant.ch\/de\/wp-json\/wp\/v2\/types\/product"}],"wp:featuredmedia":[{"embeddable":true,"href":"https:\/\/lediamant.ch\/de\/wp-json\/wp\/v2\/media\/136067"}],"wp:attachment":[{"href":"https:\/\/lediamant.ch\/de\/wp-json\/wp\/v2\/media?parent=136071"}],"wp:term":[{"taxonomy":"brand","embeddable":true,"href":"https:\/\/lediamant.ch\/de\/wp-json\/wp\/v2\/brand?post=136071"},{"taxonomy":"product_brand","embeddable":true,"href":"https:\/\/lediamant.ch\/de\/wp-json\/wp\/v2\/product_brand?post=136071"},{"taxonomy":"product_cat","embeddable":true,"href":"https:\/\/lediamant.ch\/de\/wp-json\/wp\/v2\/product_cat?post=136071"},{"taxonomy":"product_tag","embeddable":true,"href":"https:\/\/lediamant.ch\/de\/wp-json\/wp\/v2\/product_tag?post=136071"}],"curies":[{"name":"wp","href":"https:\/\/api.w.org\/{rel}","templated":true}]}}