{"id":136167,"date":"2020-03-17T07:56:01","date_gmt":"2020-03-17T06:56:01","guid":{"rendered":"https:\/\/lediamant.ch\/produit\/schmuck-de\/anhanger-de\/sternzeichen-anhaenger-de\/750-gold-schutze-anhanger-4\/"},"modified":"2026-01-22T17:06:51","modified_gmt":"2026-01-22T16:06:51","slug":"anhaenger-sagittarius-gold-750-4","status":"publish","type":"product","link":"https:\/\/lediamant.ch\/de\/schmuck\/136167-anhaenger-weissgold-750-18-kt-sternzeichen-schuetze-1254050051200\/","title":{"rendered":"Anh\u00e4nger 750\/18 ct. Wei\u00dfgold, Sternzeichen Sch\u00fctze"},"content":{"rendered":"<p>Dieser zarte Anh\u00e4nger ist eine exquisite Darstellung des Sternzeichens Sch\u00fctze, perfekt f\u00fcr alle, die zwischen dem 22. November und dem 21. Dezember geboren wurden. Hergestellt aus 750\/18 ct. Wei\u00dfgold bietet dieses Schmuckst\u00fcck einen subtilen Glanz und zeitlose Eleganz. Das minimalistische Design ist sowohl modern als auch anspruchsvoll, was es zu einer vielseitigen Wahl f\u00fcr jeden Anlass macht. Ob Sie nun ein stolzer Sch\u00fctze sind oder ein bedeutungsvolles Geschenk f\u00fcr einen geliebten Menschen suchen, dieser Anh\u00e4nger ist eine elegante Art, Ihr Sternzeichen zu tragen.<\/p>\n","protected":false},"excerpt":{"rendered":"<p>Dieser zarte Anh\u00e4nger ist eine exquisite Darstellung des Sternzeichens Sch\u00fctze, perfekt f\u00fcr alle, die zwischen dem 22. November und dem 21. Dezember geboren wurden. Hergestellt aus 750\/18 ct. Wei\u00dfgold bietet dieses Schmuckst\u00fcck einen subtilen Glanz und zeitlose Eleganz. Das minimalistische Design ist sowohl modern als auch anspruchsvoll, was es zu einer vielseitigen Wahl f\u00fcr jeden &#8230; <a title=\"Anh\u00e4nger 750\/18 ct. Wei\u00dfgold, Sternzeichen Sch\u00fctze\" class=\"read-more\" href=\"https:\/\/lediamant.ch\/de\/schmuck\/136167-anhaenger-weissgold-750-18-kt-sternzeichen-schuetze-1254050051200\/\" aria-label=\"Mehr Informationen \u00fcber Anh\u00e4nger 750\/18 ct. Wei\u00dfgold, Sternzeichen Sch\u00fctze\">Weiterlesen &#8230;<\/a><\/p>\n","protected":false},"featured_media":136163,"template":"","meta":{"_acf_changed":false,"_seopress_robots_primary_cat":"27258","_seopress_titles_title":"%%post_title%%","_seopress_titles_desc":"","_seopress_robots_index":""},"brand":[27089],"product_brand":[],"product_cat":[27155,27371,27121,27169,27259],"product_tag":[],"class_list":{"0":"post-136167","1":"product","2":"type-product","3":"status-publish","4":"has-post-thumbnail","6":"brand-gold-jewellery-de","7":"product_cat-anhanger","8":"product_cat-engel-anhanger","9":"product_cat-schmuck","10":"product_cat-sternzeichen","11":"product_cat-sternzeichen-anhanger","12":"pa_dimensions-groesse-12-mm","13":"pa_garantie-12monate","14":"pa_genre-frau","15":"pa_genre-kind","16":"pa_genre-mann","17":"pa_matiere-75018ktweissgold","18":"pa_motif-sternzeichen","19":"sales-flash-overlay","20":"woocommerce-text-align-center","21":"woocommerce-image-align-center","22":"do-quantity-buttons","24":"first","25":"instock","26":"taxable","27":"shipping-taxable","28":"purchasable","29":"product-type-simple"},"acf":[],"_links":{"self":[{"href":"https:\/\/lediamant.ch\/de\/wp-json\/wp\/v2\/product\/136167","targetHints":{"allow":["GET"]}}],"collection":[{"href":"https:\/\/lediamant.ch\/de\/wp-json\/wp\/v2\/product"}],"about":[{"href":"https:\/\/lediamant.ch\/de\/wp-json\/wp\/v2\/types\/product"}],"wp:featuredmedia":[{"embeddable":true,"href":"https:\/\/lediamant.ch\/de\/wp-json\/wp\/v2\/media\/136163"}],"wp:attachment":[{"href":"https:\/\/lediamant.ch\/de\/wp-json\/wp\/v2\/media?parent=136167"}],"wp:term":[{"taxonomy":"brand","embeddable":true,"href":"https:\/\/lediamant.ch\/de\/wp-json\/wp\/v2\/brand?post=136167"},{"taxonomy":"product_brand","embeddable":true,"href":"https:\/\/lediamant.ch\/de\/wp-json\/wp\/v2\/product_brand?post=136167"},{"taxonomy":"product_cat","embeddable":true,"href":"https:\/\/lediamant.ch\/de\/wp-json\/wp\/v2\/product_cat?post=136167"},{"taxonomy":"product_tag","embeddable":true,"href":"https:\/\/lediamant.ch\/de\/wp-json\/wp\/v2\/product_tag?post=136167"}],"curies":[{"name":"wp","href":"https:\/\/api.w.org\/{rel}","templated":true}]}}