{"id":136171,"date":"2020-03-17T07:56:01","date_gmt":"2020-03-17T06:56:01","guid":{"rendered":"https:\/\/lediamant.ch\/produit\/schmuck-de\/anhanger-de\/sternzeichen-anhaenger-de\/750-gold-steinbock-anhanger-5\/"},"modified":"2026-03-07T12:00:55","modified_gmt":"2026-03-07T11:00:55","slug":"anhaenger-capricorn-gold-750-5","status":"publish","type":"product","link":"https:\/\/lediamant.ch\/de\/schmuck\/136171-anhaenger-gelbgold-750-18-kt-sternzeichen-steinbock-1154060350100\/","title":{"rendered":"Anh\u00e4nger aus Gelbgold 750\/18 ct. Sternzeichen Steinbock"},"content":{"rendered":"<p>Dieser elegante Anh\u00e4nger aus 750\/18 ct Gelbgold wurde f\u00fcr Personen entworfen, die im Tierkreiszeichen Steinbock geboren sind. Er stellt das Symbol des Steinbocks dar, ein Erdzeichen, das f\u00fcr seine Entschlossenheit und Ausdauer bekannt ist. Dieser Anh\u00e4nger wurde mit Pr\u00e4zision und Sorgfalt hergestellt und ist die perfekte Wahl f\u00fcr alle, die ihr Sternzeichen mit Stil und Raffinesse tragen m\u00f6chten. Er kann allein oder in Kombination mit anderen Schmuckst\u00fccken getragen werden, um einen einzigartigen Look zu kreieren. Ein ideales Geschenk f\u00fcr einen Geburtstag oder einen besonderen Anlass.    <\/p>\n","protected":false},"excerpt":{"rendered":"<p>Dieser elegante Anh\u00e4nger aus 750\/18 ct Gelbgold wurde f\u00fcr Personen entworfen, die im Tierkreiszeichen Steinbock geboren sind. Er stellt das Symbol des Steinbocks dar, ein Erdzeichen, das f\u00fcr seine Entschlossenheit und Ausdauer bekannt ist. Dieser Anh\u00e4nger wurde mit Pr\u00e4zision und Sorgfalt hergestellt und ist die perfekte Wahl f\u00fcr alle, die ihr Sternzeichen mit Stil und &#8230; <a title=\"Anh\u00e4nger aus Gelbgold 750\/18 ct. Sternzeichen Steinbock\" class=\"read-more\" href=\"https:\/\/lediamant.ch\/de\/schmuck\/136171-anhaenger-gelbgold-750-18-kt-sternzeichen-steinbock-1154060350100\/\" aria-label=\"Mehr Informationen \u00fcber Anh\u00e4nger aus Gelbgold 750\/18 ct. Sternzeichen Steinbock\">Weiterlesen &#8230;<\/a><\/p>\n","protected":false},"featured_media":136169,"template":"","meta":{"_acf_changed":false,"_seopress_robots_primary_cat":"27258","_seopress_titles_title":"%%post_title%%","_seopress_titles_desc":"","_seopress_robots_index":""},"brand":[27089],"product_brand":[],"product_cat":[27155,27121,27169,27259],"product_tag":[],"class_list":{"0":"post-136171","1":"product","2":"type-product","3":"status-publish","4":"has-post-thumbnail","6":"brand-gold-jewellery-de","7":"product_cat-anhanger","8":"product_cat-schmuck","9":"product_cat-sternzeichen","10":"product_cat-sternzeichen-anhanger","11":"pa_dimensions-groesse-9-mm","12":"pa_garantie-12monate","13":"pa_genre-frau","14":"pa_genre-kind","15":"pa_genre-mann","16":"pa_matiere-75018ktgelbgold","17":"pa_motif-sternzeichen","18":"sales-flash-overlay","19":"woocommerce-text-align-center","20":"woocommerce-image-align-center","21":"do-quantity-buttons","23":"first","24":"instock","25":"taxable","26":"shipping-taxable","27":"purchasable","28":"product-type-simple"},"acf":[],"_links":{"self":[{"href":"https:\/\/lediamant.ch\/de\/wp-json\/wp\/v2\/product\/136171","targetHints":{"allow":["GET"]}}],"collection":[{"href":"https:\/\/lediamant.ch\/de\/wp-json\/wp\/v2\/product"}],"about":[{"href":"https:\/\/lediamant.ch\/de\/wp-json\/wp\/v2\/types\/product"}],"wp:featuredmedia":[{"embeddable":true,"href":"https:\/\/lediamant.ch\/de\/wp-json\/wp\/v2\/media\/136169"}],"wp:attachment":[{"href":"https:\/\/lediamant.ch\/de\/wp-json\/wp\/v2\/media?parent=136171"}],"wp:term":[{"taxonomy":"brand","embeddable":true,"href":"https:\/\/lediamant.ch\/de\/wp-json\/wp\/v2\/brand?post=136171"},{"taxonomy":"product_brand","embeddable":true,"href":"https:\/\/lediamant.ch\/de\/wp-json\/wp\/v2\/product_brand?post=136171"},{"taxonomy":"product_cat","embeddable":true,"href":"https:\/\/lediamant.ch\/de\/wp-json\/wp\/v2\/product_cat?post=136171"},{"taxonomy":"product_tag","embeddable":true,"href":"https:\/\/lediamant.ch\/de\/wp-json\/wp\/v2\/product_tag?post=136171"}],"curies":[{"name":"wp","href":"https:\/\/api.w.org\/{rel}","templated":true}]}}