{"id":136263,"date":"2020-03-17T07:56:58","date_gmt":"2020-03-17T06:56:58","guid":{"rendered":"https:\/\/lediamant.ch\/produit\/schmuck-de\/anhanger-de\/sternzeichen-anhaenger-de\/750-gold-schutze-anhanger-6\/"},"modified":"2026-01-22T16:55:22","modified_gmt":"2026-01-22T15:55:22","slug":"anhaenger-sagittarius-gold-750-6","status":"publish","type":"product","link":"https:\/\/lediamant.ch\/de\/schmuck\/136263-anhaenger-750-18-kt-gelbgold-sternzeichen-schuetze-1154060371200\/","title":{"rendered":"Anh\u00e4nger aus 750\/18 ct Gelbgold, Tierkreiszeichen Sch\u00fctze"},"content":{"rendered":"","protected":false},"excerpt":{"rendered":"","protected":false},"featured_media":136261,"template":"","meta":{"_acf_changed":false,"_seopress_robots_primary_cat":"27258","_seopress_titles_title":"%%post_title%%","_seopress_titles_desc":"Entdecken Sie unseren Sch\u00fctze-Anh\u00e4nger aus 750er Gold, ein raffiniertes himmlisches Geschenk. Eleganz und Symbolik f\u00fcr Ihr Sternzeichen!","_seopress_robots_index":""},"brand":[27089],"product_brand":[],"product_cat":[27155,27121,27169,27259,27145,27135],"product_tag":[],"class_list":{"0":"post-136263","1":"product","2":"type-product","3":"status-publish","4":"has-post-thumbnail","6":"brand-gold-jewellery-de","7":"product_cat-anhanger","8":"product_cat-schmuck","9":"product_cat-sternzeichen","10":"product_cat-sternzeichen-anhanger","11":"product_cat-text-hinten","12":"product_cat-zum-gravieren","13":"pa_dimensions-grose-12-x-10-mm","14":"pa_garantie-12monate","15":"pa_genre-frau","16":"pa_genre-kind","17":"pa_genre-mann","18":"pa_matiere-75018ktgelbgold","19":"pa_motif-sternzeichen","20":"sales-flash-overlay","21":"woocommerce-text-align-center","22":"woocommerce-image-align-center","23":"do-quantity-buttons","25":"first","26":"instock","27":"taxable","28":"shipping-taxable","29":"purchasable","30":"product-type-simple"},"acf":[],"_links":{"self":[{"href":"https:\/\/lediamant.ch\/de\/wp-json\/wp\/v2\/product\/136263","targetHints":{"allow":["GET"]}}],"collection":[{"href":"https:\/\/lediamant.ch\/de\/wp-json\/wp\/v2\/product"}],"about":[{"href":"https:\/\/lediamant.ch\/de\/wp-json\/wp\/v2\/types\/product"}],"wp:featuredmedia":[{"embeddable":true,"href":"https:\/\/lediamant.ch\/de\/wp-json\/wp\/v2\/media\/136261"}],"wp:attachment":[{"href":"https:\/\/lediamant.ch\/de\/wp-json\/wp\/v2\/media?parent=136263"}],"wp:term":[{"taxonomy":"brand","embeddable":true,"href":"https:\/\/lediamant.ch\/de\/wp-json\/wp\/v2\/brand?post=136263"},{"taxonomy":"product_brand","embeddable":true,"href":"https:\/\/lediamant.ch\/de\/wp-json\/wp\/v2\/product_brand?post=136263"},{"taxonomy":"product_cat","embeddable":true,"href":"https:\/\/lediamant.ch\/de\/wp-json\/wp\/v2\/product_cat?post=136263"},{"taxonomy":"product_tag","embeddable":true,"href":"https:\/\/lediamant.ch\/de\/wp-json\/wp\/v2\/product_tag?post=136263"}],"curies":[{"name":"wp","href":"https:\/\/api.w.org\/{rel}","templated":true}]}}