{"id":136331,"date":"2020-03-17T07:57:32","date_gmt":"2020-03-17T06:57:32","guid":{"rendered":"https:\/\/lediamant.ch\/produit\/schmuck-de\/anhanger-de\/sternzeichen-anhaenger-de\/750-gold-bull-anhanger-8\/"},"modified":"2026-01-22T16:34:46","modified_gmt":"2026-01-22T15:34:46","slug":"pendentif-taureau-or-750-8","status":"publish","type":"product","link":"https:\/\/lediamant.ch\/de\/schmuck\/136331-anhaenger-750-18-kt-gelbgold-tierkreiszeichen-stier-1154060290050\/","title":{"rendered":"Anh\u00e4nger aus Gelbgold 750\/18 ct, Tierkreiszeichen Stier"},"content":{"rendered":"<p>Dieser Anh\u00e4nger aus 750\/18 ct Gelbgold ist die perfekte Wahl f\u00fcr alle, die im Zeichen des Stieres geboren sind. Mit viel Liebe zum Detail gefertigt, repr\u00e4sentiert dieses Schmuckst\u00fcck das Symbol des Stieres, dem astrologischen Zeichen der Erde, das f\u00fcr seine St\u00e4rke, Entschlossenheit und Sinnlichkeit bekannt ist. Das Gelbgold verleiht diesem Anh\u00e4nger einen Hauch von Luxus und Raffinesse und macht ihn zum idealen Begleiter f\u00fcr den Alltag oder besondere Anl\u00e4sse. Er ist auch ein sch\u00f6nes und pers\u00f6nliches Geburtstagsgeschenk f\u00fcr die Stiere in Ihrem Leben.   <\/p>\n","protected":false},"excerpt":{"rendered":"<p>Dieser Anh\u00e4nger aus 750\/18 ct Gelbgold ist die perfekte Wahl f\u00fcr alle, die im Zeichen des Stieres geboren sind. Mit viel Liebe zum Detail gefertigt, repr\u00e4sentiert dieses Schmuckst\u00fcck das Symbol des Stieres, dem astrologischen Zeichen der Erde, das f\u00fcr seine St\u00e4rke, Entschlossenheit und Sinnlichkeit bekannt ist. Das Gelbgold verleiht diesem Anh\u00e4nger einen Hauch von Luxus &#8230; <a title=\"Anh\u00e4nger aus Gelbgold 750\/18 ct, Tierkreiszeichen Stier\" class=\"read-more\" href=\"https:\/\/lediamant.ch\/de\/schmuck\/136331-anhaenger-750-18-kt-gelbgold-tierkreiszeichen-stier-1154060290050\/\" aria-label=\"Mehr Informationen \u00fcber Anh\u00e4nger aus Gelbgold 750\/18 ct, Tierkreiszeichen Stier\">Weiterlesen &#8230;<\/a><\/p>\n","protected":false},"featured_media":136329,"template":"","meta":{"_acf_changed":false,"_seopress_robots_primary_cat":"27258","_seopress_titles_title":"%%post_title%%","_seopress_titles_desc":"Entdecken Sie unseren Stier-Anh\u00e4nger aus 750er Gold, ein einzigartiges Schmuckst\u00fcck, das Ihre St\u00e4rke und Eleganz zum Ausdruck bringt. Ideal als Geschenk. Besuchen Sie uns jetzt!","_seopress_robots_index":""},"brand":[27089],"product_brand":[],"product_cat":[27155,27121,27169,27259,27145,27135],"product_tag":[],"class_list":{"0":"post-136331","1":"product","2":"type-product","3":"status-publish","4":"has-post-thumbnail","6":"brand-gold-jewellery-de","7":"product_cat-anhanger","8":"product_cat-schmuck","9":"product_cat-sternzeichen","10":"product_cat-sternzeichen-anhanger","11":"product_cat-text-hinten","12":"product_cat-zum-gravieren","13":"pa_dimensions-grose-16-x-13-mm","14":"pa_garantie-12monate","15":"pa_genre-frau","16":"pa_genre-kind","17":"pa_genre-mann","18":"pa_matiere-75018ktgelbgold","19":"pa_motif-sternzeichen","20":"sales-flash-overlay","21":"woocommerce-text-align-center","22":"woocommerce-image-align-center","23":"do-quantity-buttons","25":"first","26":"instock","27":"taxable","28":"shipping-taxable","29":"purchasable","30":"product-type-simple"},"acf":[],"_links":{"self":[{"href":"https:\/\/lediamant.ch\/de\/wp-json\/wp\/v2\/product\/136331","targetHints":{"allow":["GET"]}}],"collection":[{"href":"https:\/\/lediamant.ch\/de\/wp-json\/wp\/v2\/product"}],"about":[{"href":"https:\/\/lediamant.ch\/de\/wp-json\/wp\/v2\/types\/product"}],"wp:featuredmedia":[{"embeddable":true,"href":"https:\/\/lediamant.ch\/de\/wp-json\/wp\/v2\/media\/136329"}],"wp:attachment":[{"href":"https:\/\/lediamant.ch\/de\/wp-json\/wp\/v2\/media?parent=136331"}],"wp:term":[{"taxonomy":"brand","embeddable":true,"href":"https:\/\/lediamant.ch\/de\/wp-json\/wp\/v2\/brand?post=136331"},{"taxonomy":"product_brand","embeddable":true,"href":"https:\/\/lediamant.ch\/de\/wp-json\/wp\/v2\/product_brand?post=136331"},{"taxonomy":"product_cat","embeddable":true,"href":"https:\/\/lediamant.ch\/de\/wp-json\/wp\/v2\/product_cat?post=136331"},{"taxonomy":"product_tag","embeddable":true,"href":"https:\/\/lediamant.ch\/de\/wp-json\/wp\/v2\/product_tag?post=136331"}],"curies":[{"name":"wp","href":"https:\/\/api.w.org\/{rel}","templated":true}]}}