{"id":136343,"date":"2020-03-17T07:57:43","date_gmt":"2020-03-17T06:57:43","guid":{"rendered":"https:\/\/lediamant.ch\/produit\/schmuck-de\/anhanger-de\/sternzeichen-anhaenger-de\/750-gold-lion-anhanger-11\/"},"modified":"2026-01-21T18:07:44","modified_gmt":"2026-01-21T17:07:44","slug":"pendentif-lion-or-750-11","status":"publish","type":"product","link":"https:\/\/lediamant.ch\/de\/schmuck\/136343-anhaenger-750-18-kt-gelbgold-sternzeichen-loewe-1154060290080\/","title":{"rendered":"Anh\u00e4nger aus 750\/18 ct Gelbgold, Sternzeichen L\u00f6we"},"content":{"rendered":"<p>Dieser elegante Anh\u00e4nger aus 18 Karat Gelbgold ist mit einer feinen Gravur des Sternzeichens L\u00f6we versehen. Eine perfekte Wahl f\u00fcr alle, die zwischen dem 23. Juli und dem 22. August geboren wurden. Das fein detaillierte Design des L\u00f6wen, der Mut und F\u00fchrungsst\u00e4rke symbolisiert, wird durch den Glanz des Goldes hervorgehoben. Mit einer Gr\u00f6\u00dfe von 16 x 13 mm ist dieser Anh\u00e4nger diskret genug, um jeden Tag getragen zu werden, aber auch markant genug, um die Aufmerksamkeit auf sich zu ziehen. Er ist ein sch\u00f6nes Geschenk zum Geburtstag oder zu einem besonderen Anlass.    <\/p>\n","protected":false},"excerpt":{"rendered":"<p>Dieser elegante Anh\u00e4nger aus 18 Karat Gelbgold ist mit einer feinen Gravur des Sternzeichens L\u00f6we versehen. Eine perfekte Wahl f\u00fcr alle, die zwischen dem 23. Juli und dem 22. August geboren wurden. Das fein detaillierte Design des L\u00f6wen, der Mut und F\u00fchrungsst\u00e4rke symbolisiert, wird durch den Glanz des Goldes hervorgehoben. Mit einer Gr\u00f6\u00dfe von 16 &#8230; <a title=\"Anh\u00e4nger aus 750\/18 ct Gelbgold, Sternzeichen L\u00f6we\" class=\"read-more\" href=\"https:\/\/lediamant.ch\/de\/schmuck\/136343-anhaenger-750-18-kt-gelbgold-sternzeichen-loewe-1154060290080\/\" aria-label=\"Mehr Informationen \u00fcber Anh\u00e4nger aus 750\/18 ct Gelbgold, Sternzeichen L\u00f6we\">Weiterlesen &#8230;<\/a><\/p>\n","protected":false},"featured_media":136341,"template":"","meta":{"_acf_changed":false,"_seopress_robots_primary_cat":"27258","_seopress_titles_title":"%%post_title%%","_seopress_titles_desc":"Entdecken Sie unseren L\u00f6wenanh\u00e4nger aus 750er Gold, ein exquisites St\u00fcck aus unserer Kollektion. Perfekt f\u00fcr ein luxuri\u00f6ses Geschenk oder eine elegante Erg\u00e4nzung Ihres Stils.","_seopress_robots_index":""},"brand":[27089],"product_brand":[],"product_cat":[27121,27155,27259,27169,27135,27145],"product_tag":[],"class_list":{"0":"post-136343","1":"product","2":"type-product","3":"status-publish","4":"has-post-thumbnail","6":"brand-gold-jewellery-de","7":"product_cat-schmuck","8":"product_cat-anhanger","9":"product_cat-sternzeichen-anhanger","10":"product_cat-sternzeichen","11":"product_cat-zum-gravieren","12":"product_cat-text-hinten","13":"pa_dimensions-grose-16-x-13-mm","14":"pa_garantie-12monate","15":"pa_genre-frau","16":"pa_genre-kind","17":"pa_genre-mann","18":"pa_matiere-75018ktgelbgold","19":"pa_matiere-75018ktweissgold","20":"pa_motif-sternzeichen","21":"sales-flash-overlay","22":"woocommerce-text-align-center","23":"woocommerce-image-align-center","24":"do-quantity-buttons","26":"first","27":"instock","28":"taxable","29":"shipping-taxable","30":"purchasable","31":"product-type-simple"},"acf":[],"_links":{"self":[{"href":"https:\/\/lediamant.ch\/de\/wp-json\/wp\/v2\/product\/136343","targetHints":{"allow":["GET"]}}],"collection":[{"href":"https:\/\/lediamant.ch\/de\/wp-json\/wp\/v2\/product"}],"about":[{"href":"https:\/\/lediamant.ch\/de\/wp-json\/wp\/v2\/types\/product"}],"wp:featuredmedia":[{"embeddable":true,"href":"https:\/\/lediamant.ch\/de\/wp-json\/wp\/v2\/media\/136341"}],"wp:attachment":[{"href":"https:\/\/lediamant.ch\/de\/wp-json\/wp\/v2\/media?parent=136343"}],"wp:term":[{"taxonomy":"brand","embeddable":true,"href":"https:\/\/lediamant.ch\/de\/wp-json\/wp\/v2\/brand?post=136343"},{"taxonomy":"product_brand","embeddable":true,"href":"https:\/\/lediamant.ch\/de\/wp-json\/wp\/v2\/product_brand?post=136343"},{"taxonomy":"product_cat","embeddable":true,"href":"https:\/\/lediamant.ch\/de\/wp-json\/wp\/v2\/product_cat?post=136343"},{"taxonomy":"product_tag","embeddable":true,"href":"https:\/\/lediamant.ch\/de\/wp-json\/wp\/v2\/product_tag?post=136343"}],"curies":[{"name":"wp","href":"https:\/\/api.w.org\/{rel}","templated":true}]}}