{"id":136347,"date":"2020-03-17T07:57:43","date_gmt":"2020-03-17T06:57:43","guid":{"rendered":"https:\/\/lediamant.ch\/produit\/schmuck-de\/anhanger-de\/sternzeichen-anhaenger-de\/anhanger-virgin-gold-750-14\/"},"modified":"2026-01-21T18:08:31","modified_gmt":"2026-01-21T17:08:31","slug":"pendentif-vierge-or-750-14","status":"publish","type":"product","link":"https:\/\/lediamant.ch\/de\/schmuck\/136347-anhaenger-750-18-kt-gelbgold-sternzeichen-jungfrau-1154060290090\/","title":{"rendered":"Anh\u00e4nger aus 750\/18 ct Gelbgold, Sternzeichen Jungfrau"},"content":{"rendered":"","protected":false},"excerpt":{"rendered":"","protected":false},"featured_media":136345,"template":"","meta":{"_acf_changed":false,"_seopress_robots_primary_cat":"27258","_seopress_titles_title":"%%post_title%%","_seopress_titles_desc":"Entdecken Sie unseren Jungfrau-Anh\u00e4nger aus 750er Gold, ein klassisches und elegantes St\u00fcck f\u00fcr jeden Anlass. Besuchen Sie Le Diamant.ch f\u00fcr weitere Informationen!","_seopress_robots_index":""},"brand":[27089],"product_brand":[],"product_cat":[27155,27121,27169,27259,27145,27135],"product_tag":[],"class_list":{"0":"post-136347","1":"product","2":"type-product","3":"status-publish","4":"has-post-thumbnail","6":"brand-gold-jewellery-de","7":"product_cat-anhanger","8":"product_cat-schmuck","9":"product_cat-sternzeichen","10":"product_cat-sternzeichen-anhanger","11":"product_cat-text-hinten","12":"product_cat-zum-gravieren","13":"pa_dimensions-grose-16-x-13-mm","14":"pa_garantie-12monate","15":"pa_genre-frau","16":"pa_genre-kind","17":"pa_genre-mann","18":"pa_matiere-75018ktgelbgold","19":"pa_matiere-75018ktweissgold","20":"pa_motif-sternzeichen","21":"sales-flash-overlay","22":"woocommerce-text-align-center","23":"woocommerce-image-align-center","24":"do-quantity-buttons","26":"first","27":"instock","28":"taxable","29":"shipping-taxable","30":"purchasable","31":"product-type-simple"},"acf":[],"_links":{"self":[{"href":"https:\/\/lediamant.ch\/de\/wp-json\/wp\/v2\/product\/136347","targetHints":{"allow":["GET"]}}],"collection":[{"href":"https:\/\/lediamant.ch\/de\/wp-json\/wp\/v2\/product"}],"about":[{"href":"https:\/\/lediamant.ch\/de\/wp-json\/wp\/v2\/types\/product"}],"wp:featuredmedia":[{"embeddable":true,"href":"https:\/\/lediamant.ch\/de\/wp-json\/wp\/v2\/media\/136345"}],"wp:attachment":[{"href":"https:\/\/lediamant.ch\/de\/wp-json\/wp\/v2\/media?parent=136347"}],"wp:term":[{"taxonomy":"brand","embeddable":true,"href":"https:\/\/lediamant.ch\/de\/wp-json\/wp\/v2\/brand?post=136347"},{"taxonomy":"product_brand","embeddable":true,"href":"https:\/\/lediamant.ch\/de\/wp-json\/wp\/v2\/product_brand?post=136347"},{"taxonomy":"product_cat","embeddable":true,"href":"https:\/\/lediamant.ch\/de\/wp-json\/wp\/v2\/product_cat?post=136347"},{"taxonomy":"product_tag","embeddable":true,"href":"https:\/\/lediamant.ch\/de\/wp-json\/wp\/v2\/product_tag?post=136347"}],"curies":[{"name":"wp","href":"https:\/\/api.w.org\/{rel}","templated":true}]}}