{"id":136435,"date":"2020-03-17T07:58:33","date_gmt":"2020-03-17T06:58:33","guid":{"rendered":"https:\/\/lediamant.ch\/produit\/schmuck-de\/anhanger-de\/sternzeichen-anhaenger-de\/anhanger-virgin-gold-750-16\/"},"modified":"2026-01-21T18:05:28","modified_gmt":"2026-01-21T17:05:28","slug":"pendentif-vierge-or-750-16","status":"publish","type":"product","link":"https:\/\/lediamant.ch\/de\/schmuck\/136435-anhaenger-750-18-kt-gelbgold-sternzeichen-jungfrau-1154060200090\/","title":{"rendered":"Anh\u00e4nger 750\/18 ct. Gelbgold, Sternzeichen Jungfrau"},"content":{"rendered":"","protected":false},"excerpt":{"rendered":"","protected":false},"featured_media":136433,"template":"","meta":{"_acf_changed":false,"_seopress_robots_primary_cat":"27258","_seopress_titles_title":"%%post_title%%","_seopress_titles_desc":"Entdecken Sie unseren Jungfrau-Anh\u00e4nger aus 750er Gold, ein elegantes und zeitloses Schmuckst\u00fcck. Perfekt f\u00fcr ein besonderes Geschenk oder f\u00fcr Sie selbst!","_seopress_robots_index":""},"brand":[27089],"product_brand":[],"product_cat":[27121,27155,27259,27169],"product_tag":[],"class_list":{"0":"post-136435","1":"product","2":"type-product","3":"status-publish","4":"has-post-thumbnail","6":"brand-gold-jewellery-de","7":"product_cat-schmuck","8":"product_cat-anhanger","9":"product_cat-sternzeichen-anhanger","10":"product_cat-sternzeichen","11":"pa_dimensions-13-x-17-mm","12":"pa_garantie-12monate","13":"pa_genre-frau","14":"pa_genre-kind","15":"pa_genre-mann","16":"pa_matiere-75018ktgelbgold","17":"pa_motif-sternzeichen","18":"sales-flash-overlay","19":"woocommerce-text-align-center","20":"woocommerce-image-align-center","21":"do-quantity-buttons","23":"first","24":"instock","25":"taxable","26":"shipping-taxable","27":"purchasable","28":"product-type-simple"},"acf":[],"_links":{"self":[{"href":"https:\/\/lediamant.ch\/de\/wp-json\/wp\/v2\/product\/136435","targetHints":{"allow":["GET"]}}],"collection":[{"href":"https:\/\/lediamant.ch\/de\/wp-json\/wp\/v2\/product"}],"about":[{"href":"https:\/\/lediamant.ch\/de\/wp-json\/wp\/v2\/types\/product"}],"wp:featuredmedia":[{"embeddable":true,"href":"https:\/\/lediamant.ch\/de\/wp-json\/wp\/v2\/media\/136433"}],"wp:attachment":[{"href":"https:\/\/lediamant.ch\/de\/wp-json\/wp\/v2\/media?parent=136435"}],"wp:term":[{"taxonomy":"brand","embeddable":true,"href":"https:\/\/lediamant.ch\/de\/wp-json\/wp\/v2\/brand?post=136435"},{"taxonomy":"product_brand","embeddable":true,"href":"https:\/\/lediamant.ch\/de\/wp-json\/wp\/v2\/product_brand?post=136435"},{"taxonomy":"product_cat","embeddable":true,"href":"https:\/\/lediamant.ch\/de\/wp-json\/wp\/v2\/product_cat?post=136435"},{"taxonomy":"product_tag","embeddable":true,"href":"https:\/\/lediamant.ch\/de\/wp-json\/wp\/v2\/product_tag?post=136435"}],"curies":[{"name":"wp","href":"https:\/\/api.w.org\/{rel}","templated":true}]}}