{"id":136601,"date":"2020-03-17T08:04:55","date_gmt":"2020-03-17T07:04:55","guid":{"rendered":"https:\/\/lediamant.ch\/produit\/schmuck-de\/taufringe-de\/taufring-gelbgold-750-18-kt-smaragd-herz-mit-engel\/"},"modified":"2024-03-20T17:29:24","modified_gmt":"2024-03-20T16:29:24","slug":"taufring-gold-gelb-750-18-ct-emeraude-herz-mit-engel","status":"publish","type":"product","link":"https:\/\/lediamant.ch\/de\/schmuck\/136601-taufring-gelbgold-750-18-kt-smaragd-herz-mit-engel\/","title":{"rendered":"Taufring, Gelbgold 750\/18 kt. Smaragd, Herz mit Engel"},"content":{"rendered":"<p>Zelebrieren Sie den heiligen Moment der Taufe mit einem St\u00fcck von zeitloser Eleganz und tiefer Bedeutung. Unser Taufring aus 750\/18 kt Gelbgold verk\u00f6rpert die Reinheit und Sch\u00f6nheit dieser spirituellen Verpflichtung. Von erfahrenen Handwerkern sorgf\u00e4ltig hergestellt, ist dieser Ring mehr als nur ein Schmuckst\u00fcck; er wird zu einem wertvollen Symbol des Glaubens und des Schutzes.<\/p>\n<p>In der Mitte dieses Rings f\u00e4ngt ein funkelnder Smaragd das Licht mit unvergleichlicher Anmut ein. Als Symbol f\u00fcr spirituelles Wachstum und Erneuerung verleiht dieser Smaragd diesem au\u00dfergew\u00f6hnlichen St\u00fcck einen Hauch von Farbe und Lebendigkeit.<\/p>\n<p>Zu diesem Ring geh\u00f6rt eine herzf\u00f6rmige Medaille mit einem Schutzengel, die \u00fcber den geliebten Menschen, der sie tr\u00e4gt, wacht. Diese Engelsdarstellung erinnert an g\u00f6ttlichen Schutz und bedingungslose Liebe und bietet Trost und Zuversicht in Zeiten des Zweifels.<\/p>\n<p>Ob zur Feier der Taufe eines Kindes oder als Zeichen Ihres eigenen Bekenntnisses zu Ihrem Glauben - dieser Taufring verk\u00f6rpert Tradition, Sch\u00f6nheit und Spiritualit\u00e4t.<\/p>\n","protected":false},"excerpt":{"rendered":"<p>Zelebrieren Sie den heiligen Moment der Taufe mit einem St\u00fcck von zeitloser Eleganz und tiefer Bedeutung. Unser Taufring aus 750\/18 kt Gelbgold verk\u00f6rpert die Reinheit und Sch\u00f6nheit dieser spirituellen Verpflichtung. Von erfahrenen Handwerkern sorgf\u00e4ltig hergestellt, ist dieser Ring mehr als nur ein Schmuckst\u00fcck; er wird zu einem wertvollen Symbol des Glaubens und des Schutzes. In &#8230; <a title=\"Taufring, Gelbgold 750\/18 kt. Smaragd, Herz mit Engel\" class=\"read-more\" href=\"https:\/\/lediamant.ch\/de\/schmuck\/136601-taufring-gelbgold-750-18-kt-smaragd-herz-mit-engel\/\" aria-label=\"Mehr Informationen \u00fcber Taufring, Gelbgold 750\/18 kt. Smaragd, Herz mit Engel\">Weiterlesen &#8230;<\/a><\/p>\n","protected":false},"featured_media":224377,"template":"","meta":{"_acf_changed":false,"_seopress_robots_primary_cat":"none","_seopress_titles_title":"","_seopress_titles_desc":"","_seopress_robots_index":""},"brand":[27089],"product_brand":[],"product_cat":[27121,27163],"product_tag":[],"class_list":{"0":"post-136601","1":"product","2":"type-product","3":"status-publish","4":"has-post-thumbnail","6":"brand-gold-jewellery-de","7":"product_cat-schmuck","8":"product_cat-taufringe","9":"pa_garantie-12monate","10":"pa_genre-kind","11":"pa_matiere-75018ktgelbgold","12":"pa_pierres-smaragd","13":"sales-flash-overlay","14":"woocommerce-text-align-center","15":"woocommerce-image-align-center","16":"do-quantity-buttons","18":"first","19":"instock","20":"taxable","21":"shipping-taxable","22":"purchasable","23":"product-type-simple"},"acf":[],"_links":{"self":[{"href":"https:\/\/lediamant.ch\/de\/wp-json\/wp\/v2\/product\/136601","targetHints":{"allow":["GET"]}}],"collection":[{"href":"https:\/\/lediamant.ch\/de\/wp-json\/wp\/v2\/product"}],"about":[{"href":"https:\/\/lediamant.ch\/de\/wp-json\/wp\/v2\/types\/product"}],"wp:featuredmedia":[{"embeddable":true,"href":"https:\/\/lediamant.ch\/de\/wp-json\/wp\/v2\/media\/224377"}],"wp:attachment":[{"href":"https:\/\/lediamant.ch\/de\/wp-json\/wp\/v2\/media?parent=136601"}],"wp:term":[{"taxonomy":"brand","embeddable":true,"href":"https:\/\/lediamant.ch\/de\/wp-json\/wp\/v2\/brand?post=136601"},{"taxonomy":"product_brand","embeddable":true,"href":"https:\/\/lediamant.ch\/de\/wp-json\/wp\/v2\/product_brand?post=136601"},{"taxonomy":"product_cat","embeddable":true,"href":"https:\/\/lediamant.ch\/de\/wp-json\/wp\/v2\/product_cat?post=136601"},{"taxonomy":"product_tag","embeddable":true,"href":"https:\/\/lediamant.ch\/de\/wp-json\/wp\/v2\/product_tag?post=136601"}],"curies":[{"name":"wp","href":"https:\/\/api.w.org\/{rel}","templated":true}]}}