{"id":136753,"date":"2020-03-17T08:06:13","date_gmt":"2020-03-17T07:06:13","guid":{"rendered":"https:\/\/lediamant.ch\/produit\/schmuck-de\/ohrringe-de\/ohrstecker-de\/ohrstecker-halbcreolen-satiniert-gelbgold-750-18-kt\/"},"modified":"2026-03-12T17:07:05","modified_gmt":"2026-03-12T16:07:05","slug":"ohrnaegel-halbkreolen-satin-gold-gelb-750-18-ct","status":"publish","type":"product","link":"https:\/\/lediamant.ch\/de\/schmuck\/136753-ohrstecker-halbkreolen-satiniert-gelbgold-750-18-kt-116303883\/0001\/","title":{"rendered":"Ohrstecker, Halbcreolen, Gelbgold 750\/ 18 ct. satiniert"},"content":{"rendered":"<p>Entdecken Sie unsere wundersch\u00f6nen Halbkreolen-Ohrstecker aus 750\/18ct Gelbgold. Das satinierte Finish verleiht ihnen einen Hauch von Eleganz und Raffinesse. Das Halbkreolen-Design ist modern und zeitlos und passt zu jedem Anlass. Diese Ohrringe aus Gelbgold werden Ihr Gesicht zum Strahlen bringen und Ihre nat\u00fcrliche Sch\u00f6nheit unterstreichen. Ein raffiniertes Schmuckst\u00fcck, das alle Frauen verf\u00fchren wird, die nach Einfachheit und Finesse suchen.    <\/p>\n","protected":false},"excerpt":{"rendered":"<p>Entdecken Sie unsere wundersch\u00f6nen Halbkreolen-Ohrstecker aus 750\/18ct Gelbgold. Das satinierte Finish verleiht ihnen einen Hauch von Eleganz und Raffinesse. Das Halbkreolen-Design ist modern und zeitlos und passt zu jedem Anlass. Diese Ohrringe aus Gelbgold werden Ihr Gesicht zum Strahlen bringen und Ihre nat\u00fcrliche Sch\u00f6nheit unterstreichen. Ein raffiniertes Schmuckst\u00fcck, das alle Frauen verf\u00fchren wird, die nach &#8230; <a title=\"Ohrstecker, Halbcreolen, Gelbgold 750\/ 18 ct. satiniert\" class=\"read-more\" href=\"https:\/\/lediamant.ch\/de\/schmuck\/136753-ohrstecker-halbkreolen-satiniert-gelbgold-750-18-kt-116303883\/0001\/\" aria-label=\"Mehr Informationen \u00fcber Ohrstecker, Halbcreolen, Gelbgold 750\/ 18 ct. satiniert\">Weiterlesen &#8230;<\/a><\/p>\n","protected":false},"featured_media":214831,"template":"","meta":{"_acf_changed":false,"_seopress_robots_primary_cat":"27192","_seopress_titles_title":"%%post_title%%","_seopress_titles_desc":"","_seopress_robots_index":""},"brand":[27089],"product_brand":[],"product_cat":[27171,27193,27121],"product_tag":[],"class_list":{"0":"post-136753","1":"product","2":"type-product","3":"status-publish","4":"has-post-thumbnail","6":"brand-gold-jewellery-de","7":"product_cat-ohrringe","8":"product_cat-ohrstecker","9":"product_cat-schmuck","10":"pa_garantie-12monate","11":"pa_genre-frau","12":"pa_matiere-75018ktgelbgold","13":"sales-flash-overlay","14":"woocommerce-text-align-center","15":"woocommerce-image-align-center","16":"do-quantity-buttons","18":"first","19":"instock","20":"taxable","21":"shipping-taxable","22":"purchasable","23":"product-type-simple"},"acf":[],"_links":{"self":[{"href":"https:\/\/lediamant.ch\/de\/wp-json\/wp\/v2\/product\/136753","targetHints":{"allow":["GET"]}}],"collection":[{"href":"https:\/\/lediamant.ch\/de\/wp-json\/wp\/v2\/product"}],"about":[{"href":"https:\/\/lediamant.ch\/de\/wp-json\/wp\/v2\/types\/product"}],"wp:featuredmedia":[{"embeddable":true,"href":"https:\/\/lediamant.ch\/de\/wp-json\/wp\/v2\/media\/214831"}],"wp:attachment":[{"href":"https:\/\/lediamant.ch\/de\/wp-json\/wp\/v2\/media?parent=136753"}],"wp:term":[{"taxonomy":"brand","embeddable":true,"href":"https:\/\/lediamant.ch\/de\/wp-json\/wp\/v2\/brand?post=136753"},{"taxonomy":"product_brand","embeddable":true,"href":"https:\/\/lediamant.ch\/de\/wp-json\/wp\/v2\/product_brand?post=136753"},{"taxonomy":"product_cat","embeddable":true,"href":"https:\/\/lediamant.ch\/de\/wp-json\/wp\/v2\/product_cat?post=136753"},{"taxonomy":"product_tag","embeddable":true,"href":"https:\/\/lediamant.ch\/de\/wp-json\/wp\/v2\/product_tag?post=136753"}],"curies":[{"name":"wp","href":"https:\/\/api.w.org\/{rel}","templated":true}]}}