{"id":136765,"date":"2020-03-17T08:06:23","date_gmt":"2020-03-17T07:06:23","guid":{"rendered":"https:\/\/lediamant.ch\/produit\/schmuck-de\/ohrringe-de\/ohrstecker-de\/ohrstecker-750-gold-matt-poliert-5-mm\/"},"modified":"2026-03-12T17:03:44","modified_gmt":"2026-03-12T16:03:44","slug":"clous-d-oreilles-or-750-4","status":"publish","type":"product","link":"https:\/\/lediamant.ch\/de\/schmuck\/136765-halbkreolen-ohrstecker-weissgold-750-18-kt-1263038840001\/","title":{"rendered":"Halbkreolen-Ohrstecker aus Wei\u00dfgold 750\/18 ct."},"content":{"rendered":"<p>Diese Halbkreolen-Ohrstecker aus 750\/18 ct Wei\u00dfgold sind eine elegante und anspruchsvolle Wahl f\u00fcr jeden Anlass. Diese Schmuckst\u00fccke wurden mit Pr\u00e4zision f\u00fcr maximalen Glanz hergestellt und sind so entworfen, dass sie ebenso bequem wie sch\u00f6n sind. Ihr Halbkreolen-Design ist modern und trendy, ohne dabei einen Hauch von klassischer Raffinesse zu verlieren. Ob Sie sie f\u00fcr einen besonderen Abend tragen oder Ihrem t\u00e4glichen Outfit einen Hauch von Luxus verleihen, diese Ohrstecker aus Wei\u00dfgold sind eine wertvolle Erg\u00e4nzung f\u00fcr jede Schmucksammlung.   <\/p>\n","protected":false},"excerpt":{"rendered":"<p>Diese Halbkreolen-Ohrstecker aus 750\/18 ct Wei\u00dfgold sind eine elegante und anspruchsvolle Wahl f\u00fcr jeden Anlass. Diese Schmuckst\u00fccke wurden mit Pr\u00e4zision f\u00fcr maximalen Glanz hergestellt und sind so entworfen, dass sie ebenso bequem wie sch\u00f6n sind. Ihr Halbkreolen-Design ist modern und trendy, ohne dabei einen Hauch von klassischer Raffinesse zu verlieren. Ob Sie sie f\u00fcr einen &#8230; <a title=\"Halbkreolen-Ohrstecker aus Wei\u00dfgold 750\/18 ct.\" class=\"read-more\" href=\"https:\/\/lediamant.ch\/de\/schmuck\/136765-halbkreolen-ohrstecker-weissgold-750-18-kt-1263038840001\/\" aria-label=\"Mehr Informationen \u00fcber Halbkreolen-Ohrstecker aus Wei\u00dfgold 750\/18 ct.\">Weiterlesen &#8230;<\/a><\/p>\n","protected":false},"featured_media":214834,"template":"","meta":{"_acf_changed":false,"_seopress_robots_primary_cat":"27192","_seopress_titles_title":"%%post_title%%","_seopress_titles_desc":"","_seopress_robots_index":""},"brand":[27089],"product_brand":[],"product_cat":[27171,27193,27121],"product_tag":[],"class_list":{"0":"post-136765","1":"product","2":"type-product","3":"status-publish","4":"has-post-thumbnail","6":"brand-gold-jewellery-de","7":"product_cat-ohrringe","8":"product_cat-ohrstecker","9":"product_cat-schmuck","10":"pa_garantie-12monate","11":"pa_genre-frau","12":"pa_matiere-75018ktweissgold","13":"sales-flash-overlay","14":"woocommerce-text-align-center","15":"woocommerce-image-align-center","16":"do-quantity-buttons","18":"first","19":"instock","20":"taxable","21":"shipping-taxable","22":"purchasable","23":"product-type-simple"},"acf":[],"_links":{"self":[{"href":"https:\/\/lediamant.ch\/de\/wp-json\/wp\/v2\/product\/136765","targetHints":{"allow":["GET"]}}],"collection":[{"href":"https:\/\/lediamant.ch\/de\/wp-json\/wp\/v2\/product"}],"about":[{"href":"https:\/\/lediamant.ch\/de\/wp-json\/wp\/v2\/types\/product"}],"wp:featuredmedia":[{"embeddable":true,"href":"https:\/\/lediamant.ch\/de\/wp-json\/wp\/v2\/media\/214834"}],"wp:attachment":[{"href":"https:\/\/lediamant.ch\/de\/wp-json\/wp\/v2\/media?parent=136765"}],"wp:term":[{"taxonomy":"brand","embeddable":true,"href":"https:\/\/lediamant.ch\/de\/wp-json\/wp\/v2\/brand?post=136765"},{"taxonomy":"product_brand","embeddable":true,"href":"https:\/\/lediamant.ch\/de\/wp-json\/wp\/v2\/product_brand?post=136765"},{"taxonomy":"product_cat","embeddable":true,"href":"https:\/\/lediamant.ch\/de\/wp-json\/wp\/v2\/product_cat?post=136765"},{"taxonomy":"product_tag","embeddable":true,"href":"https:\/\/lediamant.ch\/de\/wp-json\/wp\/v2\/product_tag?post=136765"}],"curies":[{"name":"wp","href":"https:\/\/api.w.org\/{rel}","templated":true}]}}