{"id":136889,"date":"2020-03-17T08:07:28","date_gmt":"2020-03-17T07:07:28","guid":{"rendered":"https:\/\/lediamant.ch\/produit\/schmuck-de\/ohrringe-de\/reifen-de\/klappbare-creolen-zweifarbig-750-gold-durchmesser-15-mm\/"},"modified":"2025-10-03T08:15:25","modified_gmt":"2025-10-03T06:15:25","slug":"creoles-a-charniere-or-750-36","status":"publish","type":"product","link":"https:\/\/lediamant.ch\/de\/schmuck\/136889-creolen-mit-scharnier-zweifarbig-gold-750-18-kt-1564047700001\/","title":{"rendered":"Creolen mit Scharnier, zweifarbig, Gold 750\/18 ct."},"content":{"rendered":"<p>Diese Creolen mit Scharnier sind ein wahres Symbol f\u00fcr Raffinesse und Eleganz. Sie sind aus 750\/18 ct Gold gefertigt und bieten einen unvergleichlichen Glanz, der Ihren Look bei jeder Gelegenheit unterstreicht. Ihr schlichtes und doch raffiniertes Design macht sie zu einer perfekten Wahl f\u00fcr den t\u00e4glichen Gebrauch oder als Begleiter f\u00fcr Ihre Abendgarderobe. Sie sind leicht und bequem zu tragen, mit einem starken und zuverl\u00e4ssigen Scharniermechanismus. Mit diesen zweifarbigen Creolen f\u00fcgen Sie Ihrer Schmuckkollektion einen Hauch von zeitlosem Glamour hinzu.    <\/p>\n","protected":false},"excerpt":{"rendered":"<p>Diese Creolen mit Scharnier sind ein wahres Symbol f\u00fcr Raffinesse und Eleganz. Sie sind aus 750\/18 ct Gold gefertigt und bieten einen unvergleichlichen Glanz, der Ihren Look bei jeder Gelegenheit unterstreicht. Ihr schlichtes und doch raffiniertes Design macht sie zu einer perfekten Wahl f\u00fcr den t\u00e4glichen Gebrauch oder als Begleiter f\u00fcr Ihre Abendgarderobe. Sie sind &#8230; <a title=\"Creolen mit Scharnier, zweifarbig, Gold 750\/18 ct.\" class=\"read-more\" href=\"https:\/\/lediamant.ch\/de\/schmuck\/136889-creolen-mit-scharnier-zweifarbig-gold-750-18-kt-1564047700001\/\" aria-label=\"Mehr Informationen \u00fcber Creolen mit Scharnier, zweifarbig, Gold 750\/18 ct.\">Weiterlesen &#8230;<\/a><\/p>\n","protected":false},"featured_media":136887,"template":"","meta":{"_acf_changed":false,"_seopress_robots_primary_cat":"27170","_seopress_titles_title":"%%post_title%%","_seopress_titles_desc":"Entdecken Sie den zeitlosen Charme unserer Creolen aus 18 Karat Gold, die eine perfekte Kombination aus Raffinesse und Komfort f\u00fcr jeden Anlass darstellen.","_seopress_robots_index":""},"brand":[27089],"product_brand":[],"product_cat":[27121,27171,27195],"product_tag":[],"class_list":{"0":"post-136889","1":"product","2":"type-product","3":"status-publish","4":"has-post-thumbnail","6":"brand-gold-jewellery-de","7":"product_cat-schmuck","8":"product_cat-ohrringe","9":"product_cat-kreolen","10":"pa_dimensions-grose-15-mm","11":"pa_garantie-12monate","12":"pa_genre-frau","13":"pa_matiere-75018ktbicolorgold","14":"sales-flash-overlay","15":"woocommerce-text-align-center","16":"woocommerce-image-align-center","17":"do-quantity-buttons","19":"first","20":"instock","21":"taxable","22":"shipping-taxable","23":"purchasable","24":"product-type-simple"},"acf":[],"_links":{"self":[{"href":"https:\/\/lediamant.ch\/de\/wp-json\/wp\/v2\/product\/136889","targetHints":{"allow":["GET"]}}],"collection":[{"href":"https:\/\/lediamant.ch\/de\/wp-json\/wp\/v2\/product"}],"about":[{"href":"https:\/\/lediamant.ch\/de\/wp-json\/wp\/v2\/types\/product"}],"wp:featuredmedia":[{"embeddable":true,"href":"https:\/\/lediamant.ch\/de\/wp-json\/wp\/v2\/media\/136887"}],"wp:attachment":[{"href":"https:\/\/lediamant.ch\/de\/wp-json\/wp\/v2\/media?parent=136889"}],"wp:term":[{"taxonomy":"brand","embeddable":true,"href":"https:\/\/lediamant.ch\/de\/wp-json\/wp\/v2\/brand?post=136889"},{"taxonomy":"product_brand","embeddable":true,"href":"https:\/\/lediamant.ch\/de\/wp-json\/wp\/v2\/product_brand?post=136889"},{"taxonomy":"product_cat","embeddable":true,"href":"https:\/\/lediamant.ch\/de\/wp-json\/wp\/v2\/product_cat?post=136889"},{"taxonomy":"product_tag","embeddable":true,"href":"https:\/\/lediamant.ch\/de\/wp-json\/wp\/v2\/product_tag?post=136889"}],"curies":[{"name":"wp","href":"https:\/\/api.w.org\/{rel}","templated":true}]}}