{"id":136961,"date":"2020-03-17T08:08:14","date_gmt":"2020-03-17T07:08:14","guid":{"rendered":"https:\/\/lediamant.ch\/produit\/schmuck-de\/ohrringe-de\/reifen-de\/zweifarbige-creolen-750-gold-durchmesser-13-mm\/"},"modified":"2026-03-12T16:56:25","modified_gmt":"2026-03-12T15:56:25","slug":"boucles-doreilles-or-750-17","status":"publish","type":"product","link":"https:\/\/lediamant.ch\/de\/schmuck\/136961-kreolen-750\/18ct-gold-bicolor-13mm-156404033\/0001\/","title":{"rendered":"Zweifarbige Creolen, 750\/18ct Gold. 13mm"},"content":{"rendered":"<p>Diese wundersch\u00f6nen zweifarbigen Creolen sind ein Symbol f\u00fcr Eleganz und Raffinesse. Sie sind 13 mm gro\u00df, aus 750\/18 ct Gold gefertigt und eignen sich perfekt, um Ihrem t\u00e4glichen Stil einen Hauch von Glamour zu verleihen. Das zweifarbige Design bietet eine sch\u00f6ne Harmonie zwischen Wei\u00df- und Gelbgold und schafft einen starken Kontrast, der die Blicke auf sich zieht. Diese Ohrringe sind eine fantastische Wahl f\u00fcr alle, die ihrer Schmuckkollektion einen Hauch von Raffinesse verleihen m\u00f6chten.   <\/p>\n","protected":false},"excerpt":{"rendered":"<p>Diese wundersch\u00f6nen zweifarbigen Creolen sind ein Symbol f\u00fcr Eleganz und Raffinesse. Sie sind 13 mm gro\u00df, aus 750\/18 ct Gold gefertigt und eignen sich perfekt, um Ihrem t\u00e4glichen Stil einen Hauch von Glamour zu verleihen. Das zweifarbige Design bietet eine sch\u00f6ne Harmonie zwischen Wei\u00df- und Gelbgold und schafft einen starken Kontrast, der die Blicke auf &#8230; <a title=\"Zweifarbige Creolen, 750\/18ct Gold. 13mm\" class=\"read-more\" href=\"https:\/\/lediamant.ch\/de\/schmuck\/136961-kreolen-750\/18ct-gold-bicolor-13mm-156404033\/0001\/\" aria-label=\"Mehr Informationen \u00fcber Zweifarbige Creolen, 750\/18ct Gold. 13mm\">Weiterlesen &#8230;<\/a><\/p>\n","protected":false},"featured_media":214156,"template":"","meta":{"_acf_changed":false,"_seopress_robots_primary_cat":"27194","_seopress_titles_title":"","_seopress_titles_desc":"Entdecken Sie unsere zweifarbigen Creolen aus 18 Karat Gold. Zeitlose Eleganz und modernes Design f\u00fcr jeden Tag. Jetzt kaufen!  ","_seopress_robots_index":""},"brand":[27089],"product_brand":[],"product_cat":[27195,27171,27121],"product_tag":[],"class_list":{"0":"post-136961","1":"product","2":"type-product","3":"status-publish","4":"has-post-thumbnail","6":"brand-gold-jewellery-de","7":"product_cat-kreolen","8":"product_cat-ohrringe","9":"product_cat-schmuck","10":"pa_dimensions-ausendurchmesser-13-mm","11":"pa_garantie-12monate","12":"pa_genre-frau","13":"pa_matiere-75018ktbicolorgold","14":"sales-flash-overlay","15":"woocommerce-text-align-center","16":"woocommerce-image-align-center","17":"do-quantity-buttons","19":"first","20":"instock","21":"taxable","22":"shipping-taxable","23":"purchasable","24":"product-type-simple"},"acf":[],"_links":{"self":[{"href":"https:\/\/lediamant.ch\/de\/wp-json\/wp\/v2\/product\/136961","targetHints":{"allow":["GET"]}}],"collection":[{"href":"https:\/\/lediamant.ch\/de\/wp-json\/wp\/v2\/product"}],"about":[{"href":"https:\/\/lediamant.ch\/de\/wp-json\/wp\/v2\/types\/product"}],"wp:featuredmedia":[{"embeddable":true,"href":"https:\/\/lediamant.ch\/de\/wp-json\/wp\/v2\/media\/214156"}],"wp:attachment":[{"href":"https:\/\/lediamant.ch\/de\/wp-json\/wp\/v2\/media?parent=136961"}],"wp:term":[{"taxonomy":"brand","embeddable":true,"href":"https:\/\/lediamant.ch\/de\/wp-json\/wp\/v2\/brand?post=136961"},{"taxonomy":"product_brand","embeddable":true,"href":"https:\/\/lediamant.ch\/de\/wp-json\/wp\/v2\/product_brand?post=136961"},{"taxonomy":"product_cat","embeddable":true,"href":"https:\/\/lediamant.ch\/de\/wp-json\/wp\/v2\/product_cat?post=136961"},{"taxonomy":"product_tag","embeddable":true,"href":"https:\/\/lediamant.ch\/de\/wp-json\/wp\/v2\/product_tag?post=136961"}],"curies":[{"name":"wp","href":"https:\/\/api.w.org\/{rel}","templated":true}]}}