{"id":136981,"date":"2020-03-17T08:08:25","date_gmt":"2020-03-17T07:08:25","guid":{"rendered":"https:\/\/lediamant.ch\/produit\/schmuck-de\/ohrringe-de\/reifen-de\/zweifarbige-reifen-750-gold\/"},"modified":"2026-03-12T16:55:58","modified_gmt":"2026-03-12T15:55:58","slug":"boucles-doreilles-or-750-22","status":"publish","type":"product","link":"https:\/\/lediamant.ch\/de\/schmuck\/136981-kreolen-gold-750\/18-kt-bicolor-156404034\/0001\/","title":{"rendered":"Zweifarbige Creolen, Gold 750\/18 ct."},"content":{"rendered":"<p>Diese zweifarbigen Creolen aus 750\/18 ct Gold sind ein Symbol f\u00fcr zeitlose Eleganz. Sie wurden mit gr\u00f6\u00dfter Sorgfalt hergestellt und haben ein einzigartiges zweifarbiges Design, das Gelb- und Wei\u00dfgold f\u00fcr einen raffinierten Look kombiniert. Sie sind au\u00dferdem leicht und bequem zu tragen. Diese Creolen sind die perfekte Wahl f\u00fcr alle, die Wert auf Sch\u00f6nheit und au\u00dfergew\u00f6hnliche Qualit\u00e4t legen.   <\/p>\n","protected":false},"excerpt":{"rendered":"<p>Diese zweifarbigen Creolen aus 750\/18 ct Gold sind ein Symbol f\u00fcr zeitlose Eleganz. Sie wurden mit gr\u00f6\u00dfter Sorgfalt hergestellt und haben ein einzigartiges zweifarbiges Design, das Gelb- und Wei\u00dfgold f\u00fcr einen raffinierten Look kombiniert. Sie sind au\u00dferdem leicht und bequem zu tragen. Diese Creolen sind die perfekte Wahl f\u00fcr alle, die Wert auf Sch\u00f6nheit und &#8230; <a title=\"Zweifarbige Creolen, Gold 750\/18 ct.\" class=\"read-more\" href=\"https:\/\/lediamant.ch\/de\/schmuck\/136981-kreolen-gold-750\/18-kt-bicolor-156404034\/0001\/\" aria-label=\"Mehr Informationen \u00fcber Zweifarbige Creolen, Gold 750\/18 ct.\">Weiterlesen &#8230;<\/a><\/p>\n","protected":false},"featured_media":214142,"template":"","meta":{"_acf_changed":false,"_seopress_robots_primary_cat":"27194","_seopress_titles_title":"","_seopress_titles_desc":"","_seopress_robots_index":""},"brand":[27089],"product_brand":[],"product_cat":[27121,27171,27195],"product_tag":[],"class_list":{"0":"post-136981","1":"product","2":"type-product","3":"status-publish","4":"has-post-thumbnail","6":"brand-gold-jewellery-de","7":"product_cat-schmuck","8":"product_cat-ohrringe","9":"product_cat-kreolen","10":"pa_garantie-12monate","11":"pa_genre-frau","12":"pa_matiere-75018ktbicolorgold","13":"sales-flash-overlay","14":"woocommerce-text-align-center","15":"woocommerce-image-align-center","16":"do-quantity-buttons","18":"first","19":"instock","20":"taxable","21":"shipping-taxable","22":"purchasable","23":"product-type-simple"},"acf":[],"_links":{"self":[{"href":"https:\/\/lediamant.ch\/de\/wp-json\/wp\/v2\/product\/136981","targetHints":{"allow":["GET"]}}],"collection":[{"href":"https:\/\/lediamant.ch\/de\/wp-json\/wp\/v2\/product"}],"about":[{"href":"https:\/\/lediamant.ch\/de\/wp-json\/wp\/v2\/types\/product"}],"wp:featuredmedia":[{"embeddable":true,"href":"https:\/\/lediamant.ch\/de\/wp-json\/wp\/v2\/media\/214142"}],"wp:attachment":[{"href":"https:\/\/lediamant.ch\/de\/wp-json\/wp\/v2\/media?parent=136981"}],"wp:term":[{"taxonomy":"brand","embeddable":true,"href":"https:\/\/lediamant.ch\/de\/wp-json\/wp\/v2\/brand?post=136981"},{"taxonomy":"product_brand","embeddable":true,"href":"https:\/\/lediamant.ch\/de\/wp-json\/wp\/v2\/product_brand?post=136981"},{"taxonomy":"product_cat","embeddable":true,"href":"https:\/\/lediamant.ch\/de\/wp-json\/wp\/v2\/product_cat?post=136981"},{"taxonomy":"product_tag","embeddable":true,"href":"https:\/\/lediamant.ch\/de\/wp-json\/wp\/v2\/product_tag?post=136981"}],"curies":[{"name":"wp","href":"https:\/\/api.w.org\/{rel}","templated":true}]}}