{"id":137163,"date":"2020-03-17T08:09:20","date_gmt":"2020-03-17T07:09:20","guid":{"rendered":"https:\/\/lediamant.ch\/produit\/schmuck-de\/ohrringe-de\/tropfenohrringe-de\/baumelnde-ohrringe-750-gold\/"},"modified":"2026-03-12T16:37:25","modified_gmt":"2026-03-12T15:37:25","slug":"pampilles-avec-brisure-or-750","status":"publish","type":"product","link":"https:\/\/lediamant.ch\/de\/schmuck\/137163-ohrhaenger-gelbgold-750-18-ct-zirkonia-herz-1168021730001\/","title":{"rendered":"Ohrh\u00e4nger aus Gelbgold 750\/18 ct. Zirkonia Herz"},"content":{"rendered":"","protected":false},"excerpt":{"rendered":"","protected":false},"featured_media":137161,"template":"","meta":{"_acf_changed":false,"_seopress_robots_primary_cat":"27198","_seopress_titles_title":"%%post_title%%","_seopress_titles_desc":"Entdecken Sie unsere eleganten Pampillen aus 750er Gold, ein raffiniertes Schmuckst\u00fcck, das jeden Moment versch\u00f6nert. Besuchen Sie Le Diamant f\u00fcr mehr!","_seopress_robots_index":""},"brand":[27089],"product_brand":[],"product_cat":[27251,27125,27199,27171,27121,27153],"product_tag":[],"class_list":{"0":"post-137163","1":"product","2":"type-product","3":"status-publish","4":"has-post-thumbnail","6":"brand-gold-jewellery-de","7":"product_cat-auswahl-fuer-sie-de","8":"product_cat-geschenkideen","9":"product_cat-ohrhanger","10":"product_cat-ohrringe","11":"product_cat-schmuck","12":"product_cat-valentinstag-de","13":"pa_garantie-12monate","14":"pa_genre-frau","15":"pa_genre-kind","16":"pa_matiere-75018ktgelbgold","17":"pa_pierres-zirkon-de","18":"sales-flash-overlay","19":"woocommerce-text-align-center","20":"woocommerce-image-align-center","21":"do-quantity-buttons","23":"first","24":"instock","25":"taxable","26":"shipping-taxable","27":"purchasable","28":"product-type-simple"},"acf":[],"_links":{"self":[{"href":"https:\/\/lediamant.ch\/de\/wp-json\/wp\/v2\/product\/137163","targetHints":{"allow":["GET"]}}],"collection":[{"href":"https:\/\/lediamant.ch\/de\/wp-json\/wp\/v2\/product"}],"about":[{"href":"https:\/\/lediamant.ch\/de\/wp-json\/wp\/v2\/types\/product"}],"wp:featuredmedia":[{"embeddable":true,"href":"https:\/\/lediamant.ch\/de\/wp-json\/wp\/v2\/media\/137161"}],"wp:attachment":[{"href":"https:\/\/lediamant.ch\/de\/wp-json\/wp\/v2\/media?parent=137163"}],"wp:term":[{"taxonomy":"brand","embeddable":true,"href":"https:\/\/lediamant.ch\/de\/wp-json\/wp\/v2\/brand?post=137163"},{"taxonomy":"product_brand","embeddable":true,"href":"https:\/\/lediamant.ch\/de\/wp-json\/wp\/v2\/product_brand?post=137163"},{"taxonomy":"product_cat","embeddable":true,"href":"https:\/\/lediamant.ch\/de\/wp-json\/wp\/v2\/product_cat?post=137163"},{"taxonomy":"product_tag","embeddable":true,"href":"https:\/\/lediamant.ch\/de\/wp-json\/wp\/v2\/product_tag?post=137163"}],"curies":[{"name":"wp","href":"https:\/\/api.w.org\/{rel}","templated":true}]}}