{"id":137255,"date":"2020-03-17T08:09:49","date_gmt":"2020-03-17T07:09:49","guid":{"rendered":"https:\/\/lediamant.ch\/produit\/schmuck-de\/ohrringe-de\/ohrstecker-de\/ohrstecker-zirkonia-6-mm-zargenfassung-weissgold-750-18\/"},"modified":"2026-03-12T15:51:23","modified_gmt":"2026-03-12T14:51:23","slug":"clous-d-oreilles-zircon-6-mm-serti-clos-or-blanc-750-18-ct","status":"publish","type":"product","link":"https:\/\/lediamant.ch\/de\/schmuck\/137255-ohrstecker-zirkonia-6-mm-zargenfassung-weissgold-750-18\/","title":{"rendered":"Ohrstecker, Zirkonia, Zargenfassung, Wei\u00dfgold 750\/18 ct. 6 mm"},"content":{"rendered":"<p>Diese eleganten und zeitlosen Ohrstecker sind aus 750\/18 ct Wei\u00dfgold gefertigt, das einen au\u00dfergew\u00f6hnlichen Glanz und eine unvergleichliche Haltbarkeit bietet. Sie sind mit 6 mm gro\u00dfen Zirkonia in Zargenfassung verziert, die das Licht aus jedem Winkel einfangen und f\u00fcr einen spektakul\u00e4ren Glanz sorgen. Diese Ohrringe sind perfekt, um jedem Outfit einen Hauch von Glamour zu verleihen, sei es f\u00fcr einen besonderen Anlass oder f\u00fcr den Alltag.  <\/p>\n","protected":false},"excerpt":{"rendered":"<p>Diese eleganten und zeitlosen Ohrstecker sind aus 750\/18 ct Wei\u00dfgold gefertigt, das einen au\u00dfergew\u00f6hnlichen Glanz und eine unvergleichliche Haltbarkeit bietet. Sie sind mit 6 mm gro\u00dfen Zirkonia in Zargenfassung verziert, die das Licht aus jedem Winkel einfangen und f\u00fcr einen spektakul\u00e4ren Glanz sorgen. Diese Ohrringe sind perfekt, um jedem Outfit einen Hauch von Glamour zu &#8230; <a title=\"Ohrstecker, Zirkonia, Zargenfassung, Wei\u00dfgold 750\/18 ct. 6 mm\" class=\"read-more\" href=\"https:\/\/lediamant.ch\/de\/schmuck\/137255-ohrstecker-zirkonia-6-mm-zargenfassung-weissgold-750-18\/\" aria-label=\"Mehr Informationen \u00fcber Ohrstecker, Zirkonia, Zargenfassung, Wei\u00dfgold 750\/18 ct. 6 mm\">Weiterlesen &#8230;<\/a><\/p>\n","protected":false},"featured_media":137253,"template":"","meta":{"_acf_changed":false,"_seopress_robots_primary_cat":"27192","_seopress_titles_title":"%%post_title%%","_seopress_titles_desc":"Entdecken Sie unsere Ohrstecker aus 750\/18 Karat Wei\u00dfgold mit 6 mm gro\u00dfen Zirkonia, die sich perfekt f\u00fcr den t\u00e4glichen Glanz oder besondere Anl\u00e4sse eignen.","_seopress_robots_index":""},"brand":[27089],"product_brand":[],"product_cat":[27171,27193,27121],"product_tag":[],"class_list":{"0":"post-137255","1":"product","2":"type-product","3":"status-publish","4":"has-post-thumbnail","6":"brand-gold-jewellery-de","7":"product_cat-ohrringe","8":"product_cat-ohrstecker","9":"product_cat-schmuck","10":"pa_dimensions-6-mm","11":"pa_garantie-12monate","12":"pa_genre-frau","13":"pa_matiere-75018ktweissgold","14":"pa_pierres-zirkon-de","15":"sales-flash-overlay","16":"woocommerce-text-align-center","17":"woocommerce-image-align-center","18":"do-quantity-buttons","20":"first","21":"instock","22":"taxable","23":"shipping-taxable","24":"purchasable","25":"product-type-simple"},"acf":[],"_links":{"self":[{"href":"https:\/\/lediamant.ch\/de\/wp-json\/wp\/v2\/product\/137255","targetHints":{"allow":["GET"]}}],"collection":[{"href":"https:\/\/lediamant.ch\/de\/wp-json\/wp\/v2\/product"}],"about":[{"href":"https:\/\/lediamant.ch\/de\/wp-json\/wp\/v2\/types\/product"}],"wp:featuredmedia":[{"embeddable":true,"href":"https:\/\/lediamant.ch\/de\/wp-json\/wp\/v2\/media\/137253"}],"wp:attachment":[{"href":"https:\/\/lediamant.ch\/de\/wp-json\/wp\/v2\/media?parent=137255"}],"wp:term":[{"taxonomy":"brand","embeddable":true,"href":"https:\/\/lediamant.ch\/de\/wp-json\/wp\/v2\/brand?post=137255"},{"taxonomy":"product_brand","embeddable":true,"href":"https:\/\/lediamant.ch\/de\/wp-json\/wp\/v2\/product_brand?post=137255"},{"taxonomy":"product_cat","embeddable":true,"href":"https:\/\/lediamant.ch\/de\/wp-json\/wp\/v2\/product_cat?post=137255"},{"taxonomy":"product_tag","embeddable":true,"href":"https:\/\/lediamant.ch\/de\/wp-json\/wp\/v2\/product_tag?post=137255"}],"curies":[{"name":"wp","href":"https:\/\/api.w.org\/{rel}","templated":true}]}}