{"id":137347,"date":"2020-03-17T08:10:18","date_gmt":"2020-03-17T07:10:18","guid":{"rendered":"https:\/\/lediamant.ch\/produit\/schmuck-de\/ohrringe-de\/ohrstecker-de\/750-goldene-ohrstecker\/"},"modified":"2026-03-12T15:43:06","modified_gmt":"2026-03-12T14:43:06","slug":"clous-d-oreilles-or-750-8","status":"publish","type":"product","link":"https:\/\/lediamant.ch\/de\/schmuck\/137347-ohrstecker-aus-weissgold-750-18-ct-8mm-1263036830001\/","title":{"rendered":"Ohrstecker aus Wei\u00dfgold 750\/18 ct. ca. 8mm"},"content":{"rendered":"<p>Diese eleganten Ohrstecker sind aus 750\/18 ct Wei\u00dfgold gefertigt. Mit einem Durchmesser von 8 mm sind sie unauff\u00e4llig genug f\u00fcr den t\u00e4glichen Gebrauch, verleihen Ihrem Outfit aber dennoch einen Hauch von Raffinesse. Ihr schlichtes, aber raffiniertes Design ist perfekt f\u00fcr jede Gelegenheit, sei es ein legeres Ausgehen oder ein formelles Ereignis. Diese Ohrstecker sind eine perfekte Wahl f\u00fcr diejenigen, die Sch\u00f6nheit in der Einfachheit sch\u00e4tzen.   <\/p>\n","protected":false},"excerpt":{"rendered":"<p>Diese eleganten Ohrstecker sind aus 750\/18 ct Wei\u00dfgold gefertigt. Mit einem Durchmesser von 8 mm sind sie unauff\u00e4llig genug f\u00fcr den t\u00e4glichen Gebrauch, verleihen Ihrem Outfit aber dennoch einen Hauch von Raffinesse. Ihr schlichtes, aber raffiniertes Design ist perfekt f\u00fcr jede Gelegenheit, sei es ein legeres Ausgehen oder ein formelles Ereignis. Diese Ohrstecker sind eine &#8230; <a title=\"Ohrstecker aus Wei\u00dfgold 750\/18 ct. ca. 8mm\" class=\"read-more\" href=\"https:\/\/lediamant.ch\/de\/schmuck\/137347-ohrstecker-aus-weissgold-750-18-ct-8mm-1263036830001\/\" aria-label=\"Mehr Informationen \u00fcber Ohrstecker aus Wei\u00dfgold 750\/18 ct. ca. 8mm\">Weiterlesen &#8230;<\/a><\/p>\n","protected":false},"featured_media":137345,"template":"","meta":{"_acf_changed":false,"_seopress_robots_primary_cat":"27192","_seopress_titles_title":"%%post_title%%","_seopress_titles_desc":"Entdecken Sie diese Ohrstecker aus 18 Karat Wei\u00dfgold, die sich perfekt f\u00fcr jeden Anlass eignen. Schlichtes und elegantes Design, ideal f\u00fcr den Alltag. F\u00fcgen Sie einen Hauch von Raffinesse hinzu!  ","_seopress_robots_index":""},"brand":[27089],"product_brand":[],"product_cat":[27171,27193,27121],"product_tag":[],"class_list":{"0":"post-137347","1":"product","2":"type-product","3":"status-publish","4":"has-post-thumbnail","6":"brand-gold-jewellery-de","7":"product_cat-ohrringe","8":"product_cat-ohrstecker","9":"product_cat-schmuck","10":"pa_dimensions-8-0-mm-de","11":"pa_garantie-12monate","12":"pa_matiere-75018ktweissgold","13":"sales-flash-overlay","14":"woocommerce-text-align-center","15":"woocommerce-image-align-center","16":"do-quantity-buttons","18":"first","19":"instock","20":"taxable","21":"shipping-taxable","22":"purchasable","23":"product-type-simple"},"acf":[],"_links":{"self":[{"href":"https:\/\/lediamant.ch\/de\/wp-json\/wp\/v2\/product\/137347","targetHints":{"allow":["GET"]}}],"collection":[{"href":"https:\/\/lediamant.ch\/de\/wp-json\/wp\/v2\/product"}],"about":[{"href":"https:\/\/lediamant.ch\/de\/wp-json\/wp\/v2\/types\/product"}],"wp:featuredmedia":[{"embeddable":true,"href":"https:\/\/lediamant.ch\/de\/wp-json\/wp\/v2\/media\/137345"}],"wp:attachment":[{"href":"https:\/\/lediamant.ch\/de\/wp-json\/wp\/v2\/media?parent=137347"}],"wp:term":[{"taxonomy":"brand","embeddable":true,"href":"https:\/\/lediamant.ch\/de\/wp-json\/wp\/v2\/brand?post=137347"},{"taxonomy":"product_brand","embeddable":true,"href":"https:\/\/lediamant.ch\/de\/wp-json\/wp\/v2\/product_brand?post=137347"},{"taxonomy":"product_cat","embeddable":true,"href":"https:\/\/lediamant.ch\/de\/wp-json\/wp\/v2\/product_cat?post=137347"},{"taxonomy":"product_tag","embeddable":true,"href":"https:\/\/lediamant.ch\/de\/wp-json\/wp\/v2\/product_tag?post=137347"}],"curies":[{"name":"wp","href":"https:\/\/api.w.org\/{rel}","templated":true}]}}