{"id":137379,"date":"2020-03-17T08:10:39","date_gmt":"2020-03-17T07:10:39","guid":{"rendered":"https:\/\/lediamant.ch\/produit\/schmuck-de\/ohrringe-de\/ohrstecker-de\/kugelknopfohrringe-750-gold-4-mm\/"},"modified":"2026-03-12T15:33:54","modified_gmt":"2026-03-12T14:33:54","slug":"clous-d-oreilles-or-750-11","status":"publish","type":"product","link":"https:\/\/lediamant.ch\/de\/schmuck\/137379-kugelfoermige-ohrstecker-weissgold-750-18-ct-4-mm-1263038300042\/","title":{"rendered":"Kugelf\u00f6rmige Ohrstecker, Wei\u00dfgold 750\/18 ct. 4 mm"},"content":{"rendered":"<p>Diese eleganten Ohrstecker sind aus 750\/18 ct. Wei\u00dfgold gefertigt und bieten einen dauerhaften Glanz und zeitlosen Charme. Das einfache Design der 4 mm gro\u00dfen Kugel ist sowohl dezent als auch raffiniert und macht sie zu einer perfekten Wahl f\u00fcr den t\u00e4glichen Gebrauch oder f\u00fcr besondere Anl\u00e4sse. Diese Ohrringe sind eine wunderbare Wahl f\u00fcr diejenigen, die Sch\u00f6nheit in der Einfachheit sch\u00e4tzen. F\u00fcgen Sie Ihrer Schmuckkollektion mit diesen Ohrsteckern aus Wei\u00dfgold einen Hauch von Raffinesse hinzu.<\/p>\n","protected":false},"excerpt":{"rendered":"<p>Diese eleganten Ohrstecker sind aus 750\/18 ct. Wei\u00dfgold gefertigt und bieten einen dauerhaften Glanz und zeitlosen Charme. Das einfache Design der 4 mm gro\u00dfen Kugel ist sowohl dezent als auch raffiniert und macht sie zu einer perfekten Wahl f\u00fcr den t\u00e4glichen Gebrauch oder f\u00fcr besondere Anl\u00e4sse. Diese Ohrringe sind eine wunderbare Wahl f\u00fcr diejenigen, die &#8230; <a title=\"Kugelf\u00f6rmige Ohrstecker, Wei\u00dfgold 750\/18 ct. 4 mm\" class=\"read-more\" href=\"https:\/\/lediamant.ch\/de\/schmuck\/137379-kugelfoermige-ohrstecker-weissgold-750-18-ct-4-mm-1263038300042\/\" aria-label=\"Mehr Informationen \u00fcber Kugelf\u00f6rmige Ohrstecker, Wei\u00dfgold 750\/18 ct. 4 mm\">Weiterlesen &#8230;<\/a><\/p>\n","protected":false},"featured_media":137377,"template":"","meta":{"_acf_changed":false,"_seopress_robots_primary_cat":"27192","_seopress_titles_title":"%%post_title%%","_seopress_titles_desc":"Entdecken Sie den zeitlosen Glanz unserer Ohrstecker aus 18 Karat Wei\u00dfgold. Perfekt f\u00fcr den Alltag oder f\u00fcr besondere Anl\u00e4sse. Verleihen Sie Ihrem Stil einen Hauch von Raffinesse.  ","_seopress_robots_index":""},"brand":[27089],"product_brand":[],"product_cat":[27171,27193,27121],"product_tag":[],"class_list":{"0":"post-137379","1":"product","2":"type-product","3":"status-publish","4":"has-post-thumbnail","6":"brand-gold-jewellery-de","7":"product_cat-ohrringe","8":"product_cat-ohrstecker","9":"product_cat-schmuck","10":"pa_dimensions-durchmesser-4-mm","11":"pa_garantie-12monate","12":"pa_genre-frau","13":"pa_matiere-75018ktweissgold","14":"sales-flash-overlay","15":"woocommerce-text-align-center","16":"woocommerce-image-align-center","17":"do-quantity-buttons","19":"first","20":"instock","21":"taxable","22":"shipping-taxable","23":"purchasable","24":"product-type-simple"},"acf":[],"_links":{"self":[{"href":"https:\/\/lediamant.ch\/de\/wp-json\/wp\/v2\/product\/137379","targetHints":{"allow":["GET"]}}],"collection":[{"href":"https:\/\/lediamant.ch\/de\/wp-json\/wp\/v2\/product"}],"about":[{"href":"https:\/\/lediamant.ch\/de\/wp-json\/wp\/v2\/types\/product"}],"wp:featuredmedia":[{"embeddable":true,"href":"https:\/\/lediamant.ch\/de\/wp-json\/wp\/v2\/media\/137377"}],"wp:attachment":[{"href":"https:\/\/lediamant.ch\/de\/wp-json\/wp\/v2\/media?parent=137379"}],"wp:term":[{"taxonomy":"brand","embeddable":true,"href":"https:\/\/lediamant.ch\/de\/wp-json\/wp\/v2\/brand?post=137379"},{"taxonomy":"product_brand","embeddable":true,"href":"https:\/\/lediamant.ch\/de\/wp-json\/wp\/v2\/product_brand?post=137379"},{"taxonomy":"product_cat","embeddable":true,"href":"https:\/\/lediamant.ch\/de\/wp-json\/wp\/v2\/product_cat?post=137379"},{"taxonomy":"product_tag","embeddable":true,"href":"https:\/\/lediamant.ch\/de\/wp-json\/wp\/v2\/product_tag?post=137379"}],"curies":[{"name":"wp","href":"https:\/\/api.w.org\/{rel}","templated":true}]}}