{"id":137383,"date":"2020-03-17T08:10:39","date_gmt":"2020-03-17T07:10:39","guid":{"rendered":"https:\/\/lediamant.ch\/produit\/schmuck-de\/ohrringe-de\/ohrstecker-de\/kugelknopfohrringe-750-gold-5-mm\/"},"modified":"2026-03-12T15:33:34","modified_gmt":"2026-03-12T14:33:34","slug":"clous-d-oreilles-or-750-12","status":"publish","type":"product","link":"https:\/\/lediamant.ch\/de\/schmuck\/137383-kugelfoermige-ohrstecker-weissgold-750-18-ct-5-mm-1263038300052\/","title":{"rendered":"Kugelf\u00f6rmige Ohrstecker, Wei\u00dfgold 750\/18 ct. 5 mm"},"content":{"rendered":"<p>Diese Kugel-Ohrstecker sind ein echtes Symbol f\u00fcr zeitlose Eleganz. Sie sind aus Wei\u00dfgold 750\/18 ct. gefertigt, haben einen Durchmesser von 5 mm und verleihen jedem Outfit einen Hauch von Raffinesse. Ihr minimalistisches Design und die gl\u00e4nzende Oberfl\u00e4che machen sie zu einer perfekten Wahl f\u00fcr den t\u00e4glichen Gebrauch oder f\u00fcr besondere Anl\u00e4sse. Diese Ohrstecker sind eine wertvolle Erg\u00e4nzung f\u00fcr jede Schmuckkollektion.    <\/p>\n","protected":false},"excerpt":{"rendered":"<p>Diese Kugel-Ohrstecker sind ein echtes Symbol f\u00fcr zeitlose Eleganz. Sie sind aus Wei\u00dfgold 750\/18 ct. gefertigt, haben einen Durchmesser von 5 mm und verleihen jedem Outfit einen Hauch von Raffinesse. Ihr minimalistisches Design und die gl\u00e4nzende Oberfl\u00e4che machen sie zu einer perfekten Wahl f\u00fcr den t\u00e4glichen Gebrauch oder f\u00fcr besondere Anl\u00e4sse. Diese Ohrstecker sind eine &#8230; <a title=\"Kugelf\u00f6rmige Ohrstecker, Wei\u00dfgold 750\/18 ct. 5 mm\" class=\"read-more\" href=\"https:\/\/lediamant.ch\/de\/schmuck\/137383-kugelfoermige-ohrstecker-weissgold-750-18-ct-5-mm-1263038300052\/\" aria-label=\"Mehr Informationen \u00fcber Kugelf\u00f6rmige Ohrstecker, Wei\u00dfgold 750\/18 ct. 5 mm\">Weiterlesen &#8230;<\/a><\/p>\n","protected":false},"featured_media":137381,"template":"","meta":{"_acf_changed":false,"_seopress_robots_primary_cat":"27192","_seopress_titles_title":"%%post_title%%","_seopress_titles_desc":"","_seopress_robots_index":""},"brand":[27089],"product_brand":[],"product_cat":[27171,27193,27121],"product_tag":[],"class_list":{"0":"post-137383","1":"product","2":"type-product","3":"status-publish","4":"has-post-thumbnail","6":"brand-gold-jewellery-de","7":"product_cat-ohrringe","8":"product_cat-ohrstecker","9":"product_cat-schmuck","10":"pa_dimensions-durchmesser-5-mm","11":"pa_garantie-12monate","12":"pa_genre-frau","13":"pa_matiere-75018ktweissgold","14":"sales-flash-overlay","15":"woocommerce-text-align-center","16":"woocommerce-image-align-center","17":"do-quantity-buttons","19":"first","20":"instock","21":"taxable","22":"shipping-taxable","23":"purchasable","24":"product-type-simple"},"acf":[],"_links":{"self":[{"href":"https:\/\/lediamant.ch\/de\/wp-json\/wp\/v2\/product\/137383","targetHints":{"allow":["GET"]}}],"collection":[{"href":"https:\/\/lediamant.ch\/de\/wp-json\/wp\/v2\/product"}],"about":[{"href":"https:\/\/lediamant.ch\/de\/wp-json\/wp\/v2\/types\/product"}],"wp:featuredmedia":[{"embeddable":true,"href":"https:\/\/lediamant.ch\/de\/wp-json\/wp\/v2\/media\/137381"}],"wp:attachment":[{"href":"https:\/\/lediamant.ch\/de\/wp-json\/wp\/v2\/media?parent=137383"}],"wp:term":[{"taxonomy":"brand","embeddable":true,"href":"https:\/\/lediamant.ch\/de\/wp-json\/wp\/v2\/brand?post=137383"},{"taxonomy":"product_brand","embeddable":true,"href":"https:\/\/lediamant.ch\/de\/wp-json\/wp\/v2\/product_brand?post=137383"},{"taxonomy":"product_cat","embeddable":true,"href":"https:\/\/lediamant.ch\/de\/wp-json\/wp\/v2\/product_cat?post=137383"},{"taxonomy":"product_tag","embeddable":true,"href":"https:\/\/lediamant.ch\/de\/wp-json\/wp\/v2\/product_tag?post=137383"}],"curies":[{"name":"wp","href":"https:\/\/api.w.org\/{rel}","templated":true}]}}