{"id":137391,"date":"2020-03-17T08:10:39","date_gmt":"2020-03-17T07:10:39","guid":{"rendered":"https:\/\/lediamant.ch\/produit\/schmuck-de\/ohrringe-de\/tropfenohrringe-de\/tropfenohrringe-mit-kugeln-750-gold\/"},"modified":"2025-10-03T08:14:51","modified_gmt":"2025-10-03T06:14:51","slug":"pampilles-gold-750","status":"publish","type":"product","link":"https:\/\/lediamant.ch\/de\/schmuck\/137391-ohrhaenger-mit-kugeln-gelbgold-750-18-kt-1169032000001\/","title":{"rendered":"Ohrh\u00e4nger mit Kugeln, Gelbgold 750\/18 ct."},"content":{"rendered":"<p>Diese Ohrh\u00e4nger aus 750er Gelbgold (18 Karat) sind von zeitloser Eleganz. Sie sind mit einer zarten Goldkugel am Ende versehen, die einen Hauch von subtiler Raffinesse verleiht. Das minimalistische Design dieser Ohrringe macht sie ideal f\u00fcr das t\u00e4gliche Tragen oder f\u00fcr besondere Anl\u00e4sse. Sie sind eine perfekte Erg\u00e4nzung zu jeder Schmuckkollektion und ein ideales Geschenk f\u00fcr einen besonderen Menschen.   <\/p>\n","protected":false},"excerpt":{"rendered":"<p>Diese Ohrh\u00e4nger aus 750er Gelbgold (18 Karat) sind von zeitloser Eleganz. Sie sind mit einer zarten Goldkugel am Ende versehen, die einen Hauch von subtiler Raffinesse verleiht. Das minimalistische Design dieser Ohrringe macht sie ideal f\u00fcr das t\u00e4gliche Tragen oder f\u00fcr besondere Anl\u00e4sse. Sie sind eine perfekte Erg\u00e4nzung zu jeder Schmuckkollektion und ein ideales Geschenk &#8230; <a title=\"Ohrh\u00e4nger mit Kugeln, Gelbgold 750\/18 ct.\" class=\"read-more\" href=\"https:\/\/lediamant.ch\/de\/schmuck\/137391-ohrhaenger-mit-kugeln-gelbgold-750-18-kt-1169032000001\/\" aria-label=\"Mehr Informationen \u00fcber Ohrh\u00e4nger mit Kugeln, Gelbgold 750\/18 ct.\">Weiterlesen &#8230;<\/a><\/p>\n","protected":false},"featured_media":137389,"template":"","meta":{"_acf_changed":false,"_seopress_robots_primary_cat":"27198","_seopress_titles_title":"%%post_title%%","_seopress_titles_desc":"Entdecken Sie die Ohrh\u00e4nger aus 18 Karat Gelbgold, die sich perfekt f\u00fcr jeden Anlass eignen. Minimalistisches Design und zeitlose Eleganz. ","_seopress_robots_index":""},"brand":[27089],"product_brand":[],"product_cat":[27121,27171,27199],"product_tag":[],"class_list":{"0":"post-137391","1":"product","2":"type-product","3":"status-publish","4":"has-post-thumbnail","6":"brand-gold-jewellery-de","7":"product_cat-schmuck","8":"product_cat-ohrringe","9":"product_cat-ohrhanger","10":"pa_garantie-12monate","11":"pa_genre-frau","12":"pa_matiere-75018ktgelbgold","13":"sales-flash-overlay","14":"woocommerce-text-align-center","15":"woocommerce-image-align-center","16":"do-quantity-buttons","18":"first","19":"instock","20":"taxable","21":"shipping-taxable","22":"purchasable","23":"product-type-simple"},"acf":[],"_links":{"self":[{"href":"https:\/\/lediamant.ch\/de\/wp-json\/wp\/v2\/product\/137391","targetHints":{"allow":["GET"]}}],"collection":[{"href":"https:\/\/lediamant.ch\/de\/wp-json\/wp\/v2\/product"}],"about":[{"href":"https:\/\/lediamant.ch\/de\/wp-json\/wp\/v2\/types\/product"}],"wp:featuredmedia":[{"embeddable":true,"href":"https:\/\/lediamant.ch\/de\/wp-json\/wp\/v2\/media\/137389"}],"wp:attachment":[{"href":"https:\/\/lediamant.ch\/de\/wp-json\/wp\/v2\/media?parent=137391"}],"wp:term":[{"taxonomy":"brand","embeddable":true,"href":"https:\/\/lediamant.ch\/de\/wp-json\/wp\/v2\/brand?post=137391"},{"taxonomy":"product_brand","embeddable":true,"href":"https:\/\/lediamant.ch\/de\/wp-json\/wp\/v2\/product_brand?post=137391"},{"taxonomy":"product_cat","embeddable":true,"href":"https:\/\/lediamant.ch\/de\/wp-json\/wp\/v2\/product_cat?post=137391"},{"taxonomy":"product_tag","embeddable":true,"href":"https:\/\/lediamant.ch\/de\/wp-json\/wp\/v2\/product_tag?post=137391"}],"curies":[{"name":"wp","href":"https:\/\/api.w.org\/{rel}","templated":true}]}}