{"id":137395,"date":"2020-03-17T08:10:39","date_gmt":"2020-03-17T07:10:39","guid":{"rendered":"https:\/\/lediamant.ch\/produit\/schmuck-de\/ohrringe-de\/tropfenohrringe-de\/ohrringe-quasten-kugeln-750-gold\/"},"modified":"2026-03-12T15:31:45","modified_gmt":"2026-03-12T14:31:45","slug":"pampilles-or-750-2","status":"publish","type":"product","link":"https:\/\/lediamant.ch\/de\/schmuck\/137395-ohrhaenger-kugeln-weissgold-750-18-ct-1269032000001\/","title":{"rendered":"Ohrh\u00e4nger, Kugeln, Wei\u00dfgold 750\/18 ct."},"content":{"rendered":"<p>Diese Ohrh\u00e4nger mit Kugeln aus 750\/18 ct. Wei\u00dfgold sind ein wahres Symbol f\u00fcr Eleganz und Raffinesse. Sie wurden mit Sorgfalt und Pr\u00e4zision gefertigt, um Ihrem Outfit einen Hauch von Glamour zu verleihen. Ihr schlichtes, aber raffiniertes Design unterstreicht die nat\u00fcrliche Sch\u00f6nheit des Wei\u00dfgoldes und schafft einen zeitlosen Look, der zu jedem Anlass passt. Ob Sie sie zu einem formellen Abend oder einem legeren Ausflug tragen, diese Ohrh\u00e4nger werden Ihrem Stil einen Hauch von Klasse verleihen.    <\/p>\n","protected":false},"excerpt":{"rendered":"<p>Diese Ohrh\u00e4nger mit Kugeln aus 750\/18 ct. Wei\u00dfgold sind ein wahres Symbol f\u00fcr Eleganz und Raffinesse. Sie wurden mit Sorgfalt und Pr\u00e4zision gefertigt, um Ihrem Outfit einen Hauch von Glamour zu verleihen. Ihr schlichtes, aber raffiniertes Design unterstreicht die nat\u00fcrliche Sch\u00f6nheit des Wei\u00dfgoldes und schafft einen zeitlosen Look, der zu jedem Anlass passt. Ob Sie &#8230; <a title=\"Ohrh\u00e4nger, Kugeln, Wei\u00dfgold 750\/18 ct.\" class=\"read-more\" href=\"https:\/\/lediamant.ch\/de\/schmuck\/137395-ohrhaenger-kugeln-weissgold-750-18-ct-1269032000001\/\" aria-label=\"Mehr Informationen \u00fcber Ohrh\u00e4nger, Kugeln, Wei\u00dfgold 750\/18 ct.\">Weiterlesen &#8230;<\/a><\/p>\n","protected":false},"featured_media":137393,"template":"","meta":{"_acf_changed":false,"_seopress_robots_primary_cat":"27198","_seopress_titles_title":"%%post_title%%","_seopress_titles_desc":"Entdecken Sie Eleganz mit unseren Ohrh\u00e4ngern aus 750\/18 ct Wei\u00dfgold, die perfekt f\u00fcr jeden Anlass sind.","_seopress_robots_index":""},"brand":[27089],"product_brand":[],"product_cat":[27199,27171,27121],"product_tag":[],"class_list":{"0":"post-137395","1":"product","2":"type-product","3":"status-publish","4":"has-post-thumbnail","6":"brand-gold-jewellery-de","7":"product_cat-ohrhanger","8":"product_cat-ohrringe","9":"product_cat-schmuck","10":"pa_garantie-12monate","11":"pa_genre-frau","12":"pa_matiere-75018ktweissgold","13":"sales-flash-overlay","14":"woocommerce-text-align-center","15":"woocommerce-image-align-center","16":"do-quantity-buttons","18":"first","19":"instock","20":"taxable","21":"shipping-taxable","22":"purchasable","23":"product-type-simple"},"acf":[],"_links":{"self":[{"href":"https:\/\/lediamant.ch\/de\/wp-json\/wp\/v2\/product\/137395","targetHints":{"allow":["GET"]}}],"collection":[{"href":"https:\/\/lediamant.ch\/de\/wp-json\/wp\/v2\/product"}],"about":[{"href":"https:\/\/lediamant.ch\/de\/wp-json\/wp\/v2\/types\/product"}],"wp:featuredmedia":[{"embeddable":true,"href":"https:\/\/lediamant.ch\/de\/wp-json\/wp\/v2\/media\/137393"}],"wp:attachment":[{"href":"https:\/\/lediamant.ch\/de\/wp-json\/wp\/v2\/media?parent=137395"}],"wp:term":[{"taxonomy":"brand","embeddable":true,"href":"https:\/\/lediamant.ch\/de\/wp-json\/wp\/v2\/brand?post=137395"},{"taxonomy":"product_brand","embeddable":true,"href":"https:\/\/lediamant.ch\/de\/wp-json\/wp\/v2\/product_brand?post=137395"},{"taxonomy":"product_cat","embeddable":true,"href":"https:\/\/lediamant.ch\/de\/wp-json\/wp\/v2\/product_cat?post=137395"},{"taxonomy":"product_tag","embeddable":true,"href":"https:\/\/lediamant.ch\/de\/wp-json\/wp\/v2\/product_tag?post=137395"}],"curies":[{"name":"wp","href":"https:\/\/api.w.org\/{rel}","templated":true}]}}