{"id":137399,"date":"2020-03-17T08:10:50","date_gmt":"2020-03-17T07:10:50","guid":{"rendered":"https:\/\/lediamant.ch\/produit\/schmuck-de\/ohrringe-de\/tropfenohrringe-de\/tropfenohrringe-mit-tube-750-gold\/"},"modified":"2026-03-12T15:32:39","modified_gmt":"2026-03-12T14:32:39","slug":"pampilles-gold-750-3","status":"publish","type":"product","link":"https:\/\/lediamant.ch\/de\/schmuck\/137399-ohrhaenger-aus-gelbgold-750-18-ct-1169032010001\/","title":{"rendered":"Ohrh\u00e4nger aus Gelbgold 750\/18 ct."},"content":{"rendered":"<p>Diese wundersch\u00f6nen Ohrh\u00e4nger aus 750er Gelbgold (18 ct) sind ein echtes Stil-Statement. Das zarte und elegante Design kombiniert ein gl\u00e4nzendes Finish mit einem zeitlosen Aussehen, was sie zur perfekten Wahl f\u00fcr jeden Anlass macht. Diese in der Schweiz hergestellten Ohrringe sind ein Symbol f\u00fcr exzellente Handwerkskunst, die h\u00f6chste Qualit\u00e4t garantiert. Sie sind leicht und bequem zu tragen, was sie zu einer wertvollen Erg\u00e4nzung jeder Schmuckkollektion macht. Sie werden Ihrem Outfit einen Hauch von Raffinesse verleihen, egal ob Sie zu einem Gesch\u00e4ftstreffen oder einem eleganten Abend gehen.    <\/p>\n","protected":false},"excerpt":{"rendered":"<p>Diese wundersch\u00f6nen Ohrh\u00e4nger aus 750er Gelbgold (18 ct) sind ein echtes Stil-Statement. Das zarte und elegante Design kombiniert ein gl\u00e4nzendes Finish mit einem zeitlosen Aussehen, was sie zur perfekten Wahl f\u00fcr jeden Anlass macht. Diese in der Schweiz hergestellten Ohrringe sind ein Symbol f\u00fcr exzellente Handwerkskunst, die h\u00f6chste Qualit\u00e4t garantiert. Sie sind leicht und bequem &#8230; <a title=\"Ohrh\u00e4nger aus Gelbgold 750\/18 ct.\" class=\"read-more\" href=\"https:\/\/lediamant.ch\/de\/schmuck\/137399-ohrhaenger-aus-gelbgold-750-18-ct-1169032010001\/\" aria-label=\"Mehr Informationen \u00fcber Ohrh\u00e4nger aus Gelbgold 750\/18 ct.\">Weiterlesen &#8230;<\/a><\/p>\n","protected":false},"featured_media":137397,"template":"","meta":{"_acf_changed":false,"_seopress_robots_primary_cat":"27198","_seopress_titles_title":"","_seopress_titles_desc":"","_seopress_robots_index":""},"brand":[27089],"product_brand":[],"product_cat":[27121,27171,27199],"product_tag":[],"class_list":{"0":"post-137399","1":"product","2":"type-product","3":"status-publish","4":"has-post-thumbnail","6":"brand-gold-jewellery-de","7":"product_cat-schmuck","8":"product_cat-ohrringe","9":"product_cat-ohrhanger","10":"pa_garantie-12monate","11":"pa_genre-frau","12":"pa_matiere-75018ktgelbgold","13":"sales-flash-overlay","14":"woocommerce-text-align-center","15":"woocommerce-image-align-center","16":"do-quantity-buttons","18":"first","19":"instock","20":"taxable","21":"shipping-taxable","22":"purchasable","23":"product-type-simple"},"acf":[],"_links":{"self":[{"href":"https:\/\/lediamant.ch\/de\/wp-json\/wp\/v2\/product\/137399","targetHints":{"allow":["GET"]}}],"collection":[{"href":"https:\/\/lediamant.ch\/de\/wp-json\/wp\/v2\/product"}],"about":[{"href":"https:\/\/lediamant.ch\/de\/wp-json\/wp\/v2\/types\/product"}],"wp:featuredmedia":[{"embeddable":true,"href":"https:\/\/lediamant.ch\/de\/wp-json\/wp\/v2\/media\/137397"}],"wp:attachment":[{"href":"https:\/\/lediamant.ch\/de\/wp-json\/wp\/v2\/media?parent=137399"}],"wp:term":[{"taxonomy":"brand","embeddable":true,"href":"https:\/\/lediamant.ch\/de\/wp-json\/wp\/v2\/brand?post=137399"},{"taxonomy":"product_brand","embeddable":true,"href":"https:\/\/lediamant.ch\/de\/wp-json\/wp\/v2\/product_brand?post=137399"},{"taxonomy":"product_cat","embeddable":true,"href":"https:\/\/lediamant.ch\/de\/wp-json\/wp\/v2\/product_cat?post=137399"},{"taxonomy":"product_tag","embeddable":true,"href":"https:\/\/lediamant.ch\/de\/wp-json\/wp\/v2\/product_tag?post=137399"}],"curies":[{"name":"wp","href":"https:\/\/api.w.org\/{rel}","templated":true}]}}