{"id":137403,"date":"2020-03-17T08:10:50","date_gmt":"2020-03-17T07:10:50","guid":{"rendered":"https:\/\/lediamant.ch\/produit\/schmuck-de\/ohrringe-de\/tropfenohrringe-de\/tropfenohrringe-quasten-rohren-750-gold\/"},"modified":"2026-03-12T15:31:43","modified_gmt":"2026-03-12T14:31:43","slug":"pampilles-or-750-4","status":"publish","type":"product","link":"https:\/\/lediamant.ch\/de\/schmuck\/137403-ohrhaenger-weissgold-750-18-kt-1269032010001\/","title":{"rendered":"Ohrh\u00e4nger, Wei\u00dfgold 750\/18ct."},"content":{"rendered":"<p>Diese Ohrh\u00e4nger aus 750er Wei\u00dfgold (18 ct) sind ein wahrer Ausdruck von Eleganz und Kultiviertheit. Sie wurden mit viel Liebe zum Detail entworfen, was sich in der hohen Qualit\u00e4t ihrer Verarbeitung widerspiegelt. Die Troddeln verleihen jedem Outfit einen Hauch von Glamour. Diese Schmuckst\u00fccke sind die perfekte Wahl f\u00fcr diejenigen, die die Kunst des feinen Schmucks sch\u00e4tzen und ihrer Sammlung einen Hauch von Eleganz hinzuf\u00fcgen m\u00f6chten. Sie sind auch ein ideales Geschenk f\u00fcr einen geliebten Menschen.    <\/p>\n","protected":false},"excerpt":{"rendered":"<p>Diese Ohrh\u00e4nger aus 750er Wei\u00dfgold (18 ct) sind ein wahrer Ausdruck von Eleganz und Kultiviertheit. Sie wurden mit viel Liebe zum Detail entworfen, was sich in der hohen Qualit\u00e4t ihrer Verarbeitung widerspiegelt. Die Troddeln verleihen jedem Outfit einen Hauch von Glamour. Diese Schmuckst\u00fccke sind die perfekte Wahl f\u00fcr diejenigen, die die Kunst des feinen Schmucks &#8230; <a title=\"Ohrh\u00e4nger, Wei\u00dfgold 750\/18ct.\" class=\"read-more\" href=\"https:\/\/lediamant.ch\/de\/schmuck\/137403-ohrhaenger-weissgold-750-18-kt-1269032010001\/\" aria-label=\"Mehr Informationen \u00fcber Ohrh\u00e4nger, Wei\u00dfgold 750\/18ct.\">Weiterlesen &#8230;<\/a><\/p>\n","protected":false},"featured_media":137401,"template":"","meta":{"_acf_changed":false,"_seopress_robots_primary_cat":"27198","_seopress_titles_title":"","_seopress_titles_desc":"Entdecken Sie die Eleganz von Ohrh\u00e4ngern aus 750er Wei\u00dfgold, die sorgf\u00e4ltig verarbeitet sind und jedes Outfit versch\u00f6nern. ","_seopress_robots_index":""},"brand":[27089],"product_brand":[],"product_cat":[27199,27171,27121],"product_tag":[],"class_list":{"0":"post-137403","1":"product","2":"type-product","3":"status-publish","4":"has-post-thumbnail","6":"brand-gold-jewellery-de","7":"product_cat-ohrhanger","8":"product_cat-ohrringe","9":"product_cat-schmuck","10":"pa_garantie-12monate","11":"pa_genre-frau","12":"pa_matiere-75018ktweissgold","13":"sales-flash-overlay","14":"woocommerce-text-align-center","15":"woocommerce-image-align-center","16":"do-quantity-buttons","18":"first","19":"instock","20":"taxable","21":"shipping-taxable","22":"purchasable","23":"product-type-simple"},"acf":[],"_links":{"self":[{"href":"https:\/\/lediamant.ch\/de\/wp-json\/wp\/v2\/product\/137403","targetHints":{"allow":["GET"]}}],"collection":[{"href":"https:\/\/lediamant.ch\/de\/wp-json\/wp\/v2\/product"}],"about":[{"href":"https:\/\/lediamant.ch\/de\/wp-json\/wp\/v2\/types\/product"}],"wp:featuredmedia":[{"embeddable":true,"href":"https:\/\/lediamant.ch\/de\/wp-json\/wp\/v2\/media\/137401"}],"wp:attachment":[{"href":"https:\/\/lediamant.ch\/de\/wp-json\/wp\/v2\/media?parent=137403"}],"wp:term":[{"taxonomy":"brand","embeddable":true,"href":"https:\/\/lediamant.ch\/de\/wp-json\/wp\/v2\/brand?post=137403"},{"taxonomy":"product_brand","embeddable":true,"href":"https:\/\/lediamant.ch\/de\/wp-json\/wp\/v2\/product_brand?post=137403"},{"taxonomy":"product_cat","embeddable":true,"href":"https:\/\/lediamant.ch\/de\/wp-json\/wp\/v2\/product_cat?post=137403"},{"taxonomy":"product_tag","embeddable":true,"href":"https:\/\/lediamant.ch\/de\/wp-json\/wp\/v2\/product_tag?post=137403"}],"curies":[{"name":"wp","href":"https:\/\/api.w.org\/{rel}","templated":true}]}}