{"id":137411,"date":"2020-03-17T08:10:50","date_gmt":"2020-03-17T07:10:50","guid":{"rendered":"https:\/\/lediamant.ch\/produit\/schmuck-de\/ohrringe-de\/tropfenohrringe-de\/tropfenohrringe-quasten-herz-750-gold\/"},"modified":"2026-03-12T15:32:36","modified_gmt":"2026-03-12T14:32:36","slug":"pampilles-gold-750-5","status":"publish","type":"product","link":"https:\/\/lediamant.ch\/de\/schmuck\/137411-ohrhaenger-herz-weissgold-75018-kt-1269031510001\/","title":{"rendered":"Ohrh\u00e4nger, Herz, Wei\u00dfgold 750\/18 ct."},"content":{"rendered":"<p>Diese h\u00e4ngenden Ohrringe in Herzform aus 750\/18 Kt. Wei\u00dfgold sind funkelnde Begleiter, die f\u00fcr gute Laune sorgen. Dank ihres schlichten Designs lassen sie sich auf vielf\u00e4ltige Weise kombinieren. Sie werden sich sofort in diese wundersch\u00f6nen Ohrringe verlieben!   <\/p>\n","protected":false},"excerpt":{"rendered":"<p>Diese h\u00e4ngenden Ohrringe in Herzform aus 750\/18 Kt. Wei\u00dfgold sind funkelnde Begleiter, die f\u00fcr gute Laune sorgen. Dank ihres schlichten Designs lassen sie sich auf vielf\u00e4ltige Weise kombinieren. Sie werden sich sofort in diese wundersch\u00f6nen Ohrringe verlieben!<\/p>\n","protected":false},"featured_media":137409,"template":"","meta":{"_acf_changed":false,"_seopress_robots_primary_cat":"27198","_seopress_titles_title":"","_seopress_titles_desc":"Entdecken Sie unsere eleganten Pampillen aus 750er Gold bei Le Diamant. Feinheit und Qualit\u00e4t, um jeden Moment zu versch\u00f6nern. ","_seopress_robots_index":""},"brand":[27089],"product_brand":[],"product_cat":[27251,27125,27199,27171,27121,27153],"product_tag":[],"class_list":{"0":"post-137411","1":"product","2":"type-product","3":"status-publish","4":"has-post-thumbnail","6":"brand-gold-jewellery-de","7":"product_cat-auswahl-fuer-sie-de","8":"product_cat-geschenkideen","9":"product_cat-ohrhanger","10":"product_cat-ohrringe","11":"product_cat-schmuck","12":"product_cat-valentinstag-de","13":"pa_garantie-12monate","14":"pa_matiere-75018ktweissgold","15":"sales-flash-overlay","16":"woocommerce-text-align-center","17":"woocommerce-image-align-center","18":"do-quantity-buttons","20":"first","21":"instock","22":"taxable","23":"shipping-taxable","24":"purchasable","25":"product-type-simple"},"acf":[],"_links":{"self":[{"href":"https:\/\/lediamant.ch\/de\/wp-json\/wp\/v2\/product\/137411","targetHints":{"allow":["GET"]}}],"collection":[{"href":"https:\/\/lediamant.ch\/de\/wp-json\/wp\/v2\/product"}],"about":[{"href":"https:\/\/lediamant.ch\/de\/wp-json\/wp\/v2\/types\/product"}],"wp:featuredmedia":[{"embeddable":true,"href":"https:\/\/lediamant.ch\/de\/wp-json\/wp\/v2\/media\/137409"}],"wp:attachment":[{"href":"https:\/\/lediamant.ch\/de\/wp-json\/wp\/v2\/media?parent=137411"}],"wp:term":[{"taxonomy":"brand","embeddable":true,"href":"https:\/\/lediamant.ch\/de\/wp-json\/wp\/v2\/brand?post=137411"},{"taxonomy":"product_brand","embeddable":true,"href":"https:\/\/lediamant.ch\/de\/wp-json\/wp\/v2\/product_brand?post=137411"},{"taxonomy":"product_cat","embeddable":true,"href":"https:\/\/lediamant.ch\/de\/wp-json\/wp\/v2\/product_cat?post=137411"},{"taxonomy":"product_tag","embeddable":true,"href":"https:\/\/lediamant.ch\/de\/wp-json\/wp\/v2\/product_tag?post=137411"}],"curies":[{"name":"wp","href":"https:\/\/api.w.org\/{rel}","templated":true}]}}