{"id":137527,"date":"2020-03-17T08:11:46","date_gmt":"2020-03-17T07:11:46","guid":{"rendered":"https:\/\/lediamant.ch\/produit\/schmuck-de\/nasenstecker-de\/nasenstecker-gold-750-17\/"},"modified":"2025-12-10T17:40:00","modified_gmt":"2025-12-10T16:40:00","slug":"clou-de-nez-or-750-17","status":"publish","type":"product","link":"https:\/\/lediamant.ch\/de\/schmuck\/137527-nasenstecker-weissgold-750-18-kt-diamant-128701010-0001\/","title":{"rendered":"Nasenstecker aus Wei\u00dfgold 750\/18 ct. Diamant 0,04 ct H\/Si"},"content":{"rendered":"<p>Entdecken Sie unseren eleganten Nasenstecker aus 18 Karat Wei\u00dfgold mit einem Diamanten von 0,04 Karat. H SI glitzernd. Perfekt f\u00fcr einen Hauch von Luxus.<\/p>\n","protected":false},"excerpt":{"rendered":"<p>Entdecken Sie unseren eleganten Nasenstecker aus 18 Karat Wei\u00dfgold mit einem Diamanten von 0,04 Karat. H SI glitzernd. Perfekt f\u00fcr einen Hauch von Luxus.<\/p>\n","protected":false},"featured_media":137521,"template":"","meta":{"_acf_changed":false,"_seopress_robots_primary_cat":"27186","_seopress_titles_title":"%%post_title%%","_seopress_titles_desc":"Entdecken Sie unseren eleganten Clou aus 18 Karat Wei\u00dfgold mit einem funkelnden Diamanten. Perfekt f\u00fcr einen Hauch von t\u00e4glichem Luxus.","_seopress_robots_index":""},"brand":[27089],"product_brand":[],"product_cat":[27187,27121],"product_tag":[],"class_list":{"0":"post-137527","1":"product","2":"type-product","3":"status-publish","4":"has-post-thumbnail","6":"brand-gold-jewellery-de","7":"product_cat-nasenstecker","8":"product_cat-schmuck","9":"pa_garantie-12monate","10":"pa_genre-frau","11":"pa_matiere-75018ktweissgold","12":"pa_pierres-diamant-de","13":"sales-flash-overlay","14":"woocommerce-text-align-center","15":"woocommerce-image-align-center","16":"do-quantity-buttons","18":"first","19":"instock","20":"taxable","21":"shipping-taxable","22":"purchasable","23":"product-type-simple"},"acf":[],"_links":{"self":[{"href":"https:\/\/lediamant.ch\/de\/wp-json\/wp\/v2\/product\/137527","targetHints":{"allow":["GET"]}}],"collection":[{"href":"https:\/\/lediamant.ch\/de\/wp-json\/wp\/v2\/product"}],"about":[{"href":"https:\/\/lediamant.ch\/de\/wp-json\/wp\/v2\/types\/product"}],"wp:featuredmedia":[{"embeddable":true,"href":"https:\/\/lediamant.ch\/de\/wp-json\/wp\/v2\/media\/137521"}],"wp:attachment":[{"href":"https:\/\/lediamant.ch\/de\/wp-json\/wp\/v2\/media?parent=137527"}],"wp:term":[{"taxonomy":"brand","embeddable":true,"href":"https:\/\/lediamant.ch\/de\/wp-json\/wp\/v2\/brand?post=137527"},{"taxonomy":"product_brand","embeddable":true,"href":"https:\/\/lediamant.ch\/de\/wp-json\/wp\/v2\/product_brand?post=137527"},{"taxonomy":"product_cat","embeddable":true,"href":"https:\/\/lediamant.ch\/de\/wp-json\/wp\/v2\/product_cat?post=137527"},{"taxonomy":"product_tag","embeddable":true,"href":"https:\/\/lediamant.ch\/de\/wp-json\/wp\/v2\/product_tag?post=137527"}],"curies":[{"name":"wp","href":"https:\/\/api.w.org\/{rel}","templated":true}]}}