{"id":137643,"date":"2020-03-17T08:12:32","date_gmt":"2020-03-17T07:12:32","guid":{"rendered":"https:\/\/lediamant.ch\/produit\/schmuck-de\/ohrringe-de\/ohrstecker-de\/diamantohrstecker-015-ct-g-brillantschliff-750-gold-3\/"},"modified":"2026-03-12T15:15:32","modified_gmt":"2026-03-12T14:15:32","slug":"clous-d-oreilles-or-750-28","status":"publish","type":"product","link":"https:\/\/lediamant.ch\/de\/schmuck\/137643-diamantohrstecker-015-ct-g-brillantschliff-750-gold-3\/","title":{"rendered":"Diamant-Ohrstecker, 0,15 ct. G SI, Wei\u00dfgold 750\/18 ct."},"content":{"rendered":"<p>Diese Ohrstecker aus 750\/18 Karat Wei\u00dfgold sind ein echtes Symbol f\u00fcr zeitlose Eleganz. Jede Schnalle ist mit einem wundersch\u00f6nen Diamanten von 0,15 ct., ca. 3,5 mm, besetzt, der bei jeder Bewegung funkelt. Das minimalistische Design dieser Schmuckst\u00fccke macht sie perfekt f\u00fcr jeden Anlass und verleiht jedem Outfit einen Hauch von diskretem Luxus. Sie sind auch das perfekte Geschenk, um einen Geburtstag, einen Hochzeitstag oder einfach nur Ihre Liebe auszudr\u00fccken.<\/p>\n","protected":false},"excerpt":{"rendered":"<p>Diese Ohrstecker aus 750\/18 Karat Wei\u00dfgold sind ein echtes Symbol f\u00fcr zeitlose Eleganz. Jede Schnalle ist mit einem wundersch\u00f6nen Diamanten von 0,15 ct., ca. 3,5 mm, besetzt, der bei jeder Bewegung funkelt. Das minimalistische Design dieser Schmuckst\u00fccke macht sie perfekt f\u00fcr jeden Anlass und verleiht jedem Outfit einen Hauch von diskretem Luxus. Sie sind auch &#8230; <a title=\"Diamant-Ohrstecker, 0,15 ct. G SI, Wei\u00dfgold 750\/18 ct.\" class=\"read-more\" href=\"https:\/\/lediamant.ch\/de\/schmuck\/137643-diamantohrstecker-015-ct-g-brillantschliff-750-gold-3\/\" aria-label=\"Mehr Informationen \u00fcber Diamant-Ohrstecker, 0,15 ct. G SI, Wei\u00dfgold 750\/18 ct.\">Weiterlesen &#8230;<\/a><\/p>\n","protected":false},"featured_media":137641,"template":"","meta":{"_acf_changed":false,"_seopress_robots_primary_cat":"27192","_seopress_titles_title":"","_seopress_titles_desc":"","_seopress_robots_index":""},"brand":[27089],"product_brand":[],"product_cat":[27171,27193,27121],"product_tag":[],"class_list":{"0":"post-137643","1":"product","2":"type-product","3":"status-publish","4":"has-post-thumbnail","6":"brand-gold-jewellery-de","7":"product_cat-ohrringe","8":"product_cat-ohrstecker","9":"product_cat-schmuck","10":"pa_garantie-12monate","11":"pa_genre-frau","12":"pa_matiere-75018ktweissgold","13":"pa_pierres-diamant-de","14":"sales-flash-overlay","15":"woocommerce-text-align-center","16":"woocommerce-image-align-center","17":"do-quantity-buttons","19":"first","20":"instock","21":"taxable","22":"shipping-taxable","23":"purchasable","24":"product-type-simple"},"acf":[],"_links":{"self":[{"href":"https:\/\/lediamant.ch\/de\/wp-json\/wp\/v2\/product\/137643","targetHints":{"allow":["GET"]}}],"collection":[{"href":"https:\/\/lediamant.ch\/de\/wp-json\/wp\/v2\/product"}],"about":[{"href":"https:\/\/lediamant.ch\/de\/wp-json\/wp\/v2\/types\/product"}],"wp:featuredmedia":[{"embeddable":true,"href":"https:\/\/lediamant.ch\/de\/wp-json\/wp\/v2\/media\/137641"}],"wp:attachment":[{"href":"https:\/\/lediamant.ch\/de\/wp-json\/wp\/v2\/media?parent=137643"}],"wp:term":[{"taxonomy":"brand","embeddable":true,"href":"https:\/\/lediamant.ch\/de\/wp-json\/wp\/v2\/brand?post=137643"},{"taxonomy":"product_brand","embeddable":true,"href":"https:\/\/lediamant.ch\/de\/wp-json\/wp\/v2\/product_brand?post=137643"},{"taxonomy":"product_cat","embeddable":true,"href":"https:\/\/lediamant.ch\/de\/wp-json\/wp\/v2\/product_cat?post=137643"},{"taxonomy":"product_tag","embeddable":true,"href":"https:\/\/lediamant.ch\/de\/wp-json\/wp\/v2\/product_tag?post=137643"}],"curies":[{"name":"wp","href":"https:\/\/api.w.org\/{rel}","templated":true}]}}