{"id":137845,"date":"2020-03-17T08:14:05","date_gmt":"2020-03-17T07:14:05","guid":{"rendered":"https:\/\/lediamant.ch\/produit\/schmuck-de\/ohrringe-de\/ohrstecker-de\/ohrstecker-suesswasserperlen-8-85-mm-weissgold-750-18-kt\/"},"modified":"2026-04-14T14:52:49","modified_gmt":"2026-04-14T12:52:49","slug":"clous-d-oreilles-perles-eau-douce-8-85-mm-or-blanc-750-18-ct","status":"publish","type":"product","link":"https:\/\/lediamant.ch\/de\/schmuck\/137845-ohrstecker-suesswasserperlen-8-85-mm-weissgold-750-18-kt\/","title":{"rendered":"Ohrstecker S\u00fc\u00dfwasserperlen 8-8,5mm Wei\u00dfgold 750\/18 kt."},"content":{"rendered":"","protected":false},"excerpt":{"rendered":"","protected":false},"featured_media":227348,"template":"","meta":{"_acf_changed":false,"_seopress_robots_primary_cat":"27193","_seopress_titles_title":"","_seopress_titles_desc":"","_seopress_robots_index":""},"brand":[42515],"product_brand":[],"product_cat":[27171,27193,27121],"product_tag":[],"class_list":{"0":"post-137845","1":"product","2":"type-product","3":"status-publish","4":"has-post-thumbnail","6":"brand-pearl-jewellery","7":"product_cat-ohrringe","8":"product_cat-ohrstecker","9":"product_cat-schmuck","10":"pa_garantie-12monate","11":"pa_genre-frau","12":"pa_matiere-75018ktweissgold","13":"pa_perles-suesswasser","14":"sales-flash-overlay","15":"woocommerce-text-align-center","16":"woocommerce-image-align-center","17":"do-quantity-buttons","19":"first","20":"instock","21":"taxable","22":"shipping-taxable","23":"purchasable","24":"product-type-simple"},"acf":[],"_links":{"self":[{"href":"https:\/\/lediamant.ch\/de\/wp-json\/wp\/v2\/product\/137845","targetHints":{"allow":["GET"]}}],"collection":[{"href":"https:\/\/lediamant.ch\/de\/wp-json\/wp\/v2\/product"}],"about":[{"href":"https:\/\/lediamant.ch\/de\/wp-json\/wp\/v2\/types\/product"}],"wp:featuredmedia":[{"embeddable":true,"href":"https:\/\/lediamant.ch\/de\/wp-json\/wp\/v2\/media\/227348"}],"wp:attachment":[{"href":"https:\/\/lediamant.ch\/de\/wp-json\/wp\/v2\/media?parent=137845"}],"wp:term":[{"taxonomy":"brand","embeddable":true,"href":"https:\/\/lediamant.ch\/de\/wp-json\/wp\/v2\/brand?post=137845"},{"taxonomy":"product_brand","embeddable":true,"href":"https:\/\/lediamant.ch\/de\/wp-json\/wp\/v2\/product_brand?post=137845"},{"taxonomy":"product_cat","embeddable":true,"href":"https:\/\/lediamant.ch\/de\/wp-json\/wp\/v2\/product_cat?post=137845"},{"taxonomy":"product_tag","embeddable":true,"href":"https:\/\/lediamant.ch\/de\/wp-json\/wp\/v2\/product_tag?post=137845"}],"curies":[{"name":"wp","href":"https:\/\/api.w.org\/{rel}","templated":true}]}}