{"id":137867,"date":"2026-03-17T08:14:16","date_gmt":"2026-03-17T07:14:16","guid":{"rendered":"https:\/\/lediamant.ch\/produit\/schmuck-de\/ohrringe-de\/tropfenohrringe-de\/tropfenohrringe-mit-susswasserperlen-75-8-mm-750-gold\/"},"modified":"2026-04-14T14:19:50","modified_gmt":"2026-04-14T12:19:50","slug":"ohrringe-gold-750","status":"publish","type":"product","link":"https:\/\/lediamant.ch\/de\/schmuck\/137867-ohrhaenger-mit-suesswasserperlen-75-8mm-weissgold-750-18-kt-126202600\/0002\/","title":{"rendered":"Ohrh\u00e4nger mit S\u00fc\u00dfwasserperlen 7,5-8mm Wei\u00dfgold 750\/18 kt."},"content":{"rendered":"","protected":false},"excerpt":{"rendered":"","protected":false},"featured_media":137865,"template":"","meta":{"_acf_changed":false,"_seopress_robots_primary_cat":"27199","_seopress_titles_title":"H\u00e4ngeohrringe aus 750\/18 ct. Gold und S\u00fc\u00dfwasserperlen","_seopress_titles_desc":"Blenden Sie mit unseren hochwertigen Ohrringen aus 750er Gold. Eine elegante Wahl, um Ihrer Schmuckkollektion Luxus zu verleihen.  Bestellen Sie jetzt!","_seopress_robots_index":""},"brand":[42515],"product_brand":[],"product_cat":[27199,27171,27121],"product_tag":[],"class_list":{"0":"post-137867","1":"product","2":"type-product","3":"status-publish","4":"has-post-thumbnail","6":"brand-pearl-jewellery","7":"product_cat-ohrhanger","8":"product_cat-ohrringe","9":"product_cat-schmuck","10":"pa_garantie-12monate","11":"pa_genre-frau","12":"pa_matiere-75018ktweissgold","13":"pa_perles-suesswasser","14":"sales-flash-overlay","15":"woocommerce-text-align-center","16":"woocommerce-image-align-center","17":"do-quantity-buttons","19":"first","20":"instock","21":"taxable","22":"shipping-taxable","23":"purchasable","24":"product-type-simple"},"acf":[],"_links":{"self":[{"href":"https:\/\/lediamant.ch\/de\/wp-json\/wp\/v2\/product\/137867","targetHints":{"allow":["GET"]}}],"collection":[{"href":"https:\/\/lediamant.ch\/de\/wp-json\/wp\/v2\/product"}],"about":[{"href":"https:\/\/lediamant.ch\/de\/wp-json\/wp\/v2\/types\/product"}],"wp:featuredmedia":[{"embeddable":true,"href":"https:\/\/lediamant.ch\/de\/wp-json\/wp\/v2\/media\/137865"}],"wp:attachment":[{"href":"https:\/\/lediamant.ch\/de\/wp-json\/wp\/v2\/media?parent=137867"}],"wp:term":[{"taxonomy":"brand","embeddable":true,"href":"https:\/\/lediamant.ch\/de\/wp-json\/wp\/v2\/brand?post=137867"},{"taxonomy":"product_brand","embeddable":true,"href":"https:\/\/lediamant.ch\/de\/wp-json\/wp\/v2\/product_brand?post=137867"},{"taxonomy":"product_cat","embeddable":true,"href":"https:\/\/lediamant.ch\/de\/wp-json\/wp\/v2\/product_cat?post=137867"},{"taxonomy":"product_tag","embeddable":true,"href":"https:\/\/lediamant.ch\/de\/wp-json\/wp\/v2\/product_tag?post=137867"}],"curies":[{"name":"wp","href":"https:\/\/api.w.org\/{rel}","templated":true}]}}