{"id":137875,"date":"2020-03-17T08:14:16","date_gmt":"2020-03-17T07:14:16","guid":{"rendered":"https:\/\/lediamant.ch\/produit\/schmuck-de\/ohrringe-de\/tropfenohrringe-de\/tropfenohrringe-quasten-susswasserperlen-8-85-mm-750-gold-diamanten-008-ct-h-brillanter-schnitt\/"},"modified":"2026-04-14T14:15:58","modified_gmt":"2026-04-14T12:15:58","slug":"pampilles-gold-750-6","status":"publish","type":"product","link":"https:\/\/lediamant.ch\/de\/schmuck\/137875-tropfenohrringe-quasten-susswasserperlen-8-85-mm-750-gold-diamanten-008-ct-h-brillanter-schnitt\/","title":{"rendered":"H\u00e4ngeohrringe Wei\u00dfgold 750\/18 kt. S\u00fc\u00dfwasserperlen und Diamanten"},"content":{"rendered":"<p>Beschw\u00f6ren Sie raffinierte Eleganz mit diesen pr\u00e4chtigen Ohrh\u00e4ngern, die die zeitlose Eleganz von runden S\u00fc\u00dfwasserperlen von 8 bis 8,5 mm mit der modernen Raffinesse von 750\/18 ct Wei\u00dfgold verbinden. und dem subtilen Glanz von Diamanten.<\/p>\n<p>Jede S\u00fc\u00dfwasserperle mit ihrem nat\u00fcrlichen Glanz und zarten Farbton wurde sorgf\u00e4ltig nach ihrer au\u00dfergew\u00f6hnlichen Qualit\u00e4t und ihrer perfekten Form ausgew\u00e4hlt, die einen starken Kontrast zum wei\u00dfen Rotgold bildet. Die gefassten Diamanten von 0,08 ct in der Qualit\u00e4t H SI verleihen diesen Ohrh\u00e4ngern einen funkelnden Touch und einen subtilen Glanz, der jede Bewegung mit strahlender Anmut beleuchtet.<\/p>\n<p>Das elegante und moderne Design dieser h\u00e4ngenden Ohrringe macht sie zu einem vielseitigen und schicken Accessoire, das sich f\u00fcr alle Gelegenheiten eignet, von formellen Veranstaltungen \u00fcber besondere Anl\u00e4sse bis hin zu allt\u00e4glicher Kleidung. Ihre makellose Verarbeitung und die hochwertige Handwerkskunst garantieren nicht nur dauerhafte Sch\u00f6nheit, sondern auch optimalen Komfort den ganzen Tag \u00fcber.<\/p>\n<p>Diese Ohrh\u00e4nger stellen die perfekte Harmonie zwischen zeitloser Eleganz und modernem Luxus dar und sind eine erstklassige Wahl f\u00fcr alle, die ihren einzigartigen Stil und ihre pers\u00f6nliche Raffinesse zum Ausdruck bringen m\u00f6chten.<\/p>\n<p>Lassen Sie sich von dem zeitlosen Charme und der fesselnden Sch\u00f6nheit dieser Ohrh\u00e4nger aus S\u00fc\u00dfwasserperlen und Diamanten verf\u00fchren und f\u00fcgen Sie Ihrer Schmucksammlung einen Hauch von diskretem Luxus und Glamour hinzu.<\/p>\n","protected":false},"excerpt":{"rendered":"<p>Beschw\u00f6ren Sie raffinierte Eleganz mit diesen pr\u00e4chtigen Ohrh\u00e4ngern, die die zeitlose Eleganz von runden S\u00fc\u00dfwasserperlen von 8 bis 8,5 mm mit der modernen Raffinesse von 750\/18 ct Wei\u00dfgold verbinden. und dem subtilen Glanz von Diamanten. Jede S\u00fc\u00dfwasserperle mit ihrem nat\u00fcrlichen Glanz und zarten Farbton wurde sorgf\u00e4ltig nach ihrer au\u00dfergew\u00f6hnlichen Qualit\u00e4t und ihrer perfekten Form ausgew\u00e4hlt, &#8230; <a title=\"H\u00e4ngeohrringe Wei\u00dfgold 750\/18 kt. S\u00fc\u00dfwasserperlen und Diamanten\" class=\"read-more\" href=\"https:\/\/lediamant.ch\/de\/schmuck\/137875-tropfenohrringe-quasten-susswasserperlen-8-85-mm-750-gold-diamanten-008-ct-h-brillanter-schnitt\/\" aria-label=\"Mehr Informationen \u00fcber H\u00e4ngeohrringe Wei\u00dfgold 750\/18 kt. S\u00fc\u00dfwasserperlen und Diamanten\">Weiterlesen &#8230;<\/a><\/p>\n","protected":false},"featured_media":137873,"template":"","meta":{"_acf_changed":false,"_seopress_robots_primary_cat":"27199","_seopress_titles_title":"H\u00e4ngeohrringe aus Wei\u00dfgold 750\/18 ct. S\u00fc\u00dfwasserperlen und Diamanten","_seopress_titles_desc":"%%post_excerpt%%","_seopress_robots_index":""},"brand":[],"product_brand":[],"product_cat":[27199,27171,27121],"product_tag":[],"class_list":{"0":"post-137875","1":"product","2":"type-product","3":"status-publish","4":"has-post-thumbnail","6":"product_cat-ohrhanger","7":"product_cat-ohrringe","8":"product_cat-schmuck","9":"pa_detail-de-s-pierres-s-14-diamanten-008-ct-h-si","10":"pa_garantie-12monate","11":"pa_genre-frau","12":"pa_matiere-75018ktweissgold","13":"pa_pierres-diamant-de","14":"sales-flash-overlay","15":"woocommerce-text-align-center","16":"woocommerce-image-align-center","17":"do-quantity-buttons","19":"first","20":"instock","21":"taxable","22":"shipping-taxable","23":"purchasable","24":"product-type-simple"},"acf":[],"_links":{"self":[{"href":"https:\/\/lediamant.ch\/de\/wp-json\/wp\/v2\/product\/137875","targetHints":{"allow":["GET"]}}],"collection":[{"href":"https:\/\/lediamant.ch\/de\/wp-json\/wp\/v2\/product"}],"about":[{"href":"https:\/\/lediamant.ch\/de\/wp-json\/wp\/v2\/types\/product"}],"wp:featuredmedia":[{"embeddable":true,"href":"https:\/\/lediamant.ch\/de\/wp-json\/wp\/v2\/media\/137873"}],"wp:attachment":[{"href":"https:\/\/lediamant.ch\/de\/wp-json\/wp\/v2\/media?parent=137875"}],"wp:term":[{"taxonomy":"brand","embeddable":true,"href":"https:\/\/lediamant.ch\/de\/wp-json\/wp\/v2\/brand?post=137875"},{"taxonomy":"product_brand","embeddable":true,"href":"https:\/\/lediamant.ch\/de\/wp-json\/wp\/v2\/product_brand?post=137875"},{"taxonomy":"product_cat","embeddable":true,"href":"https:\/\/lediamant.ch\/de\/wp-json\/wp\/v2\/product_cat?post=137875"},{"taxonomy":"product_tag","embeddable":true,"href":"https:\/\/lediamant.ch\/de\/wp-json\/wp\/v2\/product_tag?post=137875"}],"curies":[{"name":"wp","href":"https:\/\/api.w.org\/{rel}","templated":true}]}}