{"id":137879,"date":"2020-03-17T08:14:16","date_gmt":"2020-03-17T07:14:16","guid":{"rendered":"https:\/\/lediamant.ch\/produit\/schmuck-de\/ohrringe-de\/tropfenohrringe-de\/tropfenohrringe-quasten-susswasserperlen-8-85-mm-diamanten-008-ct-h-brillantschliff-750-rosegold\/"},"modified":"2026-04-14T14:12:59","modified_gmt":"2026-04-14T12:12:59","slug":"pampilles-gold-750-7","status":"publish","type":"product","link":"https:\/\/lediamant.ch\/de\/schmuck\/137879-ohrhaenger-runde-suesswasserperlen-8-85-mm-750\/18-kt-rosegold-und-diamanten-146702267\/0001\/","title":{"rendered":"H\u00e4ngeohrringe S\u00fc\u00dfwasserperlen 8-8.5mm Rotgold 750\/18 kt. 14 Diamanten 0.08ct."},"content":{"rendered":"<p>Erwecken Sie raffinierte Eleganz mit diesen pr\u00e4chtigen Ohrh\u00e4ngern, die die zeitlose Eleganz von runden S\u00fc\u00dfwasserperlen von 8 bis 8,5 mm mit der modernen Raffinesse von 750\/18 ct Ros\u00e9gold verbinden. und dem subtilen Glanz von Diamanten.<\/p>\n<p>Jede S\u00fc\u00dfwasserperle mit ihrem nat\u00fcrlichen Glanz und zarten Farbton wurde sorgf\u00e4ltig nach ihrer au\u00dfergew\u00f6hnlichen Qualit\u00e4t und perfekten Form ausgew\u00e4hlt, die einen starken Kontrast zu dem luxuri\u00f6sen Rotgold bildet. Die gefassten Diamanten von 0,08 ct in der Qualit\u00e4t H SI verleihen diesen Ohrh\u00e4ngern einen funkelnden Touch und einen subtilen Glanz, der jede Bewegung mit strahlender Anmut beleuchtet.<\/p>\n<p>Das elegante und moderne Design dieser h\u00e4ngenden Ohrringe macht sie zu einem vielseitigen und schicken Accessoire, das sich f\u00fcr alle Gelegenheiten eignet, von formellen Veranstaltungen \u00fcber besondere Anl\u00e4sse bis hin zu allt\u00e4glicher Kleidung.<\/p>\n<p>Diese Ohrh\u00e4nger stellen die perfekte Harmonie zwischen zeitloser Eleganz und modernem Luxus dar und sind eine erstklassige Wahl f\u00fcr alle, die ihren einzigartigen Stil und ihre pers\u00f6nliche Raffinesse zum Ausdruck bringen m\u00f6chten.<\/p>\n<p>Lassen Sie sich von dem zeitlosen Charme und der fesselnden Sch\u00f6nheit dieser Ohrh\u00e4nger aus S\u00fc\u00dfwasserperlen und Diamanten verf\u00fchren und f\u00fcgen Sie Ihrer Schmucksammlung einen Hauch von diskretem Luxus und Glamour hinzu.<\/p>\n","protected":false},"excerpt":{"rendered":"<p>Erwecken Sie raffinierte Eleganz mit diesen pr\u00e4chtigen Ohrh\u00e4ngern, die die zeitlose Eleganz von runden S\u00fc\u00dfwasserperlen von 8 bis 8,5 mm mit der modernen Raffinesse von 750\/18 ct Ros\u00e9gold verbinden. und dem subtilen Glanz von Diamanten. Jede S\u00fc\u00dfwasserperle mit ihrem nat\u00fcrlichen Glanz und zarten Farbton wurde sorgf\u00e4ltig nach ihrer au\u00dfergew\u00f6hnlichen Qualit\u00e4t und perfekten Form ausgew\u00e4hlt, die &#8230; <a title=\"H\u00e4ngeohrringe S\u00fc\u00dfwasserperlen 8-8.5mm Rotgold 750\/18 kt. 14 Diamanten 0.08ct.\" class=\"read-more\" href=\"https:\/\/lediamant.ch\/de\/schmuck\/137879-ohrhaenger-runde-suesswasserperlen-8-85-mm-750\/18-kt-rosegold-und-diamanten-146702267\/0001\/\" aria-label=\"Mehr Informationen \u00fcber H\u00e4ngeohrringe S\u00fc\u00dfwasserperlen 8-8.5mm Rotgold 750\/18 kt. 14 Diamanten 0.08ct.\">Weiterlesen &#8230;<\/a><\/p>\n","protected":false},"featured_media":137877,"template":"","meta":{"_acf_changed":false,"_seopress_robots_primary_cat":"27199","_seopress_titles_title":"H\u00e4ngende Ohrringe aus Gold, S\u00fc\u00dfwasserperlen und Diamanten","_seopress_titles_desc":"","_seopress_robots_index":""},"brand":[42515],"product_brand":[],"product_cat":[27199,27171,27121],"product_tag":[],"class_list":{"0":"post-137879","1":"product","2":"type-product","3":"status-publish","4":"has-post-thumbnail","6":"brand-pearl-jewellery","7":"product_cat-ohrhanger","8":"product_cat-ohrringe","9":"product_cat-schmuck","10":"pa_detail-de-s-pierres-s-14-diamanten-008-ct-h-si","11":"pa_garantie-12monate","12":"pa_genre-frau","13":"pa_matiere-75018ktrosegold","14":"pa_pierres-diamant-de","15":"sales-flash-overlay","16":"woocommerce-text-align-center","17":"woocommerce-image-align-center","18":"do-quantity-buttons","20":"first","21":"instock","22":"taxable","23":"shipping-taxable","24":"purchasable","25":"product-type-simple"},"acf":[],"_links":{"self":[{"href":"https:\/\/lediamant.ch\/de\/wp-json\/wp\/v2\/product\/137879","targetHints":{"allow":["GET"]}}],"collection":[{"href":"https:\/\/lediamant.ch\/de\/wp-json\/wp\/v2\/product"}],"about":[{"href":"https:\/\/lediamant.ch\/de\/wp-json\/wp\/v2\/types\/product"}],"wp:featuredmedia":[{"embeddable":true,"href":"https:\/\/lediamant.ch\/de\/wp-json\/wp\/v2\/media\/137877"}],"wp:attachment":[{"href":"https:\/\/lediamant.ch\/de\/wp-json\/wp\/v2\/media?parent=137879"}],"wp:term":[{"taxonomy":"brand","embeddable":true,"href":"https:\/\/lediamant.ch\/de\/wp-json\/wp\/v2\/brand?post=137879"},{"taxonomy":"product_brand","embeddable":true,"href":"https:\/\/lediamant.ch\/de\/wp-json\/wp\/v2\/product_brand?post=137879"},{"taxonomy":"product_cat","embeddable":true,"href":"https:\/\/lediamant.ch\/de\/wp-json\/wp\/v2\/product_cat?post=137879"},{"taxonomy":"product_tag","embeddable":true,"href":"https:\/\/lediamant.ch\/de\/wp-json\/wp\/v2\/product_tag?post=137879"}],"curies":[{"name":"wp","href":"https:\/\/api.w.org\/{rel}","templated":true}]}}