{"id":137931,"date":"2020-03-17T08:14:45","date_gmt":"2020-03-17T07:14:45","guid":{"rendered":"https:\/\/lediamant.ch\/produit\/schmuck-de\/ohrringe-de\/tropfenohrringe-de\/anhanger-quasten-weisse-susswasserperlen-85-9-mm-750-gold\/"},"modified":"2026-04-14T14:03:10","modified_gmt":"2026-04-14T12:03:10","slug":"pampilles-gold-750-8","status":"publish","type":"product","link":"https:\/\/lediamant.ch\/de\/schmuck\/137931-ohrhaenger750-18-kt-weissgold-suesswasser-kulturperle-1268023380001\/","title":{"rendered":"H\u00e4ngeohrringe Wei\u00dfgold 750\/18 kt. S\u00fc\u00dfwasserperlen"},"content":{"rendered":"<p>Veredeln Sie Ihren Stil mit diesen wundersch\u00f6nen H\u00e4ngeohrringen aus 750\/18 Karat Wei\u00dfgold, die mit wei\u00dfen S\u00fc\u00dfwasserperlen mit einem luxuri\u00f6sen Durchmesser von 8,5 bis 9 mm verziert sind. Diese exquisiten Schmuckst\u00fccke fangen die Essenz klassischer Eleganz mit einem Hauch von Moderne ein und verleihen jedem Outfit einen Hauch von Raffinesse.<\/p>\n<p>Die wei\u00dfen S\u00fc\u00dfwasserperlen sind von nat\u00fcrlicher Sch\u00f6nheit und fesselndem Glanz und werden durch den zeitlosen Glanz von 750\/18 ct Wei\u00dfgold hervorgehoben. Jede Perle wird aufgrund ihrer bemerkenswerten Qualit\u00e4t sorgf\u00e4ltig ausgew\u00e4hlt und garantiert einen raffinierten Look und eine makellose Verarbeitung dieser Ohrringe.<\/p>\n<p>Mit ihrem zarten Design und der eleganten h\u00e4ngenden Silhouette sind diese Ohrringe perfekt f\u00fcr jeden Anlass, ob f\u00fcr einen besonderen Abend oder einen Tag im B\u00fcro. Sie verleihen Ihrem Alltagslook einen Hauch von Raffinesse und sind dabei vielseitig und leicht zu tragen.<\/p>\n<p>Diese Ohrringe wurden mit au\u00dfergew\u00f6hnlicher Handwerkskunst gefertigt und verk\u00f6rpern die perfekte Verbindung von zeitloser Eleganz und modernem Stil. G\u00f6nnen Sie sich oder einem geliebten Menschen den unaufdringlichen Luxus dieser h\u00e4ngenden Ohrringe, die garantiert zu einem festen Bestandteil jeder geliebten Schmucksammlung werden.<\/p>\n<p>Heben Sie Ihren Stil mit diesen H\u00e4ngeohrringen aus 750\/18 Karat Wei\u00dfgold auf neue H\u00f6hen der Raffinesse und Anmut. und wei\u00dfen S\u00fc\u00dfwasserperlen - ein zeitloses Stil-Statement, das Sie bei jeder Gelegenheit zum Strahlen bringen wird.<\/p>\n","protected":false},"excerpt":{"rendered":"<p>Veredeln Sie Ihren Stil mit diesen wundersch\u00f6nen H\u00e4ngeohrringen aus 750\/18 Karat Wei\u00dfgold, die mit wei\u00dfen S\u00fc\u00dfwasserperlen mit einem luxuri\u00f6sen Durchmesser von 8,5 bis 9 mm verziert sind. Diese exquisiten Schmuckst\u00fccke fangen die Essenz klassischer Eleganz mit einem Hauch von Moderne ein und verleihen jedem Outfit einen Hauch von Raffinesse. Die wei\u00dfen S\u00fc\u00dfwasserperlen sind von nat\u00fcrlicher &#8230; <a title=\"H\u00e4ngeohrringe Wei\u00dfgold 750\/18 kt. S\u00fc\u00dfwasserperlen\" class=\"read-more\" href=\"https:\/\/lediamant.ch\/de\/schmuck\/137931-ohrhaenger750-18-kt-weissgold-suesswasser-kulturperle-1268023380001\/\" aria-label=\"Mehr Informationen \u00fcber H\u00e4ngeohrringe Wei\u00dfgold 750\/18 kt. S\u00fc\u00dfwasserperlen\">Weiterlesen &#8230;<\/a><\/p>\n","protected":false},"featured_media":210903,"template":"","meta":{"_acf_changed":false,"_seopress_robots_primary_cat":"27199","_seopress_titles_title":"Ohrringe aus Wei\u00dfgold 750\/18 ct. und S\u00fc\u00dfwasserperlen","_seopress_titles_desc":"Veredeln Sie Ihren Stil mit unseren Ohrringen aus Wei\u00dfgold und S\u00fc\u00dfwasserperlen. Die perfekte Verbindung von Eleganz und Modernit\u00e4t f\u00fcr ein makelloses Finish.","_seopress_robots_index":""},"brand":[42515],"product_brand":[],"product_cat":[27199,27171,27121],"product_tag":[],"class_list":{"0":"post-137931","1":"product","2":"type-product","3":"status-publish","4":"has-post-thumbnail","6":"brand-pearl-jewellery","7":"product_cat-ohrhanger","8":"product_cat-ohrringe","9":"product_cat-schmuck","10":"pa_garantie-12monate","11":"pa_genre-frau","12":"pa_matiere-75018ktweissgold","13":"pa_perles-suesswasser","14":"sales-flash-overlay","15":"woocommerce-text-align-center","16":"woocommerce-image-align-center","17":"do-quantity-buttons","19":"first","20":"instock","21":"taxable","22":"shipping-taxable","23":"purchasable","24":"product-type-simple"},"acf":[],"_links":{"self":[{"href":"https:\/\/lediamant.ch\/de\/wp-json\/wp\/v2\/product\/137931","targetHints":{"allow":["GET"]}}],"collection":[{"href":"https:\/\/lediamant.ch\/de\/wp-json\/wp\/v2\/product"}],"about":[{"href":"https:\/\/lediamant.ch\/de\/wp-json\/wp\/v2\/types\/product"}],"wp:featuredmedia":[{"embeddable":true,"href":"https:\/\/lediamant.ch\/de\/wp-json\/wp\/v2\/media\/210903"}],"wp:attachment":[{"href":"https:\/\/lediamant.ch\/de\/wp-json\/wp\/v2\/media?parent=137931"}],"wp:term":[{"taxonomy":"brand","embeddable":true,"href":"https:\/\/lediamant.ch\/de\/wp-json\/wp\/v2\/brand?post=137931"},{"taxonomy":"product_brand","embeddable":true,"href":"https:\/\/lediamant.ch\/de\/wp-json\/wp\/v2\/product_brand?post=137931"},{"taxonomy":"product_cat","embeddable":true,"href":"https:\/\/lediamant.ch\/de\/wp-json\/wp\/v2\/product_cat?post=137931"},{"taxonomy":"product_tag","embeddable":true,"href":"https:\/\/lediamant.ch\/de\/wp-json\/wp\/v2\/product_tag?post=137931"}],"curies":[{"name":"wp","href":"https:\/\/api.w.org\/{rel}","templated":true}]}}