{"id":137947,"date":"2020-03-17T08:14:55","date_gmt":"2020-03-17T07:14:55","guid":{"rendered":"https:\/\/lediamant.ch\/produit\/schmuck-de\/ohrringe-de\/tropfenohrringe-de\/tropfenohrringe-quasten-rosa-susswasserperlen-85-9-mm-750-gold\/"},"modified":"2026-04-14T13:54:16","modified_gmt":"2026-04-14T11:54:16","slug":"pampilles-gold-750-9","status":"publish","type":"product","link":"https:\/\/lediamant.ch\/de\/schmuck\/137947-ohrhaenger-750\/18-kt-weissgold-suesswasser-kulturperle-1268023390001\/","title":{"rendered":"H\u00e4ngeohrringe, Wei\u00dfgold 750\/18 kt. S\u00fc\u00dfwasser-Zuchtperle"},"content":{"rendered":"<p>Lassen Sie Ihren Stil mit diesen wundersch\u00f6nen H\u00e4ngeohrringen aus 750\/18 Karat Wei\u00dfgold erstrahlen, die S\u00fc\u00dfwasserzuchtperlen mit einem pr\u00e4chtigen Durchmesser von 8,5 bis 9 mm in einem zarten, bet\u00f6renden Rosaton zur Geltung bringen.<\/p>\n<p>Diese Ohrringe strahlen romantische Eleganz und zeitlosen Charme aus, der durch die nat\u00fcrliche Sch\u00f6nheit der S\u00fc\u00dfwasserzuchtperlen perfekt unterstrichen wird. Jede Perle, die sorgf\u00e4ltig nach ihrem Glanz und ihrer unwiderstehlichen Farbe ausgew\u00e4hlt wurde, erinnert an Sanftheit und Anmut und verleiht jedem Outfit einen fesselnden Hauch von Weiblichkeit.<\/p>\n<p>Wei\u00dfgold 750\/18 ct. dieser wundersch\u00f6nen <span style=\"font-size: inherit;\">Perlen verleiht einen Hauch von subtilem Luxus und sorgt f\u00fcr dauerhaften Glanz, was diese Ohrringe zu einer erstklassigen Wahl f\u00fcr alle macht, die sowohl auf Eleganz als auch auf Qualit\u00e4t<\/span> Wert legen.<\/p>\n<p>Ob f\u00fcr einen besonderen Abend, einen Tag im B\u00fcro oder einen legeren Anlass - diese Ohrringe sind die perfekte Erg\u00e4nzung zu Ihrem Stil und lassen Sie in jedem Moment selbstbewusst und kultiviert strahlen. Zelebrieren Sie Ihre Individualit\u00e4t und Ihren pers\u00f6nlichen Stil mit diesen h\u00e4ngenden Ohrringen, die die Essenz zeitloser Sch\u00f6nheit und moderner Eleganz einfangen, um Sie auf all Ihren Abenteuern strahlend zu begleiten.<\/p>\n","protected":false},"excerpt":{"rendered":"<p>Lassen Sie Ihren Stil mit diesen wundersch\u00f6nen H\u00e4ngeohrringen aus 750\/18 Karat Wei\u00dfgold erstrahlen, die S\u00fc\u00dfwasserzuchtperlen mit einem pr\u00e4chtigen Durchmesser von 8,5 bis 9 mm in einem zarten, bet\u00f6renden Rosaton zur Geltung bringen. Diese Ohrringe strahlen romantische Eleganz und zeitlosen Charme aus, der durch die nat\u00fcrliche Sch\u00f6nheit der S\u00fc\u00dfwasserzuchtperlen perfekt unterstrichen wird. Jede Perle, die sorgf\u00e4ltig &#8230; <a title=\"H\u00e4ngeohrringe, Wei\u00dfgold 750\/18 kt. S\u00fc\u00dfwasser-Zuchtperle\" class=\"read-more\" href=\"https:\/\/lediamant.ch\/de\/schmuck\/137947-ohrhaenger-750\/18-kt-weissgold-suesswasser-kulturperle-1268023390001\/\" aria-label=\"Mehr Informationen \u00fcber H\u00e4ngeohrringe, Wei\u00dfgold 750\/18 kt. S\u00fc\u00dfwasser-Zuchtperle\">Weiterlesen &#8230;<\/a><\/p>\n","protected":false},"featured_media":210899,"template":"","meta":{"_acf_changed":false,"_seopress_robots_primary_cat":"27199","_seopress_titles_title":"H\u00e4ngende Ohrringe aus Wei\u00dfgold und Zuchtperlen","_seopress_titles_desc":"Strahlen Sie Raffinesse aus mit unseren Ohrringen aus 750\/18 Karat Wei\u00dfgold und Zuchtperlen. Eine erstklassige Wahl, wenn es um Eleganz und Qualit\u00e4t geht.","_seopress_robots_index":""},"brand":[42515],"product_brand":[],"product_cat":[27199,27171,27121],"product_tag":[],"class_list":{"0":"post-137947","1":"product","2":"type-product","3":"status-publish","4":"has-post-thumbnail","6":"brand-pearl-jewellery","7":"product_cat-ohrhanger","8":"product_cat-ohrringe","9":"product_cat-schmuck","10":"pa_garantie-12monate","11":"pa_genre-frau","12":"pa_matiere-75018ktweissgold","13":"pa_perles-suesswasser","14":"sales-flash-overlay","15":"woocommerce-text-align-center","16":"woocommerce-image-align-center","17":"do-quantity-buttons","19":"first","20":"instock","21":"taxable","22":"shipping-taxable","23":"purchasable","24":"product-type-simple"},"acf":[],"_links":{"self":[{"href":"https:\/\/lediamant.ch\/de\/wp-json\/wp\/v2\/product\/137947","targetHints":{"allow":["GET"]}}],"collection":[{"href":"https:\/\/lediamant.ch\/de\/wp-json\/wp\/v2\/product"}],"about":[{"href":"https:\/\/lediamant.ch\/de\/wp-json\/wp\/v2\/types\/product"}],"wp:featuredmedia":[{"embeddable":true,"href":"https:\/\/lediamant.ch\/de\/wp-json\/wp\/v2\/media\/210899"}],"wp:attachment":[{"href":"https:\/\/lediamant.ch\/de\/wp-json\/wp\/v2\/media?parent=137947"}],"wp:term":[{"taxonomy":"brand","embeddable":true,"href":"https:\/\/lediamant.ch\/de\/wp-json\/wp\/v2\/brand?post=137947"},{"taxonomy":"product_brand","embeddable":true,"href":"https:\/\/lediamant.ch\/de\/wp-json\/wp\/v2\/product_brand?post=137947"},{"taxonomy":"product_cat","embeddable":true,"href":"https:\/\/lediamant.ch\/de\/wp-json\/wp\/v2\/product_cat?post=137947"},{"taxonomy":"product_tag","embeddable":true,"href":"https:\/\/lediamant.ch\/de\/wp-json\/wp\/v2\/product_tag?post=137947"}],"curies":[{"name":"wp","href":"https:\/\/api.w.org\/{rel}","templated":true}]}}