{"id":137959,"date":"2020-03-17T08:15:05","date_gmt":"2020-03-17T07:15:05","guid":{"rendered":"https:\/\/lediamant.ch\/produit\/schmuck-de\/ohrringe-de\/ohrstecker-de\/ohrstecker-suesswasserperlen-grau-9-5-10-mm-gelbgold-750-18-kt\/"},"modified":"2026-04-14T13:47:50","modified_gmt":"2026-04-14T11:47:50","slug":"clous-d-oreilles-perles-eau-douce-grises-9-5-10-mm-or-jaune-750-18-ct","status":"publish","type":"product","link":"https:\/\/lediamant.ch\/de\/schmuck\/137959-ohrstecker-suesswasserperlen-grau-9-5-10-mm-gelbgold-750-18-kt\/","title":{"rendered":"Ohrstecker, Gelbgold 750\/18 kt. S\u00fc\u00dfwasserperlen, 9,5-10mm"},"content":{"rendered":"<p>Diese Ohrstecker sind eine elegante und raffinierte Wahl, die graue S\u00fc\u00dfwasserperlen von 9,5-10 mm zur Schau stellt. Eingefasst in 750\/18 ct Gelbgold sind diese fesselnden Perlen der Inbegriff von Raffinesse. Ihre einzigartige graue Farbe verleiht ihnen einen Hauch von Geheimnis und Charme und macht diese Ohrringe zu einer wertvollen Erg\u00e4nzung jeder Schmuckkollektion. Sie sind perfekt, um Ihrem t\u00e4glichen Outfit einen Hauch von Glamour zu verleihen oder ein elegantes Abendoutfit zu vervollst\u00e4ndigen.<\/p>\n","protected":false},"excerpt":{"rendered":"<p>Diese Ohrstecker sind eine elegante und raffinierte Wahl, die graue S\u00fc\u00dfwasserperlen von 9,5-10 mm zur Schau stellt. Eingefasst in 750\/18 ct Gelbgold sind diese fesselnden Perlen der Inbegriff von Raffinesse. Ihre einzigartige graue Farbe verleiht ihnen einen Hauch von Geheimnis und Charme und macht diese Ohrringe zu einer wertvollen Erg\u00e4nzung jeder Schmuckkollektion. Sie sind perfekt, &#8230; <a title=\"Ohrstecker, Gelbgold 750\/18 kt. S\u00fc\u00dfwasserperlen, 9,5-10mm\" class=\"read-more\" href=\"https:\/\/lediamant.ch\/de\/schmuck\/137959-ohrstecker-suesswasserperlen-grau-9-5-10-mm-gelbgold-750-18-kt\/\" aria-label=\"Mehr Informationen \u00fcber Ohrstecker, Gelbgold 750\/18 kt. S\u00fc\u00dfwasserperlen, 9,5-10mm\">Weiterlesen &#8230;<\/a><\/p>\n","protected":false},"featured_media":137957,"template":"","meta":{"_acf_changed":false,"_seopress_robots_primary_cat":"27193","_seopress_titles_title":"%%post_title%%","_seopress_titles_desc":"","_seopress_robots_index":""},"brand":[42515],"product_brand":[],"product_cat":[27171,27193,27121],"product_tag":[],"class_list":{"0":"post-137959","1":"product","2":"type-product","3":"status-publish","4":"has-post-thumbnail","6":"brand-pearl-jewellery","7":"product_cat-ohrringe","8":"product_cat-ohrstecker","9":"product_cat-schmuck","10":"pa_garantie-12monate","11":"pa_genre-frau","12":"pa_matiere-75018ktgelbgold","13":"pa_perles-suesswasser","14":"sales-flash-overlay","15":"woocommerce-text-align-center","16":"woocommerce-image-align-center","17":"do-quantity-buttons","19":"first","20":"instock","21":"taxable","22":"shipping-taxable","23":"purchasable","24":"product-type-simple"},"acf":[],"_links":{"self":[{"href":"https:\/\/lediamant.ch\/de\/wp-json\/wp\/v2\/product\/137959","targetHints":{"allow":["GET"]}}],"collection":[{"href":"https:\/\/lediamant.ch\/de\/wp-json\/wp\/v2\/product"}],"about":[{"href":"https:\/\/lediamant.ch\/de\/wp-json\/wp\/v2\/types\/product"}],"wp:featuredmedia":[{"embeddable":true,"href":"https:\/\/lediamant.ch\/de\/wp-json\/wp\/v2\/media\/137957"}],"wp:attachment":[{"href":"https:\/\/lediamant.ch\/de\/wp-json\/wp\/v2\/media?parent=137959"}],"wp:term":[{"taxonomy":"brand","embeddable":true,"href":"https:\/\/lediamant.ch\/de\/wp-json\/wp\/v2\/brand?post=137959"},{"taxonomy":"product_brand","embeddable":true,"href":"https:\/\/lediamant.ch\/de\/wp-json\/wp\/v2\/product_brand?post=137959"},{"taxonomy":"product_cat","embeddable":true,"href":"https:\/\/lediamant.ch\/de\/wp-json\/wp\/v2\/product_cat?post=137959"},{"taxonomy":"product_tag","embeddable":true,"href":"https:\/\/lediamant.ch\/de\/wp-json\/wp\/v2\/product_tag?post=137959"}],"curies":[{"name":"wp","href":"https:\/\/api.w.org\/{rel}","templated":true}]}}