{"id":137963,"date":"2026-03-13T08:15:05","date_gmt":"2026-03-13T07:15:05","guid":{"rendered":"https:\/\/lediamant.ch\/produit\/schmuck-de\/ohrringe-de\/tropfenohrringe-de\/tropfenohrringe-quasten-grau-rosa-susswasserperlen-85-9-mm-750-gold\/"},"modified":"2026-04-14T13:45:20","modified_gmt":"2026-04-14T11:45:20","slug":"pampilles-gold-750-10","status":"publish","type":"product","link":"https:\/\/lediamant.ch\/de\/schmuck\/137963-ohrhanger-750\/18-kt-weissgold-suesswasser-kulturperle-1268023410001\/","title":{"rendered":"H\u00e4ngeohrringe, Wei\u00dfgold 750\/18 kt. S\u00fc\u00dfwasser-Zuchtperlen"},"content":{"rendered":"<p>Verleihen Sie Ihrem Look einen Hauch von zeitloser Raffinesse mit diesen wundersch\u00f6nen H\u00e4ngeohrringen aus 750\/18 Karat Wei\u00dfgold. Mit S\u00fc\u00dfwasserzuchtperlen mit einem luxuri\u00f6sen Durchmesser von 8,5 bis 9 mm ausgestattet, zelebrieren diese fesselnden Schmuckst\u00fccke die nat\u00fcrliche Eleganz mit einem atemberaubenden Glanz.<\/p>\n<p>Jede Perle, die aufgrund ihrer au\u00dfergew\u00f6hnlichen Qualit\u00e4t sorgf\u00e4ltig ausgew\u00e4hlt wurde, weist erhabene Schattierungen von Grau-Rosa auf und schafft so eine bezaubernde visuelle Harmonie. Als zarte Suspensionen erinnern diese Ohrringe an eine raffinierte \u00c4sthetik und anspruchsvolle Weiblichkeit. Sie eignen sich perfekt f\u00fcr jeden Anlass, von glamour\u00f6sen Partys bis hin zu eleganten Treffen am Tag.<\/p>\n<p>Diese mit exquisiter Handwerkskunst gefertigten Ohrringe verk\u00f6rpern die harmonische Verbindung zwischen dem zeitlosen Luxus von 750\/18 ct Wei\u00dfgold. und die nat\u00fcrliche Sch\u00f6nheit von S\u00fc\u00dfwasserzuchtperlen. Ihr elegantes Design und die makellose Verarbeitung machen sie zu einer wertvollen Erg\u00e4nzung Ihrer Schmucksammlung, die Ihren Stil sofort auf neue H\u00f6hen von Glamour und Raffinesse hebt.<\/p>\n<p>Entscheiden Sie sich f\u00fcr klassische Eleganz und subtile Originalit\u00e4t mit diesen h\u00e4ngenden Ohrringen, die garantiert zu einem festen Bestandteil Ihrer Schmuckgarderobe werden und Sie dazu inspirieren, in jedem Moment mit zeitloser Anmut zu gl\u00e4nzen.<\/p>\n","protected":false},"excerpt":{"rendered":"<p>Verleihen Sie Ihrem Look einen Hauch von zeitloser Raffinesse mit diesen wundersch\u00f6nen H\u00e4ngeohrringen aus 750\/18 Karat Wei\u00dfgold. Mit S\u00fc\u00dfwasserzuchtperlen mit einem luxuri\u00f6sen Durchmesser von 8,5 bis 9 mm ausgestattet, zelebrieren diese fesselnden Schmuckst\u00fccke die nat\u00fcrliche Eleganz mit einem atemberaubenden Glanz. Jede Perle, die aufgrund ihrer au\u00dfergew\u00f6hnlichen Qualit\u00e4t sorgf\u00e4ltig ausgew\u00e4hlt wurde, weist erhabene Schattierungen von Grau-Rosa &#8230; <a title=\"H\u00e4ngeohrringe, Wei\u00dfgold 750\/18 kt. S\u00fc\u00dfwasser-Zuchtperlen\" class=\"read-more\" href=\"https:\/\/lediamant.ch\/de\/schmuck\/137963-ohrhanger-750\/18-kt-weissgold-suesswasser-kulturperle-1268023410001\/\" aria-label=\"Mehr Informationen \u00fcber H\u00e4ngeohrringe, Wei\u00dfgold 750\/18 kt. S\u00fc\u00dfwasser-Zuchtperlen\">Weiterlesen &#8230;<\/a><\/p>\n","protected":false},"featured_media":210895,"template":"","meta":{"_acf_changed":false,"_seopress_robots_primary_cat":"27199","_seopress_titles_title":"H\u00e4ngeohrringe aus Wei\u00dfgold 750\/18 ct. S\u00fc\u00dfwasser-Zuchtperle","_seopress_titles_desc":"Unterstreichen Sie Ihren Look mit diesen h\u00e4ngenden Ohrringen aus 750\/18 ct Wei\u00dfgold und S\u00fc\u00dfwasserzuchtperle.","_seopress_robots_index":""},"brand":[42515],"product_brand":[],"product_cat":[27199,27171,27121],"product_tag":[],"class_list":{"0":"post-137963","1":"product","2":"type-product","3":"status-publish","4":"has-post-thumbnail","6":"brand-pearl-jewellery","7":"product_cat-ohrhanger","8":"product_cat-ohrringe","9":"product_cat-schmuck","10":"pa_garantie-12monate","11":"pa_genre-frau","12":"pa_matiere-75018ktweissgold","13":"pa_perles-suesswasser","14":"sales-flash-overlay","15":"woocommerce-text-align-center","16":"woocommerce-image-align-center","17":"do-quantity-buttons","19":"first","20":"instock","21":"taxable","22":"shipping-taxable","23":"purchasable","24":"product-type-simple"},"acf":[],"_links":{"self":[{"href":"https:\/\/lediamant.ch\/de\/wp-json\/wp\/v2\/product\/137963","targetHints":{"allow":["GET"]}}],"collection":[{"href":"https:\/\/lediamant.ch\/de\/wp-json\/wp\/v2\/product"}],"about":[{"href":"https:\/\/lediamant.ch\/de\/wp-json\/wp\/v2\/types\/product"}],"wp:featuredmedia":[{"embeddable":true,"href":"https:\/\/lediamant.ch\/de\/wp-json\/wp\/v2\/media\/210895"}],"wp:attachment":[{"href":"https:\/\/lediamant.ch\/de\/wp-json\/wp\/v2\/media?parent=137963"}],"wp:term":[{"taxonomy":"brand","embeddable":true,"href":"https:\/\/lediamant.ch\/de\/wp-json\/wp\/v2\/brand?post=137963"},{"taxonomy":"product_brand","embeddable":true,"href":"https:\/\/lediamant.ch\/de\/wp-json\/wp\/v2\/product_brand?post=137963"},{"taxonomy":"product_cat","embeddable":true,"href":"https:\/\/lediamant.ch\/de\/wp-json\/wp\/v2\/product_cat?post=137963"},{"taxonomy":"product_tag","embeddable":true,"href":"https:\/\/lediamant.ch\/de\/wp-json\/wp\/v2\/product_tag?post=137963"}],"curies":[{"name":"wp","href":"https:\/\/api.w.org\/{rel}","templated":true}]}}