{"id":138216,"date":"2020-03-17T08:18:01","date_gmt":"2020-03-17T07:18:01","guid":{"rendered":"https:\/\/lediamant.ch\/produit\/schmuck-de\/ringe-de\/siegelringe-de\/wappenring-75018-kt-gelbgold-14-x-12-mm\/"},"modified":"2024-10-17T16:19:55","modified_gmt":"2024-10-17T14:19:55","slug":"chevaliere-heraldique-or-jaune-75018-ct-14-x-12-mm","status":"publish","type":"product","link":"https:\/\/lediamant.ch\/de\/schmuck\/138216-heraldischer-siegelring-gelbgold-750\/18-kt-14-x-12-mm-1122022950001\/","title":{"rendered":"Heraldischer Siegelring Gelbgold 750\/18 kt. 14 x 12 mm"},"content":{"rendered":"<p>Bei diesem Artikel handelt es sich um einen heraldischen Siegelring aus 750\/18 ct Gelbgold mit den Abmessungen 14 x 12 mm. Mit seiner klassischen Form und seinem eleganten Design ist dieser Ring ein echtes Symbol f\u00fcr Noblesse und Raffinesse. Aus hochwertigem Gelbgold gefertigt, hebt er ein heraldisches Wappen hervor und verleiht ihm einen Hauch von Geschichte und Tradition. Dieser Siegelring ist mehr als nur ein Schmuckst\u00fcck, er ist ein Erbst\u00fcck, ein St\u00fcck Ihrer pers\u00f6nlichen Geschichte, das Sie mit Stolz tragen k\u00f6nnen.<\/p>\n","protected":false},"excerpt":{"rendered":"<p>Bei diesem Artikel handelt es sich um einen heraldischen Siegelring aus 750\/18 ct Gelbgold mit den Abmessungen 14 x 12 mm. Mit seiner klassischen Form und seinem eleganten Design ist dieser Ring ein echtes Symbol f\u00fcr Noblesse und Raffinesse. Aus hochwertigem Gelbgold gefertigt, hebt er ein heraldisches Wappen hervor und verleiht ihm einen Hauch von &#8230; <a title=\"Heraldischer Siegelring Gelbgold 750\/18 kt. 14 x 12 mm\" class=\"read-more\" href=\"https:\/\/lediamant.ch\/de\/schmuck\/138216-heraldischer-siegelring-gelbgold-750\/18-kt-14-x-12-mm-1122022950001\/\" aria-label=\"Mehr Informationen \u00fcber Heraldischer Siegelring Gelbgold 750\/18 kt. 14 x 12 mm\">Weiterlesen &#8230;<\/a><\/p>\n","protected":false},"featured_media":138205,"template":"","meta":{"_acf_changed":false,"_seopress_robots_primary_cat":"27331","_seopress_titles_title":"%%post_title%%","_seopress_titles_desc":"","_seopress_robots_index":""},"brand":[27089],"product_brand":[],"product_cat":[27139,27121,27331],"product_tag":[],"class_list":{"0":"post-138216","1":"product","2":"type-product","3":"status-publish","4":"has-post-thumbnail","6":"brand-gold-jewellery-de","7":"product_cat-ringe","8":"product_cat-schmuck","9":"product_cat-siegelringe","10":"pa_dimensions-grose-14-x-12-mm","11":"pa_garantie-12monate","12":"pa_genre-mann","13":"pa_matiere-75018ktgelbgold","14":"pa_tailledebague-58-de","15":"pa_tailledebague-59-de","16":"pa_tailledebague-60-de","17":"pa_tailledebague-61-de","18":"pa_tailledebague-62-de","19":"pa_tailledebague-63-de","20":"pa_tailledebague-64-de","21":"pa_tailledebague-65-de","22":"pa_tailledebague-66-de","23":"sales-flash-overlay","24":"woocommerce-text-align-center","25":"woocommerce-image-align-center","26":"do-quantity-buttons","28":"first","29":"instock","30":"taxable","31":"shipping-taxable","32":"purchasable","33":"product-type-variable","34":"has-default-attributes"},"acf":[],"_links":{"self":[{"href":"https:\/\/lediamant.ch\/de\/wp-json\/wp\/v2\/product\/138216","targetHints":{"allow":["GET"]}}],"collection":[{"href":"https:\/\/lediamant.ch\/de\/wp-json\/wp\/v2\/product"}],"about":[{"href":"https:\/\/lediamant.ch\/de\/wp-json\/wp\/v2\/types\/product"}],"wp:featuredmedia":[{"embeddable":true,"href":"https:\/\/lediamant.ch\/de\/wp-json\/wp\/v2\/media\/138205"}],"wp:attachment":[{"href":"https:\/\/lediamant.ch\/de\/wp-json\/wp\/v2\/media?parent=138216"}],"wp:term":[{"taxonomy":"brand","embeddable":true,"href":"https:\/\/lediamant.ch\/de\/wp-json\/wp\/v2\/brand?post=138216"},{"taxonomy":"product_brand","embeddable":true,"href":"https:\/\/lediamant.ch\/de\/wp-json\/wp\/v2\/product_brand?post=138216"},{"taxonomy":"product_cat","embeddable":true,"href":"https:\/\/lediamant.ch\/de\/wp-json\/wp\/v2\/product_cat?post=138216"},{"taxonomy":"product_tag","embeddable":true,"href":"https:\/\/lediamant.ch\/de\/wp-json\/wp\/v2\/product_tag?post=138216"}],"curies":[{"name":"wp","href":"https:\/\/api.w.org\/{rel}","templated":true}]}}