{"id":138282,"date":"2020-03-17T08:18:01","date_gmt":"2020-03-17T07:18:01","guid":{"rendered":"https:\/\/lediamant.ch\/produit\/schmuck-de\/ringe-de\/siegelringe-de\/wappenring-75018-kt-gelbgold-13-x-13-mm\/"},"modified":"2024-10-17T16:00:37","modified_gmt":"2024-10-17T14:00:37","slug":"chevaliere-heraldique-or-jaune-75018-ct-13-x-13-mm","status":"publish","type":"product","link":"https:\/\/lediamant.ch\/de\/schmuck\/138282-heraldischer-siegelring-gelbgold-750-18-kt-13-x-13-mm-1122022970001\/","title":{"rendered":"Heraldischer Siegelring Gelbgold 750\/18 kt. 13 x 13 mm"},"content":{"rendered":"<p>Entdecken Sie unseren wundersch\u00f6nen heraldischen Siegelring, der fein aus 750\/18 kt Gelbgold gefertigt ist. Dieses klassische und zeitlose Schmuckst\u00fcck hat eine Fl\u00e4che von 13 x 13 mm, die sich perfekt f\u00fcr die Gravur des Wappens oder Monogramms Ihrer Wahl eignet. Sein elegantes und anspruchsvolles Design macht ihn zur idealen Wahl f\u00fcr ein bedeutungsvolles Geschenk oder um Ihrer Schmuckkollektion einen Hauch von Raffinesse zu verleihen.<\/p>\n","protected":false},"excerpt":{"rendered":"<p>Entdecken Sie unseren wundersch\u00f6nen heraldischen Siegelring, der fein aus 750\/18 kt Gelbgold gefertigt ist. Dieses klassische und zeitlose Schmuckst\u00fcck hat eine Fl\u00e4che von 13 x 13 mm, die sich perfekt f\u00fcr die Gravur des Wappens oder Monogramms Ihrer Wahl eignet. Sein elegantes und anspruchsvolles Design macht ihn zur idealen Wahl f\u00fcr ein bedeutungsvolles Geschenk oder &#8230; <a title=\"Heraldischer Siegelring Gelbgold 750\/18 kt. 13 x 13 mm\" class=\"read-more\" href=\"https:\/\/lediamant.ch\/de\/schmuck\/138282-heraldischer-siegelring-gelbgold-750-18-kt-13-x-13-mm-1122022970001\/\" aria-label=\"Mehr Informationen \u00fcber Heraldischer Siegelring Gelbgold 750\/18 kt. 13 x 13 mm\">Weiterlesen &#8230;<\/a><\/p>\n","protected":false},"featured_media":138271,"template":"","meta":{"_acf_changed":false,"_seopress_robots_primary_cat":"27331","_seopress_titles_title":"%%post_title%%","_seopress_titles_desc":"","_seopress_robots_index":""},"brand":[27089],"product_brand":[],"product_cat":[27139,27121,27331],"product_tag":[],"class_list":{"0":"post-138282","1":"product","2":"type-product","3":"status-publish","4":"has-post-thumbnail","6":"brand-gold-jewellery-de","7":"product_cat-ringe","8":"product_cat-schmuck","9":"product_cat-siegelringe","10":"pa_dimensions-grose-13-x-13-mm","11":"pa_garantie-12monate","12":"pa_genre-mann","13":"pa_matiere-75018ktgelbgold","14":"pa_tailledebague-58-de","15":"pa_tailledebague-59-de","16":"pa_tailledebague-60-de","17":"pa_tailledebague-61-de","18":"pa_tailledebague-62-de","19":"pa_tailledebague-63-de","20":"pa_tailledebague-64-de","21":"pa_tailledebague-65-de","22":"pa_tailledebague-66-de","23":"sales-flash-overlay","24":"woocommerce-text-align-center","25":"woocommerce-image-align-center","26":"do-quantity-buttons","28":"first","29":"instock","30":"taxable","31":"shipping-taxable","32":"purchasable","33":"product-type-variable","34":"has-default-attributes"},"acf":[],"_links":{"self":[{"href":"https:\/\/lediamant.ch\/de\/wp-json\/wp\/v2\/product\/138282","targetHints":{"allow":["GET"]}}],"collection":[{"href":"https:\/\/lediamant.ch\/de\/wp-json\/wp\/v2\/product"}],"about":[{"href":"https:\/\/lediamant.ch\/de\/wp-json\/wp\/v2\/types\/product"}],"wp:featuredmedia":[{"embeddable":true,"href":"https:\/\/lediamant.ch\/de\/wp-json\/wp\/v2\/media\/138271"}],"wp:attachment":[{"href":"https:\/\/lediamant.ch\/de\/wp-json\/wp\/v2\/media?parent=138282"}],"wp:term":[{"taxonomy":"brand","embeddable":true,"href":"https:\/\/lediamant.ch\/de\/wp-json\/wp\/v2\/brand?post=138282"},{"taxonomy":"product_brand","embeddable":true,"href":"https:\/\/lediamant.ch\/de\/wp-json\/wp\/v2\/product_brand?post=138282"},{"taxonomy":"product_cat","embeddable":true,"href":"https:\/\/lediamant.ch\/de\/wp-json\/wp\/v2\/product_cat?post=138282"},{"taxonomy":"product_tag","embeddable":true,"href":"https:\/\/lediamant.ch\/de\/wp-json\/wp\/v2\/product_tag?post=138282"}],"curies":[{"name":"wp","href":"https:\/\/api.w.org\/{rel}","templated":true}]}}