{"id":138326,"date":"2020-03-17T08:18:12","date_gmt":"2020-03-17T07:18:12","guid":{"rendered":"https:\/\/lediamant.ch\/produit\/schmuck-de\/ringe-de\/gold-ringe-de\/ring-tricolor-weissgelbrot-gold-75018-kt\/"},"modified":"2024-10-16T18:31:53","modified_gmt":"2024-10-16T16:31:53","slug":"ring-tricolor-weiss-gelb-rot-gold-75018-ct-2","status":"publish","type":"product","link":"https:\/\/lediamant.ch\/de\/schmuck\/138326-ring-tricolor-weiss-gelb-rot-gold-750-18-ct-1616058120001\/","title":{"rendered":"Ring Tricolor Gold 750\/18 ct. wei\u00df\/gelb\/rot"},"content":{"rendered":"<p>Dieser Artikel ist ein eleganter dreifarbiger Ring, der mit au\u00dfergew\u00f6hnlicher Pr\u00e4zision entworfen wurde. Er ist aus 750\/18 ct Gold gefertigt und weist eine harmonische Kombination aus drei Goldfarben auf: Wei\u00df-, Gelb- und Rotgold. Dieser Ring ist ein Symbol f\u00fcr Raffinesse und Luxus und ist perfekt f\u00fcr Frauen, die den klassischen Stil mit einem modernen Touch sch\u00e4tzen. Das dreifarbige Design verleiht diesem Ring eine Vielseitigkeit, die ihn zu verschiedenen Outfits und Anl\u00e4ssen passen l\u00e4sst. Er ist mehr als nur ein Schmuckst\u00fcck, er ist ein Stil-Statement.<\/p>\n","protected":false},"excerpt":{"rendered":"<p>Dieser Artikel ist ein eleganter dreifarbiger Ring, der mit au\u00dfergew\u00f6hnlicher Pr\u00e4zision entworfen wurde. Er ist aus 750\/18 ct Gold gefertigt und weist eine harmonische Kombination aus drei Goldfarben auf: Wei\u00df-, Gelb- und Rotgold. Dieser Ring ist ein Symbol f\u00fcr Raffinesse und Luxus und ist perfekt f\u00fcr Frauen, die den klassischen Stil mit einem modernen Touch &#8230; <a title=\"Ring Tricolor Gold 750\/18 ct. wei\u00df\/gelb\/rot\" class=\"read-more\" href=\"https:\/\/lediamant.ch\/de\/schmuck\/138326-ring-tricolor-weiss-gelb-rot-gold-750-18-ct-1616058120001\/\" aria-label=\"Mehr Informationen \u00fcber Ring Tricolor Gold 750\/18 ct. wei\u00df\/gelb\/rot\">Weiterlesen &#8230;<\/a><\/p>\n","protected":false},"featured_media":138315,"template":"","meta":{"_acf_changed":false,"_seopress_robots_primary_cat":"27261","_seopress_titles_title":"","_seopress_titles_desc":"","_seopress_robots_index":""},"brand":[27089],"product_brand":[],"product_cat":[27261,27139,27121],"product_tag":[],"class_list":{"0":"post-138326","1":"product","2":"type-product","3":"status-publish","4":"has-post-thumbnail","6":"brand-gold-jewellery-de","7":"product_cat-gold-ringe","8":"product_cat-ringe","9":"product_cat-schmuck","10":"pa_dimensions-breite-3-5-mm","11":"pa_garantie-12monate","12":"pa_genre-frau","13":"pa_matiere-75018ktdreifarbigesgold","14":"pa_tailledebague-50-de","15":"pa_tailledebague-51-de","16":"pa_tailledebague-52-de","17":"pa_tailledebague-53-de","18":"pa_tailledebague-54-de","19":"pa_tailledebague-55-de","20":"pa_tailledebague-56-de","21":"pa_tailledebague-57-de","22":"pa_tailledebague-58-de","23":"sales-flash-overlay","24":"woocommerce-text-align-center","25":"woocommerce-image-align-center","26":"do-quantity-buttons","28":"first","29":"instock","30":"taxable","31":"shipping-taxable","32":"purchasable","33":"product-type-variable","34":"has-default-attributes"},"acf":[],"_links":{"self":[{"href":"https:\/\/lediamant.ch\/de\/wp-json\/wp\/v2\/product\/138326","targetHints":{"allow":["GET"]}}],"collection":[{"href":"https:\/\/lediamant.ch\/de\/wp-json\/wp\/v2\/product"}],"about":[{"href":"https:\/\/lediamant.ch\/de\/wp-json\/wp\/v2\/types\/product"}],"wp:featuredmedia":[{"embeddable":true,"href":"https:\/\/lediamant.ch\/de\/wp-json\/wp\/v2\/media\/138315"}],"wp:attachment":[{"href":"https:\/\/lediamant.ch\/de\/wp-json\/wp\/v2\/media?parent=138326"}],"wp:term":[{"taxonomy":"brand","embeddable":true,"href":"https:\/\/lediamant.ch\/de\/wp-json\/wp\/v2\/brand?post=138326"},{"taxonomy":"product_brand","embeddable":true,"href":"https:\/\/lediamant.ch\/de\/wp-json\/wp\/v2\/product_brand?post=138326"},{"taxonomy":"product_cat","embeddable":true,"href":"https:\/\/lediamant.ch\/de\/wp-json\/wp\/v2\/product_cat?post=138326"},{"taxonomy":"product_tag","embeddable":true,"href":"https:\/\/lediamant.ch\/de\/wp-json\/wp\/v2\/product_tag?post=138326"}],"curies":[{"name":"wp","href":"https:\/\/api.w.org\/{rel}","templated":true}]}}