{"id":138381,"date":"2020-03-17T08:18:36","date_gmt":"2020-03-17T07:18:36","guid":{"rendered":"https:\/\/lediamant.ch\/produit\/schmuck-de\/armschmuck-de\/id-armband-de\/identitaetsarmband-figaro-gelbgold-375-9-kt\/"},"modified":"2025-12-22T15:52:53","modified_gmt":"2025-12-22T14:52:53","slug":"armband-d-identitaet-figaro-gold-gelb-375-9-ct","status":"publish","type":"product","link":"https:\/\/lediamant.ch\/de\/schmuck\/138381-identitaetsarmband-figaro-gelbgold-375-9-kt\/","title":{"rendered":"Identit\u00e4tsarmband, Figaro, Gelbgold 375\/ 9 ct."},"content":{"rendered":"<p>Entdecken Sie das Identit\u00e4tsarmband f\u00fcr Kinder aus 375\/9 ct Gelbgold. Dieses Armband wurde mit akribischer Pr\u00e4zision gefertigt und hat eine Figarokette, die f\u00fcr ihre St\u00e4rke und ihr zeitloses Design bekannt ist. Das kleine Pl\u00e4ttchen in der Mitte bietet Platz f\u00fcr eine pers\u00f6nliche Gravur, die diesem Schmuckst\u00fcck eine einzigartige Note verleiht. Es ist das perfekte Geschenk f\u00fcr einen geliebten Menschen.   <\/p>\n","protected":false},"excerpt":{"rendered":"<p>Entdecken Sie das Identit\u00e4tsarmband f\u00fcr Kinder aus 375\/9 ct Gelbgold. Dieses Armband wurde mit akribischer Pr\u00e4zision gefertigt und hat eine Figarokette, die f\u00fcr ihre St\u00e4rke und ihr zeitloses Design bekannt ist. Das kleine Pl\u00e4ttchen in der Mitte bietet Platz f\u00fcr eine pers\u00f6nliche Gravur, die diesem Schmuckst\u00fcck eine einzigartige Note verleiht. Es ist das perfekte Geschenk &#8230; <a title=\"Identit\u00e4tsarmband, Figaro, Gelbgold 375\/ 9 ct.\" class=\"read-more\" href=\"https:\/\/lediamant.ch\/de\/schmuck\/138381-identitaetsarmband-figaro-gelbgold-375-9-kt\/\" aria-label=\"Mehr Informationen \u00fcber Identit\u00e4tsarmband, Figaro, Gelbgold 375\/ 9 ct.\">Weiterlesen &#8230;<\/a><\/p>\n","protected":false},"featured_media":138377,"template":"","meta":{"_acf_changed":false,"_seopress_robots_primary_cat":"27120","_seopress_titles_title":"%%post_title%%","_seopress_titles_desc":"Kinderarmband aus 375\/9 Karat Gelbgold mit Figarokette und Platz f\u00fcr eine pers\u00f6nliche Gravur. Ideal f\u00fcr ein liebevolles Geschenk. ","_seopress_robots_index":""},"brand":[27089],"product_brand":[],"product_cat":[27151,27121,27147,27135],"product_tag":[],"class_list":{"0":"post-138381","1":"product","2":"type-product","3":"status-publish","4":"has-post-thumbnail","6":"brand-gold-jewellery-de","7":"product_cat-bebe-bracelet","8":"product_cat-schmuck","9":"product_cat-text-vorne-hinten","10":"product_cat-zum-gravieren","11":"pa_garantie-12monate","12":"pa_genre-kind","13":"pa_matiere-3759ktgelbgold","14":"sales-flash-overlay","15":"woocommerce-text-align-center","16":"woocommerce-image-align-center","17":"do-quantity-buttons","19":"first","20":"instock","21":"taxable","22":"shipping-taxable","23":"purchasable","24":"product-type-simple"},"acf":[],"_links":{"self":[{"href":"https:\/\/lediamant.ch\/de\/wp-json\/wp\/v2\/product\/138381","targetHints":{"allow":["GET"]}}],"collection":[{"href":"https:\/\/lediamant.ch\/de\/wp-json\/wp\/v2\/product"}],"about":[{"href":"https:\/\/lediamant.ch\/de\/wp-json\/wp\/v2\/types\/product"}],"wp:featuredmedia":[{"embeddable":true,"href":"https:\/\/lediamant.ch\/de\/wp-json\/wp\/v2\/media\/138377"}],"wp:attachment":[{"href":"https:\/\/lediamant.ch\/de\/wp-json\/wp\/v2\/media?parent=138381"}],"wp:term":[{"taxonomy":"brand","embeddable":true,"href":"https:\/\/lediamant.ch\/de\/wp-json\/wp\/v2\/brand?post=138381"},{"taxonomy":"product_brand","embeddable":true,"href":"https:\/\/lediamant.ch\/de\/wp-json\/wp\/v2\/product_brand?post=138381"},{"taxonomy":"product_cat","embeddable":true,"href":"https:\/\/lediamant.ch\/de\/wp-json\/wp\/v2\/product_cat?post=138381"},{"taxonomy":"product_tag","embeddable":true,"href":"https:\/\/lediamant.ch\/de\/wp-json\/wp\/v2\/product_tag?post=138381"}],"curies":[{"name":"wp","href":"https:\/\/api.w.org\/{rel}","templated":true}]}}