{"id":138387,"date":"2020-03-17T08:18:36","date_gmt":"2020-03-17T07:18:36","guid":{"rendered":"https:\/\/lediamant.ch\/produit\/schmuck-de\/armschmuck-de\/id-armband-de\/identitaetsarmband-figaro-gelbgold-375-9-kt-2\/"},"modified":"2026-01-15T15:21:55","modified_gmt":"2026-01-15T14:21:55","slug":"bracelet-d-identite-figaro-or-jaune-375-9-ct-2","status":"publish","type":"product","link":"https:\/\/lediamant.ch\/de\/schmuck\/138387-identitaetsarmband-figaro-gelbgold-375-9-kt-2\/","title":{"rendered":"Identit\u00e4tsarmband, Figaro, Gelbgold 375\/ 9 ct."},"content":{"rendered":"<p>Entdecken Sie dieses wundersch\u00f6ne Identit\u00e4tsarmband f\u00fcr Kinder, Figaro Mesh aus 375\/9 ct Gelbgold. . Er verf\u00fcgt \u00fcber eine zentrale Platte, die f\u00fcr eine pers\u00f6nliche Note mit dem Vornamen und dem Datum Ihrer Wahl graviert werden kann.<\/p>\n","protected":false},"excerpt":{"rendered":"<p>Entdecken Sie dieses wundersch\u00f6ne Identit\u00e4tsarmband f\u00fcr Kinder, Figaro Mesh aus 375\/9 ct Gelbgold. . Er verf\u00fcgt \u00fcber eine zentrale Platte, die f\u00fcr eine pers\u00f6nliche Note mit dem Vornamen und dem Datum Ihrer Wahl graviert werden kann.<\/p>\n","protected":false},"featured_media":138383,"template":"","meta":{"_acf_changed":false,"_seopress_robots_primary_cat":"27120","_seopress_titles_title":"%%post_title%%","_seopress_titles_desc":"Verschenken Sie ein Figaro-Armband aus 375\/9 Karat Gold, das mit Vornamen und Datum personalisiert werden kann. Ein einzigartiges Geschenk f\u00fcr Ihr Kind! ","_seopress_robots_index":""},"brand":[27089],"product_brand":[],"product_cat":[27151,27121,27147,27135],"product_tag":[],"class_list":{"0":"post-138387","1":"product","2":"type-product","3":"status-publish","4":"has-post-thumbnail","6":"brand-gold-jewellery-de","7":"product_cat-bebe-bracelet","8":"product_cat-schmuck","9":"product_cat-text-vorne-hinten","10":"product_cat-zum-gravieren","11":"pa_garantie-12monate","12":"pa_genre-kind","13":"pa_matiere-3759ktgelbgold","14":"sales-flash-overlay","15":"woocommerce-text-align-center","16":"woocommerce-image-align-center","17":"do-quantity-buttons","19":"first","20":"instock","21":"taxable","22":"shipping-taxable","23":"purchasable","24":"product-type-simple"},"acf":[],"_links":{"self":[{"href":"https:\/\/lediamant.ch\/de\/wp-json\/wp\/v2\/product\/138387","targetHints":{"allow":["GET"]}}],"collection":[{"href":"https:\/\/lediamant.ch\/de\/wp-json\/wp\/v2\/product"}],"about":[{"href":"https:\/\/lediamant.ch\/de\/wp-json\/wp\/v2\/types\/product"}],"wp:featuredmedia":[{"embeddable":true,"href":"https:\/\/lediamant.ch\/de\/wp-json\/wp\/v2\/media\/138383"}],"wp:attachment":[{"href":"https:\/\/lediamant.ch\/de\/wp-json\/wp\/v2\/media?parent=138387"}],"wp:term":[{"taxonomy":"brand","embeddable":true,"href":"https:\/\/lediamant.ch\/de\/wp-json\/wp\/v2\/brand?post=138387"},{"taxonomy":"product_brand","embeddable":true,"href":"https:\/\/lediamant.ch\/de\/wp-json\/wp\/v2\/product_brand?post=138387"},{"taxonomy":"product_cat","embeddable":true,"href":"https:\/\/lediamant.ch\/de\/wp-json\/wp\/v2\/product_cat?post=138387"},{"taxonomy":"product_tag","embeddable":true,"href":"https:\/\/lediamant.ch\/de\/wp-json\/wp\/v2\/product_tag?post=138387"}],"curies":[{"name":"wp","href":"https:\/\/api.w.org\/{rel}","templated":true}]}}