{"id":140366,"date":"2020-03-19T15:17:37","date_gmt":"2020-03-19T14:17:37","guid":{"rendered":"https:\/\/lediamant.ch\/produit\/schmuck-de\/ringe-de\/solitaer-ringe-de\/solitaerring-gelbgold-75018-ct-mit-diamant-4-griff-010-ct-h-si\/"},"modified":"2024-11-06T13:19:33","modified_gmt":"2024-11-06T12:19:33","slug":"bague-solitaire-or-jaune-75018-ct-avec-diamant-4-griffes-010-ct-h-si","status":"publish","type":"product","link":"https:\/\/lediamant.ch\/de\/schmuck\/140366-solitaerring-gelbgold-750-18-kt-diamant-0-10-ct-h-si-4-griff\/","title":{"rendered":"Solit\u00e4rring Gelbgold 750\/18 kt. Diamant 0,10 ct. H SI, 4 Krappen"},"content":{"rendered":"<p>Dieser elegante Solit\u00e4rring ist ein wahres Symbol der Liebe und Hingabe. Er ist aus 750\/18 Karat Gelbgold gefertigt und verf\u00fcgt \u00fcber einen unvergleichlichen Glanz und eine au\u00dfergew\u00f6hnliche Haltbarkeit. Der Diamant von 0,10 ct, der von vier Krappen gehalten wird, funkelt in einem H-SI Glanz und verleiht diesem Schmuckst\u00fcck einen Hauch von Raffinesse. Dieser Solit\u00e4rring ist die perfekte Wahl f\u00fcr einen Heiratsantrag, einen Geburtstag oder einfach, um Ihre Liebe zu Ihrer Liebsten auszudr\u00fccken.<\/p>\n","protected":false},"excerpt":{"rendered":"<p>Dieser elegante Solit\u00e4rring ist ein wahres Symbol der Liebe und Hingabe. Er ist aus 750\/18 Karat Gelbgold gefertigt und verf\u00fcgt \u00fcber einen unvergleichlichen Glanz und eine au\u00dfergew\u00f6hnliche Haltbarkeit. Der Diamant von 0,10 ct, der von vier Krappen gehalten wird, funkelt in einem H-SI Glanz und verleiht diesem Schmuckst\u00fcck einen Hauch von Raffinesse. Dieser Solit\u00e4rring ist &#8230; <a title=\"Solit\u00e4rring Gelbgold 750\/18 kt. Diamant 0,10 ct. H SI, 4 Krappen\" class=\"read-more\" href=\"https:\/\/lediamant.ch\/de\/schmuck\/140366-solitaerring-gelbgold-750-18-kt-diamant-0-10-ct-h-si-4-griff\/\" aria-label=\"Mehr Informationen \u00fcber Solit\u00e4rring Gelbgold 750\/18 kt. Diamant 0,10 ct. H SI, 4 Krappen\">Weiterlesen &#8230;<\/a><\/p>\n","protected":false},"featured_media":140359,"template":"","meta":{"_acf_changed":false,"_seopress_robots_primary_cat":"27127","_seopress_titles_title":"","_seopress_titles_desc":"Entdecken Sie unseren Solit\u00e4rring aus 18 Karat Gelbgold mit einem strahlenden Diamanten, der sich perfekt f\u00fcr einen Heiratsantrag oder ein besonderes Geschenk eignet.","_seopress_robots_index":""},"brand":[27089],"product_brand":[],"product_cat":[27139,27121,27237,27127],"product_tag":[],"class_list":{"0":"post-140366","1":"product","2":"type-product","3":"status-publish","4":"has-post-thumbnail","6":"brand-gold-jewellery-de","7":"product_cat-ringe","8":"product_cat-schmuck","9":"product_cat-solitar-ringe","10":"product_cat-verlobungsringe","11":"pa_garantie-12monate","12":"pa_genre-frau","13":"pa_matiere-75018ktgelbgold","14":"pa_pierres-diamant-de","15":"pa_tailledebague-48-de","16":"pa_tailledebague-50-de","17":"pa_tailledebague-52-de","18":"pa_tailledebague-54-de","19":"pa_tailledebague-56-de","20":"pa_typedesertissage-4_grifffassung-de","21":"sales-flash-overlay","22":"woocommerce-text-align-center","23":"woocommerce-image-align-center","24":"do-quantity-buttons","26":"first","27":"instock","28":"taxable","29":"shipping-taxable","30":"purchasable","31":"product-type-variable","32":"has-default-attributes"},"acf":[],"_links":{"self":[{"href":"https:\/\/lediamant.ch\/de\/wp-json\/wp\/v2\/product\/140366","targetHints":{"allow":["GET"]}}],"collection":[{"href":"https:\/\/lediamant.ch\/de\/wp-json\/wp\/v2\/product"}],"about":[{"href":"https:\/\/lediamant.ch\/de\/wp-json\/wp\/v2\/types\/product"}],"wp:featuredmedia":[{"embeddable":true,"href":"https:\/\/lediamant.ch\/de\/wp-json\/wp\/v2\/media\/140359"}],"wp:attachment":[{"href":"https:\/\/lediamant.ch\/de\/wp-json\/wp\/v2\/media?parent=140366"}],"wp:term":[{"taxonomy":"brand","embeddable":true,"href":"https:\/\/lediamant.ch\/de\/wp-json\/wp\/v2\/brand?post=140366"},{"taxonomy":"product_brand","embeddable":true,"href":"https:\/\/lediamant.ch\/de\/wp-json\/wp\/v2\/product_brand?post=140366"},{"taxonomy":"product_cat","embeddable":true,"href":"https:\/\/lediamant.ch\/de\/wp-json\/wp\/v2\/product_cat?post=140366"},{"taxonomy":"product_tag","embeddable":true,"href":"https:\/\/lediamant.ch\/de\/wp-json\/wp\/v2\/product_tag?post=140366"}],"curies":[{"name":"wp","href":"https:\/\/api.w.org\/{rel}","templated":true}]}}