{"id":140380,"date":"2020-03-19T15:17:46","date_gmt":"2020-03-19T14:17:46","guid":{"rendered":"https:\/\/lediamant.ch\/produit\/schmuck-de\/ringe-de\/solitaer-ringe-de\/solitaerring-rosegold-75018-ct-mit-diamant-4-griff-010-ct-h-si\/"},"modified":"2026-04-17T11:32:16","modified_gmt":"2026-04-17T09:32:16","slug":"bague-solitaire-or-rose-75018-ct-avec-diamant-4-griffes-010-ct-h-si","status":"publish","type":"product","link":"https:\/\/lediamant.ch\/de\/schmuck\/140380-solitaerring-rotgold-750-18-kt-diamant-0-10-ct-h-si-4-griff\/","title":{"rendered":"0,10 ct. H Si Solit\u00e4rring Rotgold 750\/18 kt. mit Diamant, 4 Griff"},"content":{"rendered":"<p>Entdecken Sie unseren eleganten Solit\u00e4rring aus 750\/18 Karat Ros\u00e9gold. Dieses raffinierte St\u00fcck ist mit einem funkelnden Diamanten von 0,10 Karat verziert, der von vier Krappen gehalten wird, die seine Brillanz und Klarheit (H, SI) hervorheben. Das zarte Design und der subtile Glanz machen diesen Ring zur perfekten Wahl f\u00fcr eine Verlobung oder ein besonderes Geschenk. Verleihen Sie Ihrer Sammlung einen Hauch von Luxus mit diesem Solit\u00e4rring aus Ros\u00e9gold mit Diamant.<\/p>\n","protected":false},"excerpt":{"rendered":"<p>Entdecken Sie unseren eleganten Solit\u00e4rring aus 750\/18 Karat Ros\u00e9gold. Dieses raffinierte St\u00fcck ist mit einem funkelnden Diamanten von 0,10 Karat verziert, der von vier Krappen gehalten wird, die seine Brillanz und Klarheit (H, SI) hervorheben. Das zarte Design und der subtile Glanz machen diesen Ring zur perfekten Wahl f\u00fcr eine Verlobung oder ein besonderes Geschenk. &#8230; <a title=\"0,10 ct. H Si Solit\u00e4rring Rotgold 750\/18 kt. mit Diamant, 4 Griff\" class=\"read-more\" href=\"https:\/\/lediamant.ch\/de\/schmuck\/140380-solitaerring-rotgold-750-18-kt-diamant-0-10-ct-h-si-4-griff\/\" aria-label=\"Mehr Informationen \u00fcber 0,10 ct. H Si Solit\u00e4rring Rotgold 750\/18 kt. mit Diamant, 4 Griff\">Weiterlesen &#8230;<\/a><\/p>\n","protected":false},"featured_media":227735,"template":"","meta":{"_acf_changed":false,"_seopress_robots_primary_cat":"27237","_seopress_titles_title":"%%post_title%%","_seopress_titles_desc":"Elegant und zart ist unser Solit\u00e4rring aus 750\/18 Kt Rotgold mit einem Diamanten von 0,10 Kt, der sich perfekt f\u00fcr eine Verlobung.","_seopress_robots_index":""},"brand":[41911],"product_brand":[],"product_cat":[42438,27139,27121,27237,27127],"product_tag":[],"class_list":{"0":"post-140380","1":"product","2":"type-product","3":"status-publish","4":"has-post-thumbnail","6":"brand-diamonds-jewellery-de","7":"product_cat-4-griff","8":"product_cat-ringe","9":"product_cat-schmuck","10":"product_cat-solitar-ringe","11":"product_cat-verlobungsringe","12":"pa_garantie-12monate","13":"pa_genre-frau","14":"pa_matiere-75018ktrosegold","15":"pa_pierres-diamant-de","16":"pa_tailledebague-48-de","17":"pa_tailledebague-50-de","18":"pa_tailledebague-52-de","19":"pa_tailledebague-54-de","20":"pa_tailledebague-56-de","21":"pa_tailledebague-58-de","22":"pa_typedesertissage-4_grifffassung-de","23":"sales-flash-overlay","24":"woocommerce-text-align-center","25":"woocommerce-image-align-center","26":"do-quantity-buttons","28":"first","29":"instock","30":"taxable","31":"shipping-taxable","32":"purchasable","33":"product-type-variable","34":"has-default-attributes"},"acf":[],"_links":{"self":[{"href":"https:\/\/lediamant.ch\/de\/wp-json\/wp\/v2\/product\/140380","targetHints":{"allow":["GET"]}}],"collection":[{"href":"https:\/\/lediamant.ch\/de\/wp-json\/wp\/v2\/product"}],"about":[{"href":"https:\/\/lediamant.ch\/de\/wp-json\/wp\/v2\/types\/product"}],"wp:featuredmedia":[{"embeddable":true,"href":"https:\/\/lediamant.ch\/de\/wp-json\/wp\/v2\/media\/227735"}],"wp:attachment":[{"href":"https:\/\/lediamant.ch\/de\/wp-json\/wp\/v2\/media?parent=140380"}],"wp:term":[{"taxonomy":"brand","embeddable":true,"href":"https:\/\/lediamant.ch\/de\/wp-json\/wp\/v2\/brand?post=140380"},{"taxonomy":"product_brand","embeddable":true,"href":"https:\/\/lediamant.ch\/de\/wp-json\/wp\/v2\/product_brand?post=140380"},{"taxonomy":"product_cat","embeddable":true,"href":"https:\/\/lediamant.ch\/de\/wp-json\/wp\/v2\/product_cat?post=140380"},{"taxonomy":"product_tag","embeddable":true,"href":"https:\/\/lediamant.ch\/de\/wp-json\/wp\/v2\/product_tag?post=140380"}],"curies":[{"name":"wp","href":"https:\/\/api.w.org\/{rel}","templated":true}]}}