{"id":140436,"date":"2020-03-19T15:17:46","date_gmt":"2020-03-19T14:17:46","guid":{"rendered":"https:\/\/lediamant.ch\/produit\/schmuck-de\/ringe-de\/solitaer-ringe-de\/solitaerring-rosegold-75018-ct-mit-diamant-4-griff-015-ct-h-si\/"},"modified":"2024-11-06T15:14:57","modified_gmt":"2024-11-06T14:14:57","slug":"bague-solitaire-or-rose-75018-ct-avec-diamant-4-griffes-015-ct-h-si","status":"publish","type":"product","link":"https:\/\/lediamant.ch\/de\/schmuck\/140436-solitaerring-rotgold-750-18-ct-diamant-015-ct-h-si-4-krappen\/","title":{"rendered":"Solit\u00e4rring Rotgold 750\/18 ct. Diamant 0,15 ct. H SI, 4 Krappen"},"content":{"rendered":"<p>Entdecken Sie unseren eleganten Solit\u00e4rring aus 18 Kt Ros\u00e9gold, der von einem Solit\u00e4rdiamanten von 0,15 ct veredelt wird. Dieses zarte Schmuckst\u00fcck wird von vier Krappen gehalten, die den Glanz des Diamanten hervorheben und ihm einen Hauch von Raffinesse verleihen. Die Wahl des Rotgoldes verleiht diesem Ring ein modernes und romantisches Aussehen. Der Diamant in der Qualit\u00e4t H SI bietet eine au\u00dfergew\u00f6hnliche Brillanz, die alle Blicke auf sich ziehen wird. Dieser Solit\u00e4rring ist der perfekte Ausdruck ewiger Liebe und w\u00e4re die perfekte Wahl f\u00fcr einen Heiratsantrag oder ein Jubil\u00e4um.<\/p>\n","protected":false},"excerpt":{"rendered":"<p>Entdecken Sie unseren eleganten Solit\u00e4rring aus 18 Kt Ros\u00e9gold, der von einem Solit\u00e4rdiamanten von 0,15 ct veredelt wird. Dieses zarte Schmuckst\u00fcck wird von vier Krappen gehalten, die den Glanz des Diamanten hervorheben und ihm einen Hauch von Raffinesse verleihen. Die Wahl des Rotgoldes verleiht diesem Ring ein modernes und romantisches Aussehen. Der Diamant in der &#8230; <a title=\"Solit\u00e4rring Rotgold 750\/18 ct. Diamant 0,15 ct. H SI, 4 Krappen\" class=\"read-more\" href=\"https:\/\/lediamant.ch\/de\/schmuck\/140436-solitaerring-rotgold-750-18-ct-diamant-015-ct-h-si-4-krappen\/\" aria-label=\"Mehr Informationen \u00fcber Solit\u00e4rring Rotgold 750\/18 ct. Diamant 0,15 ct. H SI, 4 Krappen\">Weiterlesen &#8230;<\/a><\/p>\n","protected":false},"featured_media":140429,"template":"","meta":{"_acf_changed":false,"_seopress_robots_primary_cat":"27237","_seopress_titles_title":"%%post_title%%","_seopress_titles_desc":"Blenden Sie mit unserem Solit\u00e4rring aus Ros\u00e9gold und einem Diamanten von 0,15 Karat, der sich perfekt f\u00fcr einen Heiratsantrag eignet. Ein Symbol der ewigen Liebe.","_seopress_robots_index":""},"brand":[27089],"product_brand":[],"product_cat":[27139,27121,27237,27127],"product_tag":[],"class_list":{"0":"post-140436","1":"product","2":"type-product","3":"status-publish","4":"has-post-thumbnail","6":"brand-gold-jewellery-de","7":"product_cat-ringe","8":"product_cat-schmuck","9":"product_cat-solitar-ringe","10":"product_cat-verlobungsringe","11":"pa_garantie-12monate","12":"pa_genre-frau","13":"pa_matiere-75018ktrosegold","14":"pa_pierres-diamant-de","15":"pa_tailledebague-48-de","16":"pa_tailledebague-50-de","17":"pa_tailledebague-52-de","18":"pa_tailledebague-54-de","19":"pa_tailledebague-56-de","20":"pa_typedesertissage-4_grifffassung-de","21":"sales-flash-overlay","22":"woocommerce-text-align-center","23":"woocommerce-image-align-center","24":"do-quantity-buttons","26":"first","27":"instock","28":"taxable","29":"shipping-taxable","30":"purchasable","31":"product-type-variable","32":"has-default-attributes"},"acf":[],"_links":{"self":[{"href":"https:\/\/lediamant.ch\/de\/wp-json\/wp\/v2\/product\/140436","targetHints":{"allow":["GET"]}}],"collection":[{"href":"https:\/\/lediamant.ch\/de\/wp-json\/wp\/v2\/product"}],"about":[{"href":"https:\/\/lediamant.ch\/de\/wp-json\/wp\/v2\/types\/product"}],"wp:featuredmedia":[{"embeddable":true,"href":"https:\/\/lediamant.ch\/de\/wp-json\/wp\/v2\/media\/140429"}],"wp:attachment":[{"href":"https:\/\/lediamant.ch\/de\/wp-json\/wp\/v2\/media?parent=140436"}],"wp:term":[{"taxonomy":"brand","embeddable":true,"href":"https:\/\/lediamant.ch\/de\/wp-json\/wp\/v2\/brand?post=140436"},{"taxonomy":"product_brand","embeddable":true,"href":"https:\/\/lediamant.ch\/de\/wp-json\/wp\/v2\/product_brand?post=140436"},{"taxonomy":"product_cat","embeddable":true,"href":"https:\/\/lediamant.ch\/de\/wp-json\/wp\/v2\/product_cat?post=140436"},{"taxonomy":"product_tag","embeddable":true,"href":"https:\/\/lediamant.ch\/de\/wp-json\/wp\/v2\/product_tag?post=140436"}],"curies":[{"name":"wp","href":"https:\/\/api.w.org\/{rel}","templated":true}]}}