{"id":140492,"date":"2020-03-19T15:17:54","date_gmt":"2020-03-19T14:17:54","guid":{"rendered":"https:\/\/lediamant.ch\/produit\/schmuck-de\/ringe-de\/solitaer-ringe-de\/solitaerring-rosegold-75018-ct-mit-diamant-4-griff-020-ct-h-si\/"},"modified":"2026-04-17T10:36:43","modified_gmt":"2026-04-17T08:36:43","slug":"bague-solitaire-or-rose-75018-ct-avec-diamant-4-griffes-020-ct-h-si","status":"publish","type":"product","link":"https:\/\/lediamant.ch\/de\/schmuck\/140492-solitaerring-rosegold-75018-ct-mit-diamant-4-griff-020-ct-h-si\/","title":{"rendered":"0,20 ct. H Si Solit\u00e4rring aus Rotgold 750\/18 kt. mit Diamant, 4 Griff"},"content":{"rendered":"<p>Entdecken Sie unseren eleganten Solit\u00e4rring aus 750\/18 ct Ros\u00e9gold, der Raffinesse und Charme ausstrahlt. Der zentrale Diamant von 0,20 ct wird sorgf\u00e4ltig von vier Krappen gehalten, die f\u00fcr eine au\u00dfergew\u00f6hnliche Brillanz sorgen. Die H-Farbe und die SI-Klarheit des Diamanten garantieren h\u00f6chste Qualit\u00e4t und machen diesen Ring perfekt f\u00fcr einen Heiratsantrag, einen Geburtstag oder einfach nur, um einen besonderen Menschen zu verw\u00f6hnen. Sein zeitloses Design passt perfekt zu jedem Outfit und kann zu jedem Anlass getragen werden.<\/p>\n","protected":false},"excerpt":{"rendered":"<p>Entdecken Sie unseren eleganten Solit\u00e4rring aus 750\/18 ct Ros\u00e9gold, der Raffinesse und Charme ausstrahlt. Der zentrale Diamant von 0,20 ct wird sorgf\u00e4ltig von vier Krappen gehalten, die f\u00fcr eine au\u00dfergew\u00f6hnliche Brillanz sorgen. Die H-Farbe und die SI-Klarheit des Diamanten garantieren h\u00f6chste Qualit\u00e4t und machen diesen Ring perfekt f\u00fcr einen Heiratsantrag, einen Geburtstag oder einfach nur, &#8230; <a title=\"0,20 ct. H Si Solit\u00e4rring aus Rotgold 750\/18 kt. mit Diamant, 4 Griff\" class=\"read-more\" href=\"https:\/\/lediamant.ch\/de\/schmuck\/140492-solitaerring-rosegold-75018-ct-mit-diamant-4-griff-020-ct-h-si\/\" aria-label=\"Mehr Informationen \u00fcber 0,20 ct. H Si Solit\u00e4rring aus Rotgold 750\/18 kt. mit Diamant, 4 Griff\">Weiterlesen &#8230;<\/a><\/p>\n","protected":false},"featured_media":227690,"template":"","meta":{"_acf_changed":false,"_seopress_robots_primary_cat":"27237","_seopress_titles_title":"%%post_title%%","_seopress_titles_desc":"","_seopress_robots_index":""},"brand":[41911],"product_brand":[],"product_cat":[42438,27139,27121,27237,27127],"product_tag":[],"class_list":{"0":"post-140492","1":"product","2":"type-product","3":"status-publish","4":"has-post-thumbnail","6":"brand-diamonds-jewellery-de","7":"product_cat-4-griff","8":"product_cat-ringe","9":"product_cat-schmuck","10":"product_cat-solitar-ringe","11":"product_cat-verlobungsringe","12":"pa_garantie-12monate","13":"pa_genre-frau","14":"pa_matiere-75018ktrosegold","15":"pa_pierres-diamant-de","16":"pa_tailledebague-48-de","17":"pa_tailledebague-50-de","18":"pa_tailledebague-52-de","19":"pa_tailledebague-54-de","20":"pa_tailledebague-56-de","21":"pa_tailledebague-58-de","22":"pa_typedesertissage-4_grifffassung-de","23":"sales-flash-overlay","24":"woocommerce-text-align-center","25":"woocommerce-image-align-center","26":"do-quantity-buttons","28":"first","29":"instock","30":"taxable","31":"shipping-taxable","32":"purchasable","33":"product-type-variable","34":"has-default-attributes"},"acf":[],"_links":{"self":[{"href":"https:\/\/lediamant.ch\/de\/wp-json\/wp\/v2\/product\/140492","targetHints":{"allow":["GET"]}}],"collection":[{"href":"https:\/\/lediamant.ch\/de\/wp-json\/wp\/v2\/product"}],"about":[{"href":"https:\/\/lediamant.ch\/de\/wp-json\/wp\/v2\/types\/product"}],"wp:featuredmedia":[{"embeddable":true,"href":"https:\/\/lediamant.ch\/de\/wp-json\/wp\/v2\/media\/227690"}],"wp:attachment":[{"href":"https:\/\/lediamant.ch\/de\/wp-json\/wp\/v2\/media?parent=140492"}],"wp:term":[{"taxonomy":"brand","embeddable":true,"href":"https:\/\/lediamant.ch\/de\/wp-json\/wp\/v2\/brand?post=140492"},{"taxonomy":"product_brand","embeddable":true,"href":"https:\/\/lediamant.ch\/de\/wp-json\/wp\/v2\/product_brand?post=140492"},{"taxonomy":"product_cat","embeddable":true,"href":"https:\/\/lediamant.ch\/de\/wp-json\/wp\/v2\/product_cat?post=140492"},{"taxonomy":"product_tag","embeddable":true,"href":"https:\/\/lediamant.ch\/de\/wp-json\/wp\/v2\/product_tag?post=140492"}],"curies":[{"name":"wp","href":"https:\/\/api.w.org\/{rel}","templated":true}]}}