{"id":140520,"date":"2020-03-19T15:18:03","date_gmt":"2020-03-19T14:18:03","guid":{"rendered":"https:\/\/lediamant.ch\/produit\/geschenkideen-de\/valentinstag-de\/auswahl-fuer-sie-de\/solitaerring-weissgold-75018-ct-mit-diamant-4-griff-025-ct-h-si\/"},"modified":"2026-04-17T10:19:24","modified_gmt":"2026-04-17T08:19:24","slug":"solitaerring-weissgold-75018-ct-mit-diamant-4-griff-025-ct-h-si","status":"publish","type":"product","link":"https:\/\/lediamant.ch\/de\/schmuck\/140520-solitaerring-weissgold-75018-ct-mit-diamant-4-griff-025-ct-h-si-41056360-g\/","title":{"rendered":"0,25 ct. H Si Solit\u00e4rring Weissgold 750\/18 kt. mit Diamant, 4 Griff"},"content":{"rendered":"<p>Entdecken Sie zeitlose Eleganz mit unserem Solit\u00e4rring aus 750\/18 Kt Wei\u00dfgold, der mit einem wundersch\u00f6nen Diamanten von 0,25 Karat verziert ist, der von vier diskreten Krappen gehalten wird. Der Diamant in der Qualit\u00e4t H SI funkelt mit au\u00dfergew\u00f6hnlicher Brillanz und macht diesen Ring zur perfekten Wahl f\u00fcr einen Heiratsantrag, einen Geburtstag oder einfach nur, um Ihrem Alltag einen Hauch von Luxus zu verleihen. Dieser Ring wurde mit handwerklichem K\u00f6nnen hergestellt und ist eine Erkl\u00e4rung der ewigen Liebe.<\/p>\n<p>&nbsp;<\/p>\n","protected":false},"excerpt":{"rendered":"<p>Entdecken Sie zeitlose Eleganz mit unserem Solit\u00e4rring aus 750\/18 Kt Wei\u00dfgold, der mit einem wundersch\u00f6nen Diamanten von 0,25 Karat verziert ist, der von vier diskreten Krappen gehalten wird. Der Diamant in der Qualit\u00e4t H SI funkelt mit au\u00dfergew\u00f6hnlicher Brillanz und macht diesen Ring zur perfekten Wahl f\u00fcr einen Heiratsantrag, einen Geburtstag oder einfach nur, um &#8230; <a title=\"0,25 ct. H Si Solit\u00e4rring Weissgold 750\/18 kt. mit Diamant, 4 Griff\" class=\"read-more\" href=\"https:\/\/lediamant.ch\/de\/schmuck\/140520-solitaerring-weissgold-75018-ct-mit-diamant-4-griff-025-ct-h-si-41056360-g\/\" aria-label=\"Mehr Informationen \u00fcber 0,25 ct. H Si Solit\u00e4rring Weissgold 750\/18 kt. mit Diamant, 4 Griff\">Weiterlesen &#8230;<\/a><\/p>\n","protected":false},"featured_media":216358,"template":"","meta":{"_acf_changed":false,"_seopress_robots_primary_cat":"27237","_seopress_titles_title":"%%post_title%%","_seopress_titles_desc":"Zeitlose Eleganz: 0,25 kt Diamant-Solit\u00e4rring in 750\/18 Kt Wei\u00dfgold, ideal f\u00fcr Verlobungen oder als luxuri\u00f6ses Geschenk.","_seopress_robots_index":""},"brand":[41911],"product_brand":[],"product_cat":[42438,27139,27121,27237,27127],"product_tag":[],"class_list":{"0":"post-140520","1":"product","2":"type-product","3":"status-publish","4":"has-post-thumbnail","6":"brand-diamonds-jewellery-de","7":"product_cat-4-griff","8":"product_cat-ringe","9":"product_cat-schmuck","10":"product_cat-solitar-ringe","11":"product_cat-verlobungsringe","12":"pa_garantie-12monate","13":"pa_genre-frau","14":"pa_matiere-75018ktweissgold","15":"pa_pierres-diamant-de","16":"pa_tailledebague-48-de","17":"pa_tailledebague-50-de","18":"pa_tailledebague-52-de","19":"pa_tailledebague-54-de","20":"pa_tailledebague-56-de","21":"pa_tailledebague-58-de","22":"pa_typedesertissage-4_grifffassung-de","23":"sales-flash-overlay","24":"woocommerce-text-align-center","25":"woocommerce-image-align-center","26":"do-quantity-buttons","28":"first","29":"instock","30":"taxable","31":"shipping-taxable","32":"purchasable","33":"product-type-variable","34":"has-default-attributes"},"acf":[],"_links":{"self":[{"href":"https:\/\/lediamant.ch\/de\/wp-json\/wp\/v2\/product\/140520","targetHints":{"allow":["GET"]}}],"collection":[{"href":"https:\/\/lediamant.ch\/de\/wp-json\/wp\/v2\/product"}],"about":[{"href":"https:\/\/lediamant.ch\/de\/wp-json\/wp\/v2\/types\/product"}],"wp:featuredmedia":[{"embeddable":true,"href":"https:\/\/lediamant.ch\/de\/wp-json\/wp\/v2\/media\/216358"}],"wp:attachment":[{"href":"https:\/\/lediamant.ch\/de\/wp-json\/wp\/v2\/media?parent=140520"}],"wp:term":[{"taxonomy":"brand","embeddable":true,"href":"https:\/\/lediamant.ch\/de\/wp-json\/wp\/v2\/brand?post=140520"},{"taxonomy":"product_brand","embeddable":true,"href":"https:\/\/lediamant.ch\/de\/wp-json\/wp\/v2\/product_brand?post=140520"},{"taxonomy":"product_cat","embeddable":true,"href":"https:\/\/lediamant.ch\/de\/wp-json\/wp\/v2\/product_cat?post=140520"},{"taxonomy":"product_tag","embeddable":true,"href":"https:\/\/lediamant.ch\/de\/wp-json\/wp\/v2\/product_tag?post=140520"}],"curies":[{"name":"wp","href":"https:\/\/api.w.org\/{rel}","templated":true}]}}