{"id":140534,"date":"2020-03-19T15:18:03","date_gmt":"2020-03-19T14:18:03","guid":{"rendered":"https:\/\/lediamant.ch\/produit\/schmuck-de\/ringe-de\/solitaer-ringe-de\/solitaerring-gelbgold-75018-ct-mit-diamant-4-griff-025-ct-h-si\/"},"modified":"2026-04-17T09:53:49","modified_gmt":"2026-04-17T07:53:49","slug":"solitaerring-gelbgold-75018-ct-mit-diamant-4-griff-025-ct-h-si","status":"publish","type":"product","link":"https:\/\/lediamant.ch\/de\/schmuck\/140534-solitaerring-gelbgold-75018-ct-mit-diamant-4-griff-025-ct-h-si\/","title":{"rendered":"0,25 ct. H Si Solit\u00e4rring Gelbgold 750\/18 kt. mit Diamant, 4 Griff"},"content":{"rendered":"<p>Dieser Solit\u00e4rring aus 750\/18 Kt Gelbgold ist ein wahres Symbol f\u00fcr Eleganz und Raffinesse. Sein schlichtes Design hebt einen funkelnden Diamanten von 0,25 ct hervor, der von vier zarten Krappen gehalten wird. Der Diamant ist von der Qualit\u00e4t H SI und garantiert eine au\u00dfergew\u00f6hnliche Brillanz. Dieser Ring ist die perfekte Wahl f\u00fcr einen Heiratsantrag, einen Hochzeitstag oder einfach nur, um Ihre Liebe auf einzigartige und zeitlose Weise auszudr\u00fccken.<\/p>\n<p>&nbsp;<\/p>\n","protected":false},"excerpt":{"rendered":"<p>Dieser Solit\u00e4rring aus 750\/18 Kt Gelbgold ist ein wahres Symbol f\u00fcr Eleganz und Raffinesse. Sein schlichtes Design hebt einen funkelnden Diamanten von 0,25 ct hervor, der von vier zarten Krappen gehalten wird. Der Diamant ist von der Qualit\u00e4t H SI und garantiert eine au\u00dfergew\u00f6hnliche Brillanz. Dieser Ring ist die perfekte Wahl f\u00fcr einen Heiratsantrag, einen &#8230; <a title=\"0,25 ct. H Si Solit\u00e4rring Gelbgold 750\/18 kt. mit Diamant, 4 Griff\" class=\"read-more\" href=\"https:\/\/lediamant.ch\/de\/schmuck\/140534-solitaerring-gelbgold-75018-ct-mit-diamant-4-griff-025-ct-h-si\/\" aria-label=\"Mehr Informationen \u00fcber 0,25 ct. H Si Solit\u00e4rring Gelbgold 750\/18 kt. mit Diamant, 4 Griff\">Weiterlesen &#8230;<\/a><\/p>\n","protected":false},"featured_media":216366,"template":"","meta":{"_acf_changed":false,"_seopress_robots_primary_cat":"27237","_seopress_titles_title":"%%post_title%%","_seopress_titles_desc":"Entdecken Sie den Zauber dieses 18 ct Gelbgold Solit\u00e4rrings mit einem funkelnden 0,25 ct Diamanten \u2013 perfekt f\u00fcr besondere Anl\u00e4sse.","_seopress_robots_index":""},"brand":[41911],"product_brand":[],"product_cat":[42438,27121,27139,27237,27127],"product_tag":[],"class_list":{"0":"post-140534","1":"product","2":"type-product","3":"status-publish","4":"has-post-thumbnail","6":"brand-diamonds-jewellery-de","7":"product_cat-4-griff","8":"product_cat-schmuck","9":"product_cat-ringe","10":"product_cat-solitar-ringe","11":"product_cat-verlobungsringe","12":"pa_garantie-12monate","13":"pa_genre-frau","14":"pa_matiere-75018ktgelbgold","15":"pa_pierres-diamant-de","16":"pa_tailledebague-48-de","17":"pa_tailledebague-50-de","18":"pa_tailledebague-52-de","19":"pa_tailledebague-54-de","20":"pa_tailledebague-56-de","21":"pa_tailledebague-58-de","22":"pa_typedesertissage-4_grifffassung-de","23":"sales-flash-overlay","24":"woocommerce-text-align-center","25":"woocommerce-image-align-center","26":"do-quantity-buttons","28":"first","29":"instock","30":"taxable","31":"shipping-taxable","32":"purchasable","33":"product-type-variable","34":"has-default-attributes"},"acf":[],"_links":{"self":[{"href":"https:\/\/lediamant.ch\/de\/wp-json\/wp\/v2\/product\/140534","targetHints":{"allow":["GET"]}}],"collection":[{"href":"https:\/\/lediamant.ch\/de\/wp-json\/wp\/v2\/product"}],"about":[{"href":"https:\/\/lediamant.ch\/de\/wp-json\/wp\/v2\/types\/product"}],"wp:featuredmedia":[{"embeddable":true,"href":"https:\/\/lediamant.ch\/de\/wp-json\/wp\/v2\/media\/216366"}],"wp:attachment":[{"href":"https:\/\/lediamant.ch\/de\/wp-json\/wp\/v2\/media?parent=140534"}],"wp:term":[{"taxonomy":"brand","embeddable":true,"href":"https:\/\/lediamant.ch\/de\/wp-json\/wp\/v2\/brand?post=140534"},{"taxonomy":"product_brand","embeddable":true,"href":"https:\/\/lediamant.ch\/de\/wp-json\/wp\/v2\/product_brand?post=140534"},{"taxonomy":"product_cat","embeddable":true,"href":"https:\/\/lediamant.ch\/de\/wp-json\/wp\/v2\/product_cat?post=140534"},{"taxonomy":"product_tag","embeddable":true,"href":"https:\/\/lediamant.ch\/de\/wp-json\/wp\/v2\/product_tag?post=140534"}],"curies":[{"name":"wp","href":"https:\/\/api.w.org\/{rel}","templated":true}]}}