{"id":140590,"date":"2020-03-19T15:18:11","date_gmt":"2020-03-19T14:18:11","guid":{"rendered":"https:\/\/lediamant.ch\/produit\/schmuck-de\/ringe-de\/solitaer-ringe-de\/solitaerring-gelbgold-75018-ct-mit-diamant-4-griff-030-ct-h-si\/"},"modified":"2026-04-16T18:21:49","modified_gmt":"2026-04-16T16:21:49","slug":"solitaerring-gelbgold-75018-ct-mit-diamant-4-griff-030-ct-h-si","status":"publish","type":"product","link":"https:\/\/lediamant.ch\/de\/schmuck\/140590-solitaerring-gelbgold-75018-ct-mit-diamant-4-griff-030-ct-h-si\/","title":{"rendered":"0,30 ct. H Si Solit\u00e4rring Gelbgold 750\/18 kt. mit Diamant, 4 Griff"},"content":{"rendered":"<p>Entdecken Sie zeitlose Eleganz mit unserem Solit\u00e4rring aus 750\/18 Karat Gelbgold. Dieses raffinierte St\u00fcck ist mit einem funkelnden Diamanten von 0,30 ct verziert, der von vier zarten Krappen gehalten wird, um den Stein optimal zur Geltung zu bringen. Die Qualit\u00e4t des Diamanten ist mit H SI klassifiziert und garantiert eine sch\u00f6ne Leuchtkraft. Dieser schlichte und doch raffinierte Ring ist die perfekte Wahl f\u00fcr einen Heiratsantrag, einen Geburtstag oder einfach nur, um Ihrer Schmucksammlung einen Hauch von Luxus zu verleihen.<\/p>\n<p>&nbsp;<\/p>\n","protected":false},"excerpt":{"rendered":"<p>Entdecken Sie zeitlose Eleganz mit unserem Solit\u00e4rring aus 750\/18 Karat Gelbgold. Dieses raffinierte St\u00fcck ist mit einem funkelnden Diamanten von 0,30 ct verziert, der von vier zarten Krappen gehalten wird, um den Stein optimal zur Geltung zu bringen. Die Qualit\u00e4t des Diamanten ist mit H SI klassifiziert und garantiert eine sch\u00f6ne Leuchtkraft. Dieser schlichte und &#8230; <a title=\"0,30 ct. H Si Solit\u00e4rring Gelbgold 750\/18 kt. mit Diamant, 4 Griff\" class=\"read-more\" href=\"https:\/\/lediamant.ch\/de\/schmuck\/140590-solitaerring-gelbgold-75018-ct-mit-diamant-4-griff-030-ct-h-si\/\" aria-label=\"Mehr Informationen \u00fcber 0,30 ct. H Si Solit\u00e4rring Gelbgold 750\/18 kt. mit Diamant, 4 Griff\">Weiterlesen &#8230;<\/a><\/p>\n","protected":false},"featured_media":227656,"template":"","meta":{"_acf_changed":false,"_seopress_robots_primary_cat":"27237","_seopress_titles_title":"%%post_title%%","_seopress_titles_desc":"Einzigartiger 0,30 ct Solit\u00e4rring aus 18K Gelbgold, perfekt f\u00fcr besondere Anl\u00e4sse. Verleihen Sie Ihrer Liebe Ausdruck mit Eleganz.","_seopress_robots_index":""},"brand":[27089],"product_brand":[],"product_cat":[42438,27139,27121,27237,27127],"product_tag":[],"class_list":{"0":"post-140590","1":"product","2":"type-product","3":"status-publish","4":"has-post-thumbnail","6":"brand-gold-jewellery-de","7":"product_cat-4-griff","8":"product_cat-ringe","9":"product_cat-schmuck","10":"product_cat-solitar-ringe","11":"product_cat-verlobungsringe","12":"pa_garantie-12monate","13":"pa_genre-frau","14":"pa_matiere-75018ktgelbgold","15":"pa_pierres-diamant-de","16":"pa_tailledebague-48-de","17":"pa_tailledebague-50-de","18":"pa_tailledebague-52-de","19":"pa_tailledebague-54-de","20":"pa_tailledebague-56-de","21":"pa_tailledebague-58-de","22":"pa_typedesertissage-4_grifffassung-de","23":"sales-flash-overlay","24":"woocommerce-text-align-center","25":"woocommerce-image-align-center","26":"do-quantity-buttons","28":"first","29":"instock","30":"taxable","31":"shipping-taxable","32":"purchasable","33":"product-type-variable","34":"has-default-attributes"},"acf":[],"_links":{"self":[{"href":"https:\/\/lediamant.ch\/de\/wp-json\/wp\/v2\/product\/140590","targetHints":{"allow":["GET"]}}],"collection":[{"href":"https:\/\/lediamant.ch\/de\/wp-json\/wp\/v2\/product"}],"about":[{"href":"https:\/\/lediamant.ch\/de\/wp-json\/wp\/v2\/types\/product"}],"wp:featuredmedia":[{"embeddable":true,"href":"https:\/\/lediamant.ch\/de\/wp-json\/wp\/v2\/media\/227656"}],"wp:attachment":[{"href":"https:\/\/lediamant.ch\/de\/wp-json\/wp\/v2\/media?parent=140590"}],"wp:term":[{"taxonomy":"brand","embeddable":true,"href":"https:\/\/lediamant.ch\/de\/wp-json\/wp\/v2\/brand?post=140590"},{"taxonomy":"product_brand","embeddable":true,"href":"https:\/\/lediamant.ch\/de\/wp-json\/wp\/v2\/product_brand?post=140590"},{"taxonomy":"product_cat","embeddable":true,"href":"https:\/\/lediamant.ch\/de\/wp-json\/wp\/v2\/product_cat?post=140590"},{"taxonomy":"product_tag","embeddable":true,"href":"https:\/\/lediamant.ch\/de\/wp-json\/wp\/v2\/product_tag?post=140590"}],"curies":[{"name":"wp","href":"https:\/\/api.w.org\/{rel}","templated":true}]}}