{"id":142102,"date":"2020-03-19T15:21:12","date_gmt":"2020-03-19T14:21:12","guid":{"rendered":"https:\/\/lediamant.ch\/produit\/schmuck-de\/ringe-de\/solitaer-ringe-de\/solitaerring-gelbgold-75018-ct-mit-diamant-005-ct-h-si-4-griff\/"},"modified":"2026-02-13T16:20:03","modified_gmt":"2026-02-13T15:20:03","slug":"bague-solitaire-or-jaune-75018-ct-diamant-005-ct-h-si-4-griffes","status":"publish","type":"product","link":"https:\/\/lediamant.ch\/de\/schmuck\/142102-solitaerring-gelbgold-750-18-ct-diamant-0-05-ct-h-si-4-griff-41056320-j\/","title":{"rendered":"0,05 ct. H Si Diamant Solit\u00e4rring aus Gelbgold 750\/18 kt. 4 Griff"},"content":{"rendered":"<p>Entdecken Sie unseren wundersch\u00f6nen Solit\u00e4rring, ein zeitloses Schmuckst\u00fcck, das Eleganz und Raffinesse verk\u00f6rpert. Der Ring ist aus 750\/18 ct Gelbgold gefertigt, einem hochwertigen Material, das f\u00fcr Haltbarkeit und lang anhaltenden Glanz sorgt. Er ist mit einem brillanten Diamanten von 0,05 ct in H\/SI Qualit\u00e4t verziert, der von vier Krappen gehalten wird, um eine optimale Sicherheit zu gew\u00e4hrleisten. Dieser Solit\u00e4rring ist die perfekte Wahl f\u00fcr einen Heiratsantrag oder zur Feier eines besonderen Jubil\u00e4ums. Er ist eine wahre Liebeserkl\u00e4rung und Hingabe, die \u00fcber Jahre hinweg gesch\u00e4tzt wird.<\/p>\n","protected":false},"excerpt":{"rendered":"<p>Entdecken Sie unseren wundersch\u00f6nen Solit\u00e4rring, ein zeitloses Schmuckst\u00fcck, das Eleganz und Raffinesse verk\u00f6rpert. Der Ring ist aus 750\/18 ct Gelbgold gefertigt, einem hochwertigen Material, das f\u00fcr Haltbarkeit und lang anhaltenden Glanz sorgt. Er ist mit einem brillanten Diamanten von 0,05 ct in H\/SI Qualit\u00e4t verziert, der von vier Krappen gehalten wird, um eine optimale Sicherheit &#8230; <a title=\"0,05 ct. H Si Diamant Solit\u00e4rring aus Gelbgold 750\/18 kt. 4 Griff\" class=\"read-more\" href=\"https:\/\/lediamant.ch\/de\/schmuck\/142102-solitaerring-gelbgold-750-18-ct-diamant-0-05-ct-h-si-4-griff-41056320-j\/\" aria-label=\"Mehr Informationen \u00fcber 0,05 ct. H Si Diamant Solit\u00e4rring aus Gelbgold 750\/18 kt. 4 Griff\">Weiterlesen &#8230;<\/a><\/p>\n","protected":false},"featured_media":216482,"template":"","meta":{"_acf_changed":false,"_seopress_robots_primary_cat":"27237","_seopress_titles_title":"","_seopress_titles_desc":"Entdecken Sie zeitlose Eleganz mit unserem Solit\u00e4rring aus 18 Karat Gelbgold und einem Diamanten von 0,05 ct. Ein klassisches und raffiniertes Schmuckst\u00fcck.","_seopress_robots_index":""},"brand":[27089],"product_brand":[],"product_cat":[42438,27139,27121,27237,27127],"product_tag":[],"class_list":{"0":"post-142102","1":"product","2":"type-product","3":"status-publish","4":"has-post-thumbnail","6":"brand-gold-jewellery-de","7":"product_cat-4-griff","8":"product_cat-ringe","9":"product_cat-schmuck","10":"product_cat-solitar-ringe","11":"product_cat-verlobungsringe","12":"pa_garantie-12monate","13":"pa_genre-frau","14":"pa_matiere-75018ktgelbgold","15":"pa_pierres-diamant-de","16":"pa_tailledebague-48-de","17":"pa_tailledebague-50-de","18":"pa_tailledebague-52-de","19":"pa_tailledebague-54-de","20":"pa_tailledebague-56-de","21":"pa_tailledebague-58-de","22":"pa_typedesertissage-4_grifffassung-de","23":"sales-flash-overlay","24":"woocommerce-text-align-center","25":"woocommerce-image-align-center","26":"do-quantity-buttons","28":"first","29":"instock","30":"taxable","31":"shipping-taxable","32":"purchasable","33":"product-type-variable","34":"has-default-attributes"},"acf":[],"_links":{"self":[{"href":"https:\/\/lediamant.ch\/de\/wp-json\/wp\/v2\/product\/142102","targetHints":{"allow":["GET"]}}],"collection":[{"href":"https:\/\/lediamant.ch\/de\/wp-json\/wp\/v2\/product"}],"about":[{"href":"https:\/\/lediamant.ch\/de\/wp-json\/wp\/v2\/types\/product"}],"wp:featuredmedia":[{"embeddable":true,"href":"https:\/\/lediamant.ch\/de\/wp-json\/wp\/v2\/media\/216482"}],"wp:attachment":[{"href":"https:\/\/lediamant.ch\/de\/wp-json\/wp\/v2\/media?parent=142102"}],"wp:term":[{"taxonomy":"brand","embeddable":true,"href":"https:\/\/lediamant.ch\/de\/wp-json\/wp\/v2\/brand?post=142102"},{"taxonomy":"product_brand","embeddable":true,"href":"https:\/\/lediamant.ch\/de\/wp-json\/wp\/v2\/product_brand?post=142102"},{"taxonomy":"product_cat","embeddable":true,"href":"https:\/\/lediamant.ch\/de\/wp-json\/wp\/v2\/product_cat?post=142102"},{"taxonomy":"product_tag","embeddable":true,"href":"https:\/\/lediamant.ch\/de\/wp-json\/wp\/v2\/product_tag?post=142102"}],"curies":[{"name":"wp","href":"https:\/\/api.w.org\/{rel}","templated":true}]}}